{"id":2407,"date":"2025-02-11T13:32:59","date_gmt":"2025-02-11T11:32:59","guid":{"rendered":"https:\/\/www.futurewearableslab.fi\/?page_id=2407"},"modified":"2025-02-11T13:33:00","modified_gmt":"2025-02-11T11:33:00","slug":"pilotti-deafmetal-2","status":"publish","type":"page","link":"https:\/\/www.futurewearableslab.fi\/fi\/pilotti-deafmetal-2\/","title":{"rendered":"Pilotti &#8211; Deafmetal"},"content":{"rendered":"<p>\u00c4lykkyydest\u00e4 uutta vastuullista muotoilua, muotia, osaamista ja liiketoimintaa -hankkeessa toteutettiin pilotteja kantah\u00e4m\u00e4l\u00e4isten muotoilu- ja muotialan toimijoiden kanssa. Pilottien tarkoituksena oli tuoda esille digitalisaation tuomia mahdollisuuksia toimijoille. Digitalisaation avulla toimijat saavat uudenlaisia ideoita liiketoimintansa kehitt\u00e4miseen. T\u00e4m\u00e4n avulla he voivat erottua markkinoilla, tuoda tuotteitaan ja palveluitaan uudenlaisella tavalla esille ja tarjota asiakkailleen el\u00e4myksi\u00e4 ja helpottaa ostop\u00e4\u00e4t\u00f6ksen tekemist\u00e4.<\/p>\n\n\n\n<figure class=\"wp-block-image aligncenter size-full\"><img loading=\"lazy\" decoding=\"async\" width=\"538\" height=\"538\" src=\"https:\/\/www.futurewearableslab.fi\/wp-content\/uploads\/2024\/11\/Deafmetal_3D_GIF.gif\" alt=\"\" class=\"wp-image-2033\"\/><\/figure>\n\n\n\n<p>Pilotissa toteutettiin hankkeen ja Deafmetalin kanssa yhteisty\u00f6ss\u00e4 yrityksen valikoimassa olevista kuulolaitekoruista 3D-mallinnuksia. Mallinnuksia hy\u00f6dynnettiin virtuaalisessa sovituksessa, jossa asiakas voi kokeilla itselleen kuulolaitekoruja, vaihtaa niiden ketjujen pituutta sek\u00e4 v\u00e4ri\u00e4. Virtuaalisella sovituksella mahdollistetaan ostop\u00e4\u00e4t\u00f6ksen helpottuminen asiakkaalle. Samalla v\u00e4hennet\u00e4\u00e4n tuotteiden palautuksia, sill\u00e4 asiakas on voinut varmistua tuotteiden sopivuudesta itselleen jo ennen ostop\u00e4\u00e4t\u00f6ksen tekemist\u00e4. Pilotti toteutettiin viem\u00e4ll\u00e4 virtuaalisovitus filtteriksi Snapchat -sovellukseen. K\u00e4ytt\u00e4j\u00e4n omalla mobiililaitteella ladatun Snapchat -sovelluksen avulla pilotin tuloksia voi kokeilla itselleen alla olevista koodeista. <\/p>\n\n\n\n<div class=\"wp-block-columns is-layout-flex wp-container-core-columns-is-layout-28f84493 wp-block-columns-is-layout-flex\">\n<div class=\"wp-block-column is-layout-flow wp-block-column-is-layout-flow\" style=\"flex-basis:100%\">\n<div class=\"wp-block-group is-layout-constrained wp-block-group-is-layout-constrained\"><div class=\"wp-block-group__inner-container\">\n<div class=\"wp-block-columns is-layout-flex wp-container-core-columns-is-layout-28f84493 wp-block-columns-is-layout-flex\">\n<div class=\"wp-block-column is-layout-flow wp-block-column-is-layout-flow\" style=\"flex-basis:100%\">\n<figure class=\"wp-block-image\"><img loading=\"lazy\" decoding=\"async\" width=\"320\" height=\"320\" src=\"https:\/\/www.futurewearableslab.fi\/wp-content\/uploads\/2024\/11\/Deafmetal-black-chain.png\" alt=\"\" class=\"wp-image-2024\" srcset=\"https:\/\/www.futurewearableslab.fi\/wp-content\/uploads\/2024\/11\/Deafmetal-black-chain.png 320w, https:\/\/www.futurewearableslab.fi\/wp-content\/uploads\/2024\/11\/Deafmetal-black-chain-300x300.png 300w, https:\/\/www.futurewearableslab.fi\/wp-content\/uploads\/2024\/11\/Deafmetal-black-chain-150x150.png 150w, https:\/\/www.futurewearableslab.fi\/wp-content\/uploads\/2024\/11\/Deafmetal-black-chain-12x12.png 12w\" sizes=\"auto, (max-width: 320px) 100vw, 320px\" \/><figcaption class=\"wp-element-caption\">kuulolaitekoru mustalla ketjulla<\/figcaption><\/figure>\n\n\n\n<figure class=\"wp-block-image\"><img loading=\"lazy\" decoding=\"async\" width=\"320\" height=\"320\" src=\"https:\/\/www.futurewearableslab.fi\/wp-content\/uploads\/2024\/11\/Deafmetal-golden-chain.png\" alt=\"\" class=\"wp-image-2025\" srcset=\"https:\/\/www.futurewearableslab.fi\/wp-content\/uploads\/2024\/11\/Deafmetal-golden-chain.png 320w, https:\/\/www.futurewearableslab.fi\/wp-content\/uploads\/2024\/11\/Deafmetal-golden-chain-300x300.png 300w, https:\/\/www.futurewearableslab.fi\/wp-content\/uploads\/2024\/11\/Deafmetal-golden-chain-150x150.png 150w, https:\/\/www.futurewearableslab.fi\/wp-content\/uploads\/2024\/11\/Deafmetal-golden-chain-12x12.png 12w\" sizes=\"auto, (max-width: 320px) 100vw, 320px\" \/><figcaption class=\"wp-element-caption\">kuulolaitekoru kultaisella ketjulla<\/figcaption><\/figure>\n\n\n\n<figure class=\"wp-block-image\"><img loading=\"lazy\" decoding=\"async\" width=\"320\" height=\"320\" src=\"https:\/\/www.futurewearableslab.fi\/wp-content\/uploads\/2024\/11\/Deafmetal-silver-chain.png\" alt=\"\" class=\"wp-image-2026\" srcset=\"https:\/\/www.futurewearableslab.fi\/wp-content\/uploads\/2024\/11\/Deafmetal-silver-chain.png 320w, https:\/\/www.futurewearableslab.fi\/wp-content\/uploads\/2024\/11\/Deafmetal-silver-chain-300x300.png 300w, https:\/\/www.futurewearableslab.fi\/wp-content\/uploads\/2024\/11\/Deafmetal-silver-chain-150x150.png 150w, https:\/\/www.futurewearableslab.fi\/wp-content\/uploads\/2024\/11\/Deafmetal-silver-chain-12x12.png 12w\" sizes=\"auto, (max-width: 320px) 100vw, 320px\" \/><figcaption class=\"wp-element-caption\">kuulolaitekoru hopeisella ketjulla<\/figcaption><\/figure>\n<\/div>\n<\/div>\n<\/div><\/div>\n<\/div>\n<\/div>","protected":false},"excerpt":{"rendered":"<p>\u00c4lykkyydest\u00e4 uutta vastuullista muotoilua, muotia, osaamista ja liiketoimintaa -hankkeessa toteutettiin pilotteja kantah\u00e4m\u00e4l\u00e4isten muotoilu- ja muotialan toimijoiden kanssa. Pilottien tarkoituksena oli tuoda esille digitalisaation tuomia mahdollisuuksia toimijoille. Digitalisaation avulla toimijat saavat uudenlaisia ideoita liiketoimintansa kehitt\u00e4miseen. T\u00e4m\u00e4n avulla he voivat erottua markkinoilla, tuoda tuotteitaan ja palveluitaan uudenlaisella tavalla esille ja tarjota asiakkailleen el\u00e4myksi\u00e4 ja helpottaa ostop\u00e4\u00e4t\u00f6ksen tekemist\u00e4. [&hellip;]<\/p>","protected":false},"author":1,"featured_media":0,"parent":0,"menu_order":0,"comment_status":"closed","ping_status":"closed","template":"","meta":{"_eb_attr":"","site-sidebar-layout":"default","site-content-layout":"","ast-site-content-layout":"default","site-content-style":"default","site-sidebar-style":"default","ast-global-header-display":"","ast-banner-title-visibility":"","ast-main-header-display":"","ast-hfb-above-header-display":"","ast-hfb-below-header-display":"","ast-hfb-mobile-header-display":"","site-post-title":"","ast-breadcrumbs-content":"","ast-featured-img":"","footer-sml-layout":"","theme-transparent-header-meta":"","adv-header-id-meta":"","stick-header-meta":"","header-above-stick-meta":"","header-main-stick-meta":"","header-below-stick-meta":"","astra-migrate-meta-layouts":"set","ast-page-background-enabled":"default","ast-page-background-meta":{"desktop":{"background-color":"var(--ast-global-color-4)","background-image":"","background-repeat":"repeat","background-position":"center center","background-size":"auto","background-attachment":"scroll","background-type":"","background-media":"","overlay-type":"","overlay-color":"","overlay-opacity":"","overlay-gradient":""},"tablet":{"background-color":"","background-image":"","background-repeat":"repeat","background-position":"center center","background-size":"auto","background-attachment":"scroll","background-type":"","background-media":"","overlay-type":"","overlay-color":"","overlay-opacity":"","overlay-gradient":""},"mobile":{"background-color":"","background-image":"","background-repeat":"repeat","background-position":"center center","background-size":"auto","background-attachment":"scroll","background-type":"","background-media":"","overlay-type":"","overlay-color":"","overlay-opacity":"","overlay-gradient":""}},"ast-content-background-meta":{"desktop":{"background-color":"var(--ast-global-color-5)","background-image":"","background-repeat":"repeat","background-position":"center center","background-size":"auto","background-attachment":"scroll","background-type":"","background-media":"","overlay-type":"","overlay-color":"","overlay-opacity":"","overlay-gradient":""},"tablet":{"background-color":"var(--ast-global-color-5)","background-image":"","background-repeat":"repeat","background-position":"center center","background-size":"auto","background-attachment":"scroll","background-type":"","background-media":"","overlay-type":"","overlay-color":"","overlay-opacity":"","overlay-gradient":""},"mobile":{"background-color":"var(--ast-global-color-5)","background-image":"","background-repeat":"repeat","background-position":"center center","background-size":"auto","background-attachment":"scroll","background-type":"","background-media":"","overlay-type":"","overlay-color":"","overlay-opacity":"","overlay-gradient":""}},"footnotes":""},"class_list":["post-2407","page","type-page","status-publish","hentry"],"_links":{"self":[{"href":"https:\/\/www.futurewearableslab.fi\/fi\/wp-json\/wp\/v2\/pages\/2407","targetHints":{"allow":["GET"]}}],"collection":[{"href":"https:\/\/www.futurewearableslab.fi\/fi\/wp-json\/wp\/v2\/pages"}],"about":[{"href":"https:\/\/www.futurewearableslab.fi\/fi\/wp-json\/wp\/v2\/types\/page"}],"author":[{"embeddable":true,"href":"https:\/\/www.futurewearableslab.fi\/fi\/wp-json\/wp\/v2\/users\/1"}],"replies":[{"embeddable":true,"href":"https:\/\/www.futurewearableslab.fi\/fi\/wp-json\/wp\/v2\/comments?post=2407"}],"version-history":[{"count":1,"href":"https:\/\/www.futurewearableslab.fi\/fi\/wp-json\/wp\/v2\/pages\/2407\/revisions"}],"predecessor-version":[{"id":2408,"href":"https:\/\/www.futurewearableslab.fi\/fi\/wp-json\/wp\/v2\/pages\/2407\/revisions\/2408"}],"wp:attachment":[{"href":"https:\/\/www.futurewearableslab.fi\/fi\/wp-json\/wp\/v2\/media?parent=2407"}],"curies":[{"name":"wp","href":"https:\/\/api.w.org\/{rel}","templated":true}]}}