{"id":2404,"date":"2025-02-11T13:32:04","date_gmt":"2025-02-11T11:32:04","guid":{"rendered":"https:\/\/www.futurewearableslab.fi\/?page_id=2404"},"modified":"2025-02-11T13:32:05","modified_gmt":"2025-02-11T11:32:05","slug":"pilotti-rykkeri","status":"publish","type":"page","link":"https:\/\/www.futurewearableslab.fi\/fi\/pilotti-rykkeri\/","title":{"rendered":"Pilotti &#8211; Rykkeri"},"content":{"rendered":"<p>\u00c4lykkyydest\u00e4 uutta vastuullista muotoilua, muotia, osaamista ja liiketoimintaa -hankkeessa toteutettiin pilotteja kantah\u00e4m\u00e4l\u00e4isten muotoilu- ja muotialan toimijoiden kanssa. Pilottien tarkoituksena oli tuoda esille digitalisaation tuomia mahdollisuuksia toimijoille. Digitalisaation avulla toimijat saavat uudenlaisia ideoita liiketoimintansa kehitt\u00e4miseen. T\u00e4m\u00e4n avulla he voivat erottua markkinoilla, tuoda tuotteitaan ja palveluitaan uudenlaisella tavalla esille ja tarjota asiakkailleen el\u00e4myksi\u00e4 ja helpottaa ostop\u00e4\u00e4t\u00f6ksen tekemist\u00e4. <\/p>\n\n\n\n<figure class=\"wp-block-image aligncenter size-full is-resized\"><img loading=\"lazy\" decoding=\"async\" width=\"1000\" height=\"1000\" src=\"https:\/\/www.futurewearableslab.fi\/wp-content\/uploads\/2024\/06\/Mekko_Markkinointimateriaali.gif\" alt=\"\" class=\"wp-image-1931\" style=\"width:676px;height:auto\"\/><\/figure>\n\n\n\n<p>Pilotissa toteutettiin hankkeen ja Rykkerin yhteisty\u00f6ss\u00e4 yrityksen valikoimassa olevasta mekosta 3D-mallinnos. Mallinnokseen mahdollistettiin sen r\u00e4\u00e4t\u00e4l\u00f6inti v\u00e4rien ja kuosien osilta. Pilotti toteutettiin hy\u00f6dynt\u00e4m\u00e4ll\u00e4 Figma -ohjelmistoa ja havainnollistamalla siin\u00e4 yrityksen verkkosivuja mukaillen asiakkaan polkua ja tuotteen r\u00e4\u00e4t\u00e4l\u00f6intimahdollisuutta ennalta m\u00e4\u00e4riteltyjen v\u00e4rivaihtoehtojen ja kuosien osilta. <br><br>Pilottia ja sen toimintoja voi kokeilla<strong> <a href=\"https:\/\/www.figma.com\/proto\/1YT3mOwEgKB8r3L6izt2a0\/Rykkeri?page-id=0%3A1&amp;type=design&amp;node-id=16-34&amp;viewport=-51%2C-1891%2C1.11&amp;t=jgPW0vcCH1N78lUo-1&amp;scaling=contain&amp;starting-point-node-id=16%3A2\" target=\"_blank\" rel=\"noreferrer noopener\">Figmassa T\u00c4ST\u00c4<\/a><\/strong><a href=\"https:\/\/www.figma.com\/proto\/1YT3mOwEgKB8r3L6izt2a0\/Rykkeri?page-id=0%3A1&amp;type=design&amp;node-id=16-34&amp;viewport=-51%2C-1891%2C1.11&amp;t=jgPW0vcCH1N78lUo-1&amp;scaling=contain&amp;starting-point-node-id=16%3A2\" target=\"_blank\" rel=\"noreferrer noopener\">.<\/a><\/p>\n\n\n\n<figure class=\"wp-block-image aligncenter size-large is-resized\"><img loading=\"lazy\" decoding=\"async\" width=\"1024\" height=\"987\" src=\"https:\/\/www.futurewearableslab.fi\/wp-content\/uploads\/2024\/06\/Figma_kuva_Rykkeri-1024x987.png\" alt=\"\" class=\"wp-image-1937\" style=\"width:776px;height:auto\" srcset=\"https:\/\/www.futurewearableslab.fi\/wp-content\/uploads\/2024\/06\/Figma_kuva_Rykkeri-1024x987.png 1024w, https:\/\/www.futurewearableslab.fi\/wp-content\/uploads\/2024\/06\/Figma_kuva_Rykkeri-300x289.png 300w, https:\/\/www.futurewearableslab.fi\/wp-content\/uploads\/2024\/06\/Figma_kuva_Rykkeri-768x740.png 768w, https:\/\/www.futurewearableslab.fi\/wp-content\/uploads\/2024\/06\/Figma_kuva_Rykkeri-1536x1480.png 1536w, https:\/\/www.futurewearableslab.fi\/wp-content\/uploads\/2024\/06\/Figma_kuva_Rykkeri-12x12.png 12w, https:\/\/www.futurewearableslab.fi\/wp-content\/uploads\/2024\/06\/Figma_kuva_Rykkeri.png 1654w\" sizes=\"auto, (max-width: 1024px) 100vw, 1024px\" \/><\/figure>","protected":false},"excerpt":{"rendered":"<p>\u00c4lykkyydest\u00e4 uutta vastuullista muotoilua, muotia, osaamista ja liiketoimintaa -hankkeessa toteutettiin pilotteja kantah\u00e4m\u00e4l\u00e4isten muotoilu- ja muotialan toimijoiden kanssa. Pilottien tarkoituksena oli tuoda esille digitalisaation tuomia mahdollisuuksia toimijoille. Digitalisaation avulla toimijat saavat uudenlaisia ideoita liiketoimintansa kehitt\u00e4miseen. T\u00e4m\u00e4n avulla he voivat erottua markkinoilla, tuoda tuotteitaan ja palveluitaan uudenlaisella tavalla esille ja tarjota asiakkailleen el\u00e4myksi\u00e4 ja helpottaa ostop\u00e4\u00e4t\u00f6ksen tekemist\u00e4. [&hellip;]<\/p>","protected":false},"author":1,"featured_media":0,"parent":0,"menu_order":0,"comment_status":"closed","ping_status":"closed","template":"","meta":{"_eb_attr":"","site-sidebar-layout":"default","site-content-layout":"","ast-site-content-layout":"default","site-content-style":"default","site-sidebar-style":"default","ast-global-header-display":"","ast-banner-title-visibility":"","ast-main-header-display":"","ast-hfb-above-header-display":"","ast-hfb-below-header-display":"","ast-hfb-mobile-header-display":"","site-post-title":"","ast-breadcrumbs-content":"","ast-featured-img":"","footer-sml-layout":"","theme-transparent-header-meta":"","adv-header-id-meta":"","stick-header-meta":"","header-above-stick-meta":"","header-main-stick-meta":"","header-below-stick-meta":"","astra-migrate-meta-layouts":"set","ast-page-background-enabled":"default","ast-page-background-meta":{"desktop":{"background-color":"var(--ast-global-color-4)","background-image":"","background-repeat":"repeat","background-position":"center center","background-size":"auto","background-attachment":"scroll","background-type":"","background-media":"","overlay-type":"","overlay-color":"","overlay-opacity":"","overlay-gradient":""},"tablet":{"background-color":"","background-image":"","background-repeat":"repeat","background-position":"center center","background-size":"auto","background-attachment":"scroll","background-type":"","background-media":"","overlay-type":"","overlay-color":"","overlay-opacity":"","overlay-gradient":""},"mobile":{"background-color":"","background-image":"","background-repeat":"repeat","background-position":"center center","background-size":"auto","background-attachment":"scroll","background-type":"","background-media":"","overlay-type":"","overlay-color":"","overlay-opacity":"","overlay-gradient":""}},"ast-content-background-meta":{"desktop":{"background-color":"var(--ast-global-color-5)","background-image":"","background-repeat":"repeat","background-position":"center center","background-size":"auto","background-attachment":"scroll","background-type":"","background-media":"","overlay-type":"","overlay-color":"","overlay-opacity":"","overlay-gradient":""},"tablet":{"background-color":"var(--ast-global-color-5)","background-image":"","background-repeat":"repeat","background-position":"center center","background-size":"auto","background-attachment":"scroll","background-type":"","background-media":"","overlay-type":"","overlay-color":"","overlay-opacity":"","overlay-gradient":""},"mobile":{"background-color":"var(--ast-global-color-5)","background-image":"","background-repeat":"repeat","background-position":"center center","background-size":"auto","background-attachment":"scroll","background-type":"","background-media":"","overlay-type":"","overlay-color":"","overlay-opacity":"","overlay-gradient":""}},"footnotes":""},"class_list":["post-2404","page","type-page","status-publish","hentry"],"_links":{"self":[{"href":"https:\/\/www.futurewearableslab.fi\/fi\/wp-json\/wp\/v2\/pages\/2404","targetHints":{"allow":["GET"]}}],"collection":[{"href":"https:\/\/www.futurewearableslab.fi\/fi\/wp-json\/wp\/v2\/pages"}],"about":[{"href":"https:\/\/www.futurewearableslab.fi\/fi\/wp-json\/wp\/v2\/types\/page"}],"author":[{"embeddable":true,"href":"https:\/\/www.futurewearableslab.fi\/fi\/wp-json\/wp\/v2\/users\/1"}],"replies":[{"embeddable":true,"href":"https:\/\/www.futurewearableslab.fi\/fi\/wp-json\/wp\/v2\/comments?post=2404"}],"version-history":[{"count":1,"href":"https:\/\/www.futurewearableslab.fi\/fi\/wp-json\/wp\/v2\/pages\/2404\/revisions"}],"predecessor-version":[{"id":2405,"href":"https:\/\/www.futurewearableslab.fi\/fi\/wp-json\/wp\/v2\/pages\/2404\/revisions\/2405"}],"wp:attachment":[{"href":"https:\/\/www.futurewearableslab.fi\/fi\/wp-json\/wp\/v2\/media?parent=2404"}],"curies":[{"name":"wp","href":"https:\/\/api.w.org\/{rel}","templated":true}]}}