{"id":2397,"date":"2025-02-11T13:29:49","date_gmt":"2025-02-11T11:29:49","guid":{"rendered":"https:\/\/www.futurewearableslab.fi\/?page_id=2397"},"modified":"2025-02-11T13:29:49","modified_gmt":"2025-02-11T11:29:49","slug":"taide-ja-koulutuskeskus-elli","status":"publish","type":"page","link":"https:\/\/www.futurewearableslab.fi\/fi\/taide-ja-koulutuskeskus-elli\/","title":{"rendered":"Taide- ja koulutuskeskus Elli"},"content":{"rendered":"<p>\u00c4lykkyydest\u00e4 uutta vastuullista muotoilua, muotia, osaamista ja liiketoimintaa -hankkeessa toteutettiin pilotteja kantah\u00e4m\u00e4l\u00e4isten muotoilu- ja muotialan toimijoiden kanssa. Pilottien tarkoituksena oli tuoda esille digitalisaation tuomia mahdollisuuksia toimijoille. Digitalisaation avulla toimijat saavat uudenlaisia ideoita toimintansa kehitt\u00e4miseen. T\u00e4m\u00e4n avulla he voivat erottua markkinoilla, tuoda tuotteitaan ja palveluitaan uudenlaisella tavalla esille ja tarjota asiakkailleen el\u00e4myksi\u00e4 ja helpottaa valintojen tekemist\u00e4.<\/p>\n\n\n\n<figure class=\"wp-block-image aligncenter size-full\"><img loading=\"lazy\" decoding=\"async\" width=\"653\" height=\"308\" src=\"https:\/\/www.futurewearableslab.fi\/wp-content\/uploads\/2024\/11\/elli_spatial_virtuaaligalleria.png\" alt=\"\" class=\"wp-image-2016\" srcset=\"https:\/\/www.futurewearableslab.fi\/wp-content\/uploads\/2024\/11\/elli_spatial_virtuaaligalleria.png 653w, https:\/\/www.futurewearableslab.fi\/wp-content\/uploads\/2024\/11\/elli_spatial_virtuaaligalleria-300x142.png 300w, https:\/\/www.futurewearableslab.fi\/wp-content\/uploads\/2024\/11\/elli_spatial_virtuaaligalleria-18x8.png 18w\" sizes=\"auto, (max-width: 653px) 100vw, 653px\" \/><\/figure>\n\n\n\n<p>Pilotissa toteutettiin hankkeen ja Taide- ja koulutuskeskus Ellin yhteisty\u00f6ss\u00e4 uudenlainen tapa esitt\u00e4\u00e4 oppilaitoksien koulutustarjontaa uudenlaisella el\u00e4myksellisell\u00e4 tavalla virtuaaliymp\u00e4rist\u00f6ss\u00e4. Koulutustarjontaa esitell\u00e4\u00e4n Wahren-opistosta, Forssan kuvataidekoulusta, Lounais-H\u00e4meen Musiikkiopistosta sek\u00e4 Forssan yhteislyseosta. Pilotti toteutettiin hy\u00f6dynt\u00e4m\u00e4ll\u00e4 ilmaista Spatial virtuaaligalleriaymp\u00e4rist\u00f6\u00e4. Pilotissa koulutustarjontaa on esitelty kuvien, videoiden, musiikin sek\u00e4 tekstin avulla. Virtuaaligallerissa vierailijalle hahmottuu eri oppilaitoksien tarjonta yhdess\u00e4 virtuaalisessa tilassa ja mahdollisuus valita opintoja eri oppilaitoksien v\u00e4lill\u00e4. <\/p>\n\n\n\n<p><a href=\"https:\/\/www.spatial.io\/s\/Koulutuskeskus-Elli-66c6d575437841ccebe4a126?share=3944667314209360978\" target=\"_blank\" rel=\"noreferrer noopener\">Vieraile t\u00e4st\u00e4 Taide- ja koulutuskeskus Ellin virtuaaligalleriassa.<\/a><\/p>","protected":false},"excerpt":{"rendered":"<p>\u00c4lykkyydest\u00e4 uutta vastuullista muotoilua, muotia, osaamista ja liiketoimintaa -hankkeessa toteutettiin pilotteja kantah\u00e4m\u00e4l\u00e4isten muotoilu- ja muotialan toimijoiden kanssa. Pilottien tarkoituksena oli tuoda esille digitalisaation tuomia mahdollisuuksia toimijoille. Digitalisaation avulla toimijat saavat uudenlaisia ideoita toimintansa kehitt\u00e4miseen. T\u00e4m\u00e4n avulla he voivat erottua markkinoilla, tuoda tuotteitaan ja palveluitaan uudenlaisella tavalla esille ja tarjota asiakkailleen el\u00e4myksi\u00e4 ja helpottaa valintojen tekemist\u00e4. [&hellip;]<\/p>","protected":false},"author":1,"featured_media":0,"parent":0,"menu_order":0,"comment_status":"closed","ping_status":"closed","template":"","meta":{"_eb_attr":"","site-sidebar-layout":"default","site-content-layout":"","ast-site-content-layout":"default","site-content-style":"default","site-sidebar-style":"default","ast-global-header-display":"","ast-banner-title-visibility":"","ast-main-header-display":"","ast-hfb-above-header-display":"","ast-hfb-below-header-display":"","ast-hfb-mobile-header-display":"","site-post-title":"","ast-breadcrumbs-content":"","ast-featured-img":"","footer-sml-layout":"","theme-transparent-header-meta":"","adv-header-id-meta":"","stick-header-meta":"","header-above-stick-meta":"","header-main-stick-meta":"","header-below-stick-meta":"","astra-migrate-meta-layouts":"set","ast-page-background-enabled":"default","ast-page-background-meta":{"desktop":{"background-color":"var(--ast-global-color-4)","background-image":"","background-repeat":"repeat","background-position":"center center","background-size":"auto","background-attachment":"scroll","background-type":"","background-media":"","overlay-type":"","overlay-color":"","overlay-opacity":"","overlay-gradient":""},"tablet":{"background-color":"","background-image":"","background-repeat":"repeat","background-position":"center center","background-size":"auto","background-attachment":"scroll","background-type":"","background-media":"","overlay-type":"","overlay-color":"","overlay-opacity":"","overlay-gradient":""},"mobile":{"background-color":"","background-image":"","background-repeat":"repeat","background-position":"center center","background-size":"auto","background-attachment":"scroll","background-type":"","background-media":"","overlay-type":"","overlay-color":"","overlay-opacity":"","overlay-gradient":""}},"ast-content-background-meta":{"desktop":{"background-color":"var(--ast-global-color-5)","background-image":"","background-repeat":"repeat","background-position":"center center","background-size":"auto","background-attachment":"scroll","background-type":"","background-media":"","overlay-type":"","overlay-color":"","overlay-opacity":"","overlay-gradient":""},"tablet":{"background-color":"var(--ast-global-color-5)","background-image":"","background-repeat":"repeat","background-position":"center center","background-size":"auto","background-attachment":"scroll","background-type":"","background-media":"","overlay-type":"","overlay-color":"","overlay-opacity":"","overlay-gradient":""},"mobile":{"background-color":"var(--ast-global-color-5)","background-image":"","background-repeat":"repeat","background-position":"center center","background-size":"auto","background-attachment":"scroll","background-type":"","background-media":"","overlay-type":"","overlay-color":"","overlay-opacity":"","overlay-gradient":""}},"footnotes":""},"class_list":["post-2397","page","type-page","status-publish","hentry"],"_links":{"self":[{"href":"https:\/\/www.futurewearableslab.fi\/fi\/wp-json\/wp\/v2\/pages\/2397","targetHints":{"allow":["GET"]}}],"collection":[{"href":"https:\/\/www.futurewearableslab.fi\/fi\/wp-json\/wp\/v2\/pages"}],"about":[{"href":"https:\/\/www.futurewearableslab.fi\/fi\/wp-json\/wp\/v2\/types\/page"}],"author":[{"embeddable":true,"href":"https:\/\/www.futurewearableslab.fi\/fi\/wp-json\/wp\/v2\/users\/1"}],"replies":[{"embeddable":true,"href":"https:\/\/www.futurewearableslab.fi\/fi\/wp-json\/wp\/v2\/comments?post=2397"}],"version-history":[{"count":1,"href":"https:\/\/www.futurewearableslab.fi\/fi\/wp-json\/wp\/v2\/pages\/2397\/revisions"}],"predecessor-version":[{"id":2399,"href":"https:\/\/www.futurewearableslab.fi\/fi\/wp-json\/wp\/v2\/pages\/2397\/revisions\/2399"}],"wp:attachment":[{"href":"https:\/\/www.futurewearableslab.fi\/fi\/wp-json\/wp\/v2\/media?parent=2397"}],"curies":[{"name":"wp","href":"https:\/\/api.w.org\/{rel}","templated":true}]}}