{"id":2381,"date":"2025-02-11T13:19:37","date_gmt":"2025-02-11T11:19:37","guid":{"rendered":"https:\/\/www.futurewearableslab.fi\/?page_id=2381"},"modified":"2025-03-31T13:14:21","modified_gmt":"2025-03-31T10:14:21","slug":"from-intelligence-to-new-sustainable-design-fashion-competence-and-business","status":"publish","type":"page","link":"https:\/\/www.futurewearableslab.fi\/fi\/from-intelligence-to-new-sustainable-design-fashion-competence-and-business\/","title":{"rendered":"From intelligence to new sustainable design, fashion, competence and business"},"content":{"rendered":"<div class=\"wp-block-stackable-columns stk-block-columns stk-block stk-8ef8355\" data-block-id=\"8ef8355\"><style>.stk-8ef8355 {right:-5px !important;}<\/style><div class=\"stk-row stk-inner-blocks has-text-align-left stk-block-content stk-content-align stk-8ef8355-column\">\n<div class=\"wp-block-stackable-column stk-block-column stk-column stk-block stk-bd3e851\" data-v=\"4\" data-block-id=\"bd3e851\"><style>.stk-bd3e851 {right:-20px !important;}<\/style><div class=\"stk-column-wrapper stk-block-column__content stk-container stk-bd3e851-container stk--no-background stk--no-padding\"><div class=\"has-text-align-left stk-block-content stk-inner-blocks stk-bd3e851-inner-blocks\">\n<div class=\"wp-block-stackable-heading stk-block-heading stk-block-heading--v2 stk-block stk-387d860\" id=\"from-intelligence-to-new-sustainable-design-fashion-competence-and-business\" data-block-id=\"387d860\"><h3 class=\"stk-block-heading__text has-text-align-left\">From Intelligence to new sustainable design, fashion, competence and business<\/h3><\/div>\n<\/div><\/div><\/div>\n<\/div><\/div>\n\n\n\n<div class=\"wp-block-stackable-columns stk-block-columns stk-block stk-a1bdf70\" data-block-id=\"a1bdf70\"><style>.stk-a1bdf70 {right:-20px !important;}<\/style><div class=\"stk-row stk-inner-blocks has-text-align-left stk-block-content stk-content-align stk-a1bdf70-column\">\n<div class=\"wp-block-stackable-column stk-block-column stk-column stk-block stk-658774b\" data-v=\"4\" data-block-id=\"658774b\"><div class=\"stk-column-wrapper stk-block-column__content stk-container stk-658774b-container stk--no-background stk--no-padding\"><div class=\"stk-block-content stk-inner-blocks stk-658774b-inner-blocks\">\n<div class=\"wp-block-stackable-text stk-block-text stk-block stk-036a10c\" data-block-id=\"036a10c\"><p class=\"stk-block-text__text\">HAMK&#8217;s &#8220;From Intelligence to new sustainable design, fashion, competence and business\u201d project aims to offer sustainable solutions to the textile industry&#8217;s huge negative environmental effects and fast fashion consumption by utilizing digitalization. In the project, together with companies, different ways of utilizing digitalization in business is developed, such as by implementing 3D modeling and videos of products to enliven websites. In addition, the project will pilot product customization possibilities using 3D modeling and take the results of the piloting to a virtual final show.\u00a0<br><br><strong>FIND OUT ABOUT THE PILOTS IMPLEMENTED IN THE PROJECT<br><\/strong><br><a href=\"https:\/\/www.futurewearableslab.fi\/fi\/2085-2\/\" data-type=\"page\" data-id=\"2085\">Pilot \u2013 case Jaana Huhtanen Design<br><\/a><a href=\"https:\/\/www.futurewearableslab.fi\/fi\/2079-2\/\" data-type=\"page\" data-id=\"2404\">Pilot \u2013 case Rykkeri<br><\/a><a href=\"https:\/\/www.futurewearableslab.fi\/fi\/?page_id=2407\" data-type=\"page\" data-id=\"2407\">Pilotti \u2013 case Deafmetal<br><\/a><a href=\"https:\/\/www.futurewearableslab.fi\/fi\/?page_id=2397\" data-type=\"page\" data-id=\"2397\">Pilotti \u2013 case Taide- ja koulutuskeskus Elli\u2028\u2028<\/a><\/p><\/div>\n\n\n\n<p>Lue blogikirjoitus piloteista&nbsp;<a href=\"https:\/\/blog.hamk.fi\/hamk-beat\/digitaaliset-ratkaisut-tuovat-kilpailuetua-muotialalle\/\">Digitaaliset ratkaisut tuovat kilpailuetua muotialalle<\/a>, Heidi Kerkola &amp; Wilho R\u00f6nk\u00e4, HAMK Beat blogikirjoitus, 20.12.2024<br><br><strong>TUTUSTU HANKKEESSA TOTEUTETTUUN VIRTUAALISEEN N\u00c4YT\u00d6KSEEN<br><\/strong><br>\u201dH\u00e4me Virtual \u2013 Muodin Muuttuva Maisema\u201d -virtuaalin\u00e4yt\u00f6s kokoaa yhteen hankkeessa toteutetut pilotit. Virtuaalin\u00e4yt\u00f6s esittelee pilotit el\u00e4myksellisell\u00e4 tavalla hy\u00f6dynt\u00e4en tarinallisuutta ja h\u00e4m\u00e4l\u00e4isi\u00e4 maisemia, johon k\u00e4ytt\u00e4j\u00e4 voi uppoutua katsoessaan n\u00e4yt\u00f6st\u00e4 VR-laseilla.&nbsp;<a href=\"https:\/\/kaltura.hamk.fi\/media\/Digitaalinen+muoti+ja+muotoilu+-+virtuaalisen+loppun%C3%A4yt%C3%B6ksen+video\/0_pk2c6vmt\">N\u00e4yt\u00f6ksest\u00e4 on toteutettu lyhyt video, johon voi tutustua t\u00e4st\u00e4<\/a>.&nbsp;<br><br><strong>DIGITAL TOOLS<br><\/strong><br>Digitalization can be utilized in the design and implementation processes of physical clothing at various retail locations as well as in services such as virtual fitting. The project has compiled a list of useful tools that can be used to promote digital design and fashion in your own business.\u2028\u2028<br><br>Lue blogikirjoitus&nbsp;<a href=\"https:\/\/blog.hamk.fi\/hamk-beat\/digitaaliset-tyokalut-innostavat-muotialan-pk-yrityksia-kehittamaan-toimintaansa\/\">Digitaaliset ty\u00f6kalut innostavat muotialan pk-yrityksi\u00e4 kehitt\u00e4m\u00e4\u00e4n toimintaansa<\/a>, Heidi Kerkola &amp; Tiina Ahola, HAMK Beat blogikirjoitus, 19.12.2024<br><br><strong>3D clothing design programs<br><\/strong><br><a href=\"https:\/\/www.marvelousdesigner.com\/\">Marvelous Designer<br><\/a><a href=\"https:\/\/udraper.com\/\">uDraper<\/a><br><a href=\"https:\/\/browzwear.com\/products\/v-stitcher\">Vstitcher<br><\/a><a href=\"https:\/\/www.metatailor.app\/\">MetaTailor<br><\/a><a href=\"https:\/\/www.clo3d.com\/en\/\">CLO3D<\/a><br><a href=\"https:\/\/www.gn3ra.io\/\">Gn3ra<\/a><br><a href=\"https:\/\/www.stylist3d.com\/\">Style3D<\/a><br><a href=\"https:\/\/tukatech.com\/tuka3d\/\">Tuka3D<\/a><br><a href=\"https:\/\/optitex.com\/products\/2d-and-3d-cad-software\/\">Optitex<\/a><br><a href=\"https:\/\/tailornova.com\/\">Tailornova<\/a><br><a href=\"https:\/\/audaces.com\/en\/solutions\/fashion-studio\">Audaces Fashion Studio<br><\/a><br><strong>3D modeling programs<br><\/strong><br><a href=\"https:\/\/en.wikipedia.org\/wiki\/List_of_3D_modeling_software\">Kattava Wikipedian listaus eri 3D-mallinnusohjelmista<br><\/a><a href=\"https:\/\/www.blender.org\/\">Blender<\/a><br>various products of the Autodesk company&nbsp;<a href=\"https:\/\/www.autodesk.com\/products\/maya\/overview\">Maya<\/a>,&nbsp;<a href=\"https:\/\/www.autodesk.com\/products\/3ds-max\/overview\">3ds Max<\/a>,&nbsp;<a href=\"https:\/\/www.autodesk.com\/products\/fusion-360\/overview?term=1-YEAR&amp;tab=subscription\">Fusion 360<\/a>,&nbsp;<a href=\"https:\/\/www.autodesk.com\/products\/mudbox\/overview?term=1-YEAR&amp;tab=subscription\">Mudbox<\/a><br><a href=\"https:\/\/www.maxon.net\/en\/zbrush\">Zbrush<\/a><br><a href=\"https:\/\/www.maxon.net\/en\/cinema-4d\">Cinema 4D&nbsp;(C4D)<br><\/a><a href=\"https:\/\/3dcoat.com\/\">3DCoat<\/a><br><a href=\"https:\/\/www.rhino3d.com\/\">Rhinoceros3D<\/a><br><a href=\"https:\/\/www.sketchup.com\/en\">SketchUp<br><\/a><a href=\"https:\/\/clara.io\/\">Clara.io<br><\/a><br><strong>Creation of textures, surfaces and materials<br><\/strong><br><a href=\"https:\/\/www.adobe.com\/products\/substance3d\/apps\/painter.html\">Substance&nbsp;Painter<br><\/a><a href=\"https:\/\/www.adobe.com\/products\/substance3d\/apps\/designer.html\">Substance&nbsp;Designer<br><\/a><a href=\"https:\/\/quixel.com\/\">Quixel&nbsp;Mixer<br><\/a><br><strong>Visualization and functionalities<br><\/strong><br><a href=\"https:\/\/www.twinmotion.com\/en-US\">TwinMotion<\/a><br><a href=\"https:\/\/www.unrealengine.com\/en-US\">Unreal Engine<br><\/a><a href=\"https:\/\/unity.com\/\">Unity<\/a><br><a href=\"https:\/\/godotengine.org\/\">Godot<br><\/a><a href=\"https:\/\/www.keyshot.com\/\">Keyshot<\/a><br><a href=\"https:\/\/yahaha.com\/\">YAHAHA<\/a><br><br><strong>Avatar creation (3D)<br><\/strong><br><a href=\"https:\/\/www.daz3d.com\/\">Daz3D<\/a><br><a href=\"https:\/\/www.epicgames.com\/id\/login?response_type=code&amp;redirect_uri=https%3A%2F%2Fmetahuman.unrealengine.com%2Feos-login-redirect&amp;scope=basic_profile&amp;client_id=xyza7891OORp4qeFMsqG8MGwJLsun9Tb\">Metahuman&nbsp;creator<br><\/a><a href=\"https:\/\/www.3dscanstore.com\/metahuman\">3DScanStore&nbsp;<\/a>\u2013 more realistic modeling<br><a href=\"https:\/\/www.reallusion.com\/\">Reallusion<br><\/a><a href=\"https:\/\/www.reallusion.com\/character-creator\/\">Character&nbsp;creator<\/a>-ty\u00f6kalu<br><a href=\"https:\/\/avatarsdk.com\/\">Avatar SKD<br><\/a><a href=\"https:\/\/metaperson.avatarsdk.com\/\">Avatarin&nbsp;luonti<\/a>&nbsp;with a selfie\/picture<br><a href=\"https:\/\/avaturn.me\/\">Avaturn<\/a><br><br><strong>3D scans and modeling<br><\/strong><br>3D scans can be done with separate scanners (for example&nbsp;<a href=\"https:\/\/www.youtube.com\/watch?v=Jk18-Eb5MhA\">Artec&nbsp;Eva<\/a>&nbsp;3D) or with phones. The difference in these is the intended use of the final product &#8211; is accurate modeling necessary or is modeling the appearance sufficient. The following programs are intended for fast modeling, i.e. if you want a quick way to scan an object into a digital 3D model without additional processing.<br><br><a href=\"https:\/\/www.unrealengine.com\/en-US\/realityscan\">RealityScan<\/a>&nbsp;+&nbsp;&nbsp;<a href=\"https:\/\/sketchfab.com\/plans\">Sketchfab<\/a><br>Scan an object with your phone, which becomes a 3D model. The use of the app is free, but the further use of the models with Sketchfab costs.<br><a href=\"https:\/\/poly.cam\/\">Polycam<\/a><br><a href=\"https:\/\/www.kaedim3d.com\/\">Kaedim<\/a><br>3D models from 2D images or text with the help of artificial intelligence<br><br><strong>Artificial intelligence (AI)<br><\/strong><br>Body measurement tools<\/p>\n\n\n\n<ul class=\"wp-block-list\">\n<li><a href=\"https:\/\/www.choozr.ai\/\">Tailor.Guide.<\/a> The customer sends pictures of himself through the application, the software processes the measurements for the clothing manufacturer based on the pictures.<\/li>\n<\/ul>\n\n\n\n<ul class=\"wp-block-list\">\n<li><a href=\"https:\/\/sizeme.com\/\">SizeMe<\/a>. A size recommendation tool that can be embedded in an online store.<\/li>\n\n\n\n<li><a href=\"https:\/\/www.virtusize.com\/virtusize\">Virtusize&nbsp;<\/a>(<a href=\"https:\/\/demo.virtusize.com\/\">demo<\/a>). Create a digital avatar of yourself and visually see how the clothes in the online store fit.<\/li>\n<\/ul>\n\n\n\n<ul class=\"wp-block-list\">\n<li>Sizer. By scanning him-\/herself, the user gets accurate measurements. The company offers an independent application, one embedded in the online store, and a customer user interface.<\/li>\n<\/ul>\n\n\n\n<ul class=\"wp-block-list\">\n<li><a href=\"https:\/\/boldmetrics.com\/\">BoldMetrics<\/a><\/li>\n\n\n\n<li><a href=\"https:\/\/style.me\/\">StyleMe<\/a><\/li>\n\n\n\n<li>Improving search recommendations in online stores &#8211; &#8220;shop assistant&#8221; (based on styles, colors, materials)<\/li>\n\n\n\n<li><a href=\"https:\/\/www.visenze.com\/\">ViSENZE<\/a><br><\/li>\n\n\n\n<li><a href=\"https:\/\/upsyshopping.com\/\">Upsy&nbsp;shopping helper<br><\/a><\/li>\n\n\n\n<li>Gives personal clothing recommendations based on wardrobe, self-portraits or purchase history<br><\/li>\n\n\n\n<li><a href=\"https:\/\/www.vue.ai\/products\/outfit-recommendations\/\">Vue.ai<br><\/a><\/li>\n\n\n\n<li><a href=\"https:\/\/www.virtusize.com\/fittingroom\">FittingRoom<\/a><br><\/li>\n\n\n\n<li><a href=\"https:\/\/www.stitchfix.com\/\">StichFix<br><\/a>Artificial intelligence as a designer<br><\/li>\n\n\n\n<li><a href=\"https:\/\/resleeve.ai\/\">Resleeve<\/a><br><\/li>\n\n\n\n<li><a href=\"https:\/\/www.newarc.ai\/\">NewArc.ai<\/a>&nbsp;\u2013 converts drawings into realistic images<br><\/li>\n\n\n\n<li><a href=\"https:\/\/www.fabrie.com\/ai\/imagine\">Fabrie<\/a><br><\/li>\n\n\n\n<li><a href=\"https:\/\/www.vue.ai\/products\/on-model-imagery\/\">Vue.ai: on-model imagery<br><\/a><\/li>\n\n\n\n<li><a href=\"https:\/\/www.midjourney.com\/home\">Midjourney<\/a><br><br><strong>Digital fittings<br><\/strong><br>With the help of digital fitting, you can try in advance how the clothes or jewelry will look with the help of AR technology, i.e. augmented reality. Digital fitting can be tried on a phone, tablet or, for example, a smart\/virtual mirror. Augmented reality is 3D objects added on top of the real world. In this case, phones are used to photograph an object where 3D figures or objects appear. Examples of applications using AR technology are Snapchat and Pokemon Go.<br><br>Creating AR content for Snapchat (<a href=\"https:\/\/ar.snap.com\/download\">Lens Studio<\/a>)<br><a href=\"https:\/\/www.youtube.com\/watch?v=GRCFp_yon-8\">Pattern Draft Digital Fashion: How to create a Virtual cloth AR Lens for Snapchat using CLO 3D and Lens Studio | Virtual Try-On<\/a>. Lens Studio has many ready-made templates for try-on projects that you can use: earrings, clothes, shoes<br><br><strong>AR (augmented reality) content creation software&nbsp;<br><\/strong><br><a href=\"https:\/\/ar.snap.com\/lens-studio\">Lens&nbsp;Studio<\/a>&nbsp;(Contents for the Snapchat application)<br><a href=\"https:\/\/www.futurewearableslab.fi\/wp-content\/uploads\/2024\/11\/lens-studion-kayttoonotto_ohjeet.pdf\">LENS STUDION K\u00c4YTT\u00d6\u00d6NOTTO OHJEET<br><\/a><a href=\"https:\/\/spark.meta.com\/blog\/meta-spark-announcement\/\">MetaSpark<\/a>&nbsp;(Contents for Instagram)<br><a href=\"https:\/\/effecthouse.tiktok.com\/download\">Effect&nbsp;House<\/a>&nbsp;(Contents for Tik Tok)<br><a href=\"https:\/\/www.zappar.com\/\">Zappar<\/a><br><a href=\"https:\/\/zap.works\/studio\/\">https:\/\/zap.works\/studio\/<br><\/a><a href=\"https:\/\/zap.works\/designer\/\">https:\/\/zap.works\/designer\/<br><\/a><a href=\"https:\/\/zap.works\/universal-ar\/\">https:\/\/zap.works\/universal-ar\/<br><\/a><a href=\"https:\/\/www.blippar.com\/build-ar\">Blippar<\/a><br>XR+<br><a href=\"https:\/\/www.adobe.com\/products\/aero.html\">Adobe&nbsp;Aero<br><\/a><a href=\"https:\/\/www.figma.com\/exit?url=https%3A%2F%2Fwww.arway.ai%2F\">ARway.ai<\/a>&nbsp;(indoor navigation, Route search and AR filters)<br><a href=\"https:\/\/immersal.com\/\">Immersal&nbsp;<\/a>(indoor navigation, Route search and AR filters)<br><a href=\"https:\/\/dixper.gg\/home\">Vision&nbsp;Dixper<\/a>&nbsp;(a platform that adds AR content to PC streams)<br><a href=\"https:\/\/www.ptc.com\/en\/products\/vuforia\">Vuforia Augmented&nbsp;Reality SDK<\/a>&nbsp;and Studio (AR for industrial sectors. Phones, tablets, Microsoft Hololens2, Magic Leap, Realwear glasses)<br><a href=\"https:\/\/www.vyking.io\/mirror\">Vyking&nbsp;\u2013 AR <\/a>contents for mobile devices, mirrors. Own platform for creating AR content (cross-platform solution for iOS, Android, wechat, web pages or web store)<br><a href=\"https:\/\/www.deepar.ai\/augmented-reality-sdk\">DeepAR&nbsp;\u2013 AR SDK<br><\/a><br><strong>Virtual galleries<br><\/strong><br>Virtual galleries can digitally present art, products, services, etc. The virtual exhibition can be viewed from a computer, mobile device or it can be developed to be viewed with XR glasses. Within the framework of the project, virtual galleries on the market have been gathered in one table. The table compares different galleries, e.g. pricing, features and skills required for use.\u2028\u2028<a href=\"https:\/\/www.futurewearableslab.fi\/wp-content\/uploads\/2024\/03\/VirtuaaliGalleriavertailu-Helmikuu-2024-webbisivu-versio.pdf\">Open the entire comparison table here<\/a>\u2028\u2028<a href=\"https:\/\/www.futurewearableslab.fi\/wp-content\/uploads\/2024\/11\/Spatial-kayttoohje.pdf\">Virtuaaligalleria Spatialin k\u00e4ytt\u00f6ohjeet sis\u00e4ll\u00f6ntuotantoon ja p\u00e4ivitt\u00e4miseen<\/a>\u2028<br><br><strong>USEFUL PUBLICATIONS RELATED TO DIGITAL FASHION AND DESIGN&nbsp;<\/strong><br><strong><br><\/strong><a href=\"https:\/\/www.theseus.fi\/handle\/10024\/812827\">The Fusion of Fashion and Technology : Uncovering the Benefits and Drawbacks of Digital Fashion,<\/a> Emma Granqvist, 2023<br><a href=\"https:\/\/www.theseus.fi\/handle\/10024\/804590\">Luovat web3-ajassa \u2013 Unelmia, haasteita ja ansaintamahdollisuuksia<\/a>, Halonen Katri &amp; Hero Laura-Maija, 2023<br><a href=\"https:\/\/www.theseus.fi\/handle\/10024\/860876\">Teko\u00e4ly vaatesuunnitteluprosessissa<\/a>, Heidi Yl\u00e4nen, 2024&nbsp;<br><a href=\"https:\/\/www.theseus.fi\/handle\/10024\/857925\">3D-suunnitteluohjelmat vaatetusalalla : ensikertalaisten ja ammattilaisten n\u00e4k\u00f6kulmista<\/a>, Elina Lahtela, 2024<br><a href=\"https:\/\/www.theseus.fi\/handle\/10024\/792430\">Digital tools in the footwear design process: from traditional practices to artificial intelligence<\/a>, Anna Kotelskaia, 2023<\/li>\n<\/ul>\n<\/div><\/div><\/div>\n<\/div><\/div>\n\n\n\n<p><\/p>","protected":false},"excerpt":{"rendered":"<p>From Intelligence to new sustainable design, fashion, competence and business HAMK&#8217;s &#8220;From Intelligence to new sustainable design, fashion, competence and business\u201d project aims to offer sustainable solutions to the textile industry&#8217;s huge negative environmental effects and fast fashion consumption by utilizing digitalization. In the project, together with companies, different ways of utilizing digitalization in business [&hellip;]<\/p>","protected":false},"author":1,"featured_media":0,"parent":0,"menu_order":0,"comment_status":"closed","ping_status":"closed","template":"","meta":{"_eb_attr":"","site-sidebar-layout":"default","site-content-layout":"","ast-site-content-layout":"default","site-content-style":"default","site-sidebar-style":"default","ast-global-header-display":"","ast-banner-title-visibility":"","ast-main-header-display":"","ast-hfb-above-header-display":"","ast-hfb-below-header-display":"","ast-hfb-mobile-header-display":"","site-post-title":"","ast-breadcrumbs-content":"","ast-featured-img":"","footer-sml-layout":"","theme-transparent-header-meta":"","adv-header-id-meta":"","stick-header-meta":"","header-above-stick-meta":"","header-main-stick-meta":"","header-below-stick-meta":"","astra-migrate-meta-layouts":"set","ast-page-background-enabled":"default","ast-page-background-meta":{"desktop":{"background-color":"var(--ast-global-color-4)","background-image":"","background-repeat":"repeat","background-position":"center center","background-size":"auto","background-attachment":"scroll","background-type":"","background-media":"","overlay-type":"","overlay-color":"","overlay-opacity":"","overlay-gradient":""},"tablet":{"background-color":"","background-image":"","background-repeat":"repeat","background-position":"center center","background-size":"auto","background-attachment":"scroll","background-type":"","background-media":"","overlay-type":"","overlay-color":"","overlay-opacity":"","overlay-gradient":""},"mobile":{"background-color":"","background-image":"","background-repeat":"repeat","background-position":"center center","background-size":"auto","background-attachment":"scroll","background-type":"","background-media":"","overlay-type":"","overlay-color":"","overlay-opacity":"","overlay-gradient":""}},"ast-content-background-meta":{"desktop":{"background-color":"var(--ast-global-color-5)","background-image":"","background-repeat":"repeat","background-position":"center center","background-size":"auto","background-attachment":"scroll","background-type":"","background-media":"","overlay-type":"","overlay-color":"","overlay-opacity":"","overlay-gradient":""},"tablet":{"background-color":"var(--ast-global-color-5)","background-image":"","background-repeat":"repeat","background-position":"center center","background-size":"auto","background-attachment":"scroll","background-type":"","background-media":"","overlay-type":"","overlay-color":"","overlay-opacity":"","overlay-gradient":""},"mobile":{"background-color":"var(--ast-global-color-5)","background-image":"","background-repeat":"repeat","background-position":"center center","background-size":"auto","background-attachment":"scroll","background-type":"","background-media":"","overlay-type":"","overlay-color":"","overlay-opacity":"","overlay-gradient":""}},"footnotes":""},"class_list":["post-2381","page","type-page","status-publish","hentry"],"_links":{"self":[{"href":"https:\/\/www.futurewearableslab.fi\/fi\/wp-json\/wp\/v2\/pages\/2381","targetHints":{"allow":["GET"]}}],"collection":[{"href":"https:\/\/www.futurewearableslab.fi\/fi\/wp-json\/wp\/v2\/pages"}],"about":[{"href":"https:\/\/www.futurewearableslab.fi\/fi\/wp-json\/wp\/v2\/types\/page"}],"author":[{"embeddable":true,"href":"https:\/\/www.futurewearableslab.fi\/fi\/wp-json\/wp\/v2\/users\/1"}],"replies":[{"embeddable":true,"href":"https:\/\/www.futurewearableslab.fi\/fi\/wp-json\/wp\/v2\/comments?post=2381"}],"version-history":[{"count":58,"href":"https:\/\/www.futurewearableslab.fi\/fi\/wp-json\/wp\/v2\/pages\/2381\/revisions"}],"predecessor-version":[{"id":2937,"href":"https:\/\/www.futurewearableslab.fi\/fi\/wp-json\/wp\/v2\/pages\/2381\/revisions\/2937"}],"wp:attachment":[{"href":"https:\/\/www.futurewearableslab.fi\/fi\/wp-json\/wp\/v2\/media?parent=2381"}],"curies":[{"name":"wp","href":"https:\/\/api.w.org\/{rel}","templated":true}]}}