{"id":2344,"date":"2025-02-11T12:36:59","date_gmt":"2025-02-11T10:36:59","guid":{"rendered":"https:\/\/www.futurewearableslab.fi\/?page_id=2344"},"modified":"2025-03-31T13:07:55","modified_gmt":"2025-03-31T10:07:55","slug":"innovation-and-competence-ecosystem-in-tampere-region-for-sustainable-and-smart-textiles","status":"publish","type":"page","link":"https:\/\/www.futurewearableslab.fi\/fi\/innovation-and-competence-ecosystem-in-tampere-region-for-sustainable-and-smart-textiles\/","title":{"rendered":"Innovation and competence ecosystem in Tampere region for sustainable and smart textiles"},"content":{"rendered":"<div class=\"wp-block-stackable-columns stk-block-columns stk-block stk-eea5e39\" data-block-id=\"eea5e39\"><div class=\"stk-row stk-inner-blocks stk-block-content stk-content-align stk-eea5e39-column\">\n<div class=\"wp-block-stackable-column stk-block-column stk-column stk-block stk-4e471d6\" data-v=\"4\" data-block-id=\"4e471d6\"><div class=\"stk-column-wrapper stk-block-column__content stk-container stk-4e471d6-container stk--no-background stk--no-padding\"><div class=\"stk-block-content stk-inner-blocks stk-4e471d6-inner-blocks\">\n<div class=\"wp-block-stackable-heading stk-block-heading stk-block-heading--v2 stk-block stk-a3d78cc\" id=\"innovation-and-competence-ecosystem-in-tampere-region-for-sustainable-and-smart-textiles\" data-block-id=\"a3d78cc\"><h3 class=\"stk-block-heading__text\">Innovation and competence ecosystem in Tampere region for sustainable and smart textiles<\/h3><\/div>\n<\/div><\/div><\/div>\n<\/div><\/div>\n\n\n\n<div class=\"wp-block-stackable-columns stk-block-columns stk-block stk-c3717a8\" data-block-id=\"c3717a8\"><div class=\"stk-row stk-inner-blocks stk-block-content stk-content-align stk-c3717a8-column\">\n<div class=\"wp-block-stackable-column stk-block-column stk-column stk-block stk-88aa60c\" data-v=\"4\" data-block-id=\"88aa60c\"><div class=\"stk-column-wrapper stk-block-column__content stk-container stk-88aa60c-container stk--no-background stk--no-padding\"><div class=\"stk-block-content stk-inner-blocks stk-88aa60c-inner-blocks\">\n<div class=\"wp-block-stackable-text stk-block-text stk-block stk-188c9ff\" data-block-id=\"188c9ff\"><p class=\"stk-block-text__text\">In the project was implement two different pilots in close cooperation with companies and operators in the Pirkanmaa region. The themes for the pilots were in accordance with the common wishes and wishes, as they have been created in cooperation with companies and other actors based on the workshops carried out by the project. Operators get to learn, share their know-how and be part of the development of sustainable smart textiles of the future. Two pilots with different contents have been implemented in the project &#8211; a calming smart wearable for a team and contents of the digital product passport from the point of view of recyclability and sustainability.<\/p><\/div>\n<\/div><\/div><\/div>\n<\/div><\/div>\n\n\n\n<div class=\"wp-block-stackable-columns stk-block-columns stk-block stk-beb773d\" data-block-id=\"beb773d\"><div class=\"stk-row stk-inner-blocks stk-block-content stk-content-align stk-beb773d-column\">\n<div class=\"wp-block-stackable-column stk-block-column stk-column stk-block stk-c3b4bb3\" data-v=\"4\" data-block-id=\"c3b4bb3\"><style>@media screen and (min-width: 768px){.stk-c3b4bb3 {flex:var(--stk-flex-grow, 1) 1 calc(75% - var(--stk-column-gap, 0px) * 1 \/ 2 ) !important;}}<\/style><div class=\"stk-column-wrapper stk-block-column__content stk-container stk-c3b4bb3-container stk--no-background stk--no-padding\"><div class=\"stk-block-content stk-inner-blocks stk-c3b4bb3-inner-blocks\">\n<p>Read more about the project from it&#8217;s&nbsp;<a href=\"https:\/\/projects.tuni.fi\/innovation-and-competence-ecosystem-in-tampere-region-for-sustainable-and-smart-textiles\/\">websites<\/a>, or from the <a href=\"https:\/\/www.futurewearableslab.fi\/wp-content\/uploads\/2023\/06\/TAMK_Kohti_kestavien_ja_alykkaiden_tekstiilien_ekosysteemia_web-1.pdf\">Project&#8217;s brochure<\/a> (only in Finnish).<br>Read the project&#8217;s blog post&nbsp;<a href=\"https:\/\/blogs.tuni.fi\/tamkblogi\/hanketoiminta\/ekosysteemihanke-auttoi-lasertekniikan-yritysta-verkottumaan-tekstiiliyritysten-kanssa\/\">The ecosystem project helped the laser technology company network with textile companies (only in Finnish)<\/a>\u2028<br>Read the story of the project in FAB magazine&nbsp;<a href=\"https:\/\/www.stjm.fi\/fabmedia\/maailma\/alyvapaat-vaatekaappimme-miksi-alytekstiilien-lapimurto-yha-odottaa\/\">Our smart-free wardrobes &#8211; why is the breakthrough in smart textiles still waiting?<\/a> (only in Finnish)\u2028<br>Listen to the HAMK Gaming Academy podcast&nbsp;<a href=\"https:\/\/creators.spotify.com\/pod\/show\/hamk-uas\/episodes\/HAMK-Gaming-Academy---lyvaate-e-urheilijoille-e28cton?%24web_only=true&amp;_branch_match_id=1224959725730403991&amp;utm_source=web&amp;utm_campaign=web-share&amp;utm_medium=sharing&amp;_branch_referrer=H4sIAAAAAAAAA8soKSkottLXLy7IL8lMq0zMS87IL9ItT03SSywo0MvJzMvWT9X3Cc8uiSzwzC5xTgIAW%2FAqZTAAAAA%3D\">Smart wearable for e-sport player<\/a> (only in Finnish)\u2028<br><a href=\"https:\/\/www.futurewearableslab.fi\/wp-content\/uploads\/2023\/10\/Alykkaita_ja_kestavia_tekstiileja_digitaalisuutta_hyodyntaen_Tekstiililehti_03_2023_ss33_37-1.pdf\">Cover image and &#8220;Smart and sustainable textiles using digital technology&#8221; article (only in Finnish)<\/a>&nbsp;<br>Tekstiililehdess\u00e4, 9\/2023\u2028<a href=\"https:\/\/trepo.tuni.fi\/bitstream\/handle\/10024\/158657\/SalonenTittamari.pdf?sequence=2&amp;isAllowed=y\">Technology mediated touch in a E-sport team \u2013 Design and evaluation of a haptic sleeve<\/a>, Tittamari Salonen, Master\u2019s Thesis, Tampere University, 6\/2024\u2028<br><a href=\"https:\/\/www.theseus.fi\/handle\/10024\/868431\">Levollistavan \u00e4lyhihan sunnitteluprosessi e-urheilijoille<\/a>, Wilho R\u00f6nk\u00e4, opinn\u00e4ytety\u00f6, HAMK. 2024.<\/p>\n<\/div><\/div><\/div>\n\n\n\n<div class=\"wp-block-stackable-column stk-block-column stk-column stk-block stk-a80fedd\" data-v=\"4\" data-block-id=\"a80fedd\"><style>@media screen and (min-width: 768px){.stk-a80fedd {flex:var(--stk-flex-grow, 1) 1 calc(25% - var(--stk-column-gap, 0px) * 1 \/ 2 ) !important;}}<\/style><div class=\"stk-column-wrapper stk-block-column__content stk-container stk-a80fedd-container stk--no-background stk--no-padding\"><div class=\"stk-block-content stk-inner-blocks stk-a80fedd-inner-blocks\">\n<div class=\"wp-block-stackable-image stk-block-image stk-block stk-1dfc08d\" data-block-id=\"1dfc08d\"><style>.stk-1dfc08d .stk-img-wrapper{width:180px !important;}<\/style><figure><span class=\"stk-img-wrapper stk-image--shape-stretch\"><img loading=\"lazy\" decoding=\"async\" class=\"stk-img wp-image-2349\" src=\"https:\/\/www.futurewearableslab.fi\/wp-content\/uploads\/2025\/02\/Screenshot-2024-12-11-at-13.13.49-1.png\" width=\"180\" height=\"255\" srcset=\"https:\/\/www.futurewearableslab.fi\/wp-content\/uploads\/2025\/02\/Screenshot-2024-12-11-at-13.13.49-1.png 180w, https:\/\/www.futurewearableslab.fi\/wp-content\/uploads\/2025\/02\/Screenshot-2024-12-11-at-13.13.49-1-8x12.png 8w\" sizes=\"auto, (max-width: 180px) 100vw, 180px\" \/><\/span><\/figure><\/div>\n<\/div><\/div><\/div>\n<\/div><\/div>\n\n\n\n<figure class=\"wp-block-video\"><video height=\"1080\" style=\"aspect-ratio: 1920 \/ 1080;\" width=\"1920\" autoplay controls loop src=\"https:\/\/www.futurewearableslab.fi\/wp-content\/uploads\/2025\/02\/23f2-4aa2-b663-90b1c7af8b68.mp4\"><\/video><\/figure>\n\n\n\n<div class=\"wp-block-stackable-columns stk-block-columns stk-block stk-2722da5\" data-block-id=\"2722da5\"><div class=\"stk-row stk-inner-blocks stk-block-content stk-content-align stk-2722da5-column\">\n<div class=\"wp-block-stackable-column stk-block-column stk-column stk-block stk-cec6994\" data-v=\"4\" data-block-id=\"cec6994\"><style>@media screen and (min-width: 768px){.stk-cec6994 {flex:var(--stk-flex-grow, 1) 1 33.3% !important;}}<\/style><div class=\"stk-column-wrapper stk-block-column__content stk-container stk-cec6994-container stk--no-background stk--no-padding\"><div class=\"stk-block-content stk-inner-blocks stk-cec6994-inner-blocks\">\n<div class=\"wp-block-stackable-text stk-block-text stk-block stk-1485b60\" data-block-id=\"1485b60\"><p class=\"stk-block-text__text\"><strong>RIPPLE &#8211; Calming cloth to a team<\/strong><br>\u2028<br>Imagine if we could enhance our team spirit by synchronising our breathing.<br><br>Ripple is a smart sleeve which guides an e-sport team to synchronous calm breathing by touch.<br><br>E-sports players often experience high stress levels, nervousness, anxiety, and excitement prior and during a match. These have a negative impact on team spirit and performance.\u00a0<br><br><\/p><\/div>\n<\/div><\/div><\/div>\n\n\n\n<div class=\"wp-block-stackable-column stk-block-column stk-column stk-block stk-db018f9\" data-v=\"4\" data-block-id=\"db018f9\"><style>@media screen and (min-width: 768px){.stk-db018f9 {flex:var(--stk-flex-grow, 1) 1 66.7% !important;}}<\/style><div class=\"stk-column-wrapper stk-block-column__content stk-container stk-db018f9-container stk--no-background stk--no-padding\"><div class=\"stk-block-content stk-inner-blocks stk-db018f9-inner-blocks\">\n<div class=\"wp-block-stackable-image stk-block-image stk-block stk-b0e75fe\" data-block-id=\"b0e75fe\"><style>.stk-b0e75fe .stk-img-wrapper{width:50% !important;}<\/style><figure><span class=\"stk-img-wrapper stk-image--shape-stretch\"><img loading=\"lazy\" decoding=\"async\" class=\"stk-img wp-image-2364\" src=\"https:\/\/www.futurewearableslab.fi\/wp-content\/uploads\/2025\/02\/vaaleampi_tausta_scaled-5-1.png\" width=\"682\" height=\"909\" srcset=\"https:\/\/www.futurewearableslab.fi\/wp-content\/uploads\/2025\/02\/vaaleampi_tausta_scaled-5-1.png 682w, https:\/\/www.futurewearableslab.fi\/wp-content\/uploads\/2025\/02\/vaaleampi_tausta_scaled-5-1-225x300.png 225w, https:\/\/www.futurewearableslab.fi\/wp-content\/uploads\/2025\/02\/vaaleampi_tausta_scaled-5-1-9x12.png 9w\" sizes=\"auto, (max-width: 682px) 100vw, 682px\" \/><\/span><\/figure><\/div>\n<\/div><\/div><\/div>\n<\/div><\/div>\n\n\n\n<div class=\"wp-block-stackable-text stk-block-text stk-block stk-22af5a2\" data-block-id=\"22af5a2\"><p class=\"stk-block-text__text\">Ripple is a smart short sleeve which assists using touch to calm breathing in a team. The sleeve gently strokes the arm of the player when it is turned on prior to or during the breaks of a game by the coach. When Ripple is on, the team breaths along with the stroking movement in a synchronous rhythm. This reduces stress levels, promotes a stronger connection between players, and improves co-operation and performance.<\/p><\/div>\n\n\n\n<figure class=\"wp-block-video\"><video height=\"1080\" style=\"aspect-ratio: 1920 \/ 1080;\" width=\"1920\" controls loop src=\"https:\/\/www.futurewearableslab.fi\/wp-content\/uploads\/2025\/02\/96d0-48cc-bf59-11d9bdfd1b59.mp4\"><\/video><\/figure>\n\n\n\n<div class=\"wp-block-stackable-columns stk-block-columns stk-block stk-1fe9efb\" data-block-id=\"1fe9efb\"><div class=\"stk-row stk-inner-blocks stk-block-content stk-content-align stk-1fe9efb-column\">\n<div class=\"wp-block-stackable-column stk-block-column stk-column stk-block stk-0a3b296\" data-v=\"4\" data-block-id=\"0a3b296\"><div class=\"stk-column-wrapper stk-block-column__content stk-container stk-0a3b296-container stk--no-background stk--no-padding\"><div class=\"stk-block-content stk-inner-blocks stk-0a3b296-inner-blocks\">\n<div style=\"height:100px\" aria-hidden=\"true\" class=\"wp-block-spacer\"><\/div>\n\n\n\n<div class=\"wp-block-stackable-text stk-block-text stk-block stk-c41dd0c\" data-block-id=\"c41dd0c\"><p class=\"stk-block-text__text\"><strong>Ripple kehitysty\u00f6n n\u00e4kyvyys mediassa<br><\/strong><br>The smart wearable prototype (Ripple) implemented in the project was in&nbsp;<a href=\"https:\/\/ddw.nl\/en\/programme\/10006\/spiritus-ludi-spirit-of-the-game-in-esports\">Dutch Design Week (DDW)<\/a>.\u2028<br><a href=\"https:\/\/blog.hamk.fi\/hamkilainen-tutkimus\/hameen-ammattikorkeakoulussa-kehitetyt-alyhihat-esittelyssa-dutch-design-weekilla\/\">Smart wearables developed at H\u00e4me University of Applied Sciences on display at Dutch Design Week<\/a>, HAMK Smart blog, 11.10.2023.\u2028<br><a href=\"https:\/\/www.mikrobitti.fi\/uutiset\/suomalaiset-kehittivat-alyhihan-vareily-silittaa-pelaajan-kasivartta\/77f24688-862f-4c57-9827-a702e15924ac\">The Finns developed a smart sleeve: &#8220;Ripple strokes the player&#8217;s arm&#8221;, (only in Finnish)<\/a>&nbsp;Mikrobitti, 15.11.2023.\u2028<br><a href=\"https:\/\/www.is.fi\/digitoday\/esports\/art-2000009964215.html\">In H\u00e4me was invented a sleeve that improves team spirit (only in Finnnish)<\/a>, Ilta-Sanomat, 18.11.2023\u2028<br><br><strong>DIGITAL PRODUCT PASSPORT AS A PROMOTER OF RESPONSIBILITY AND SUSTAINABILITY AND TRANSPARENCY OF THE PRODUCTION CHAIN<\/strong>\u2028\u2028<br><br>In the pilot, information on the material&#8217;s recyclability, sustainability and harmlessness will be mapped and produced for the digital product passport. These help companies, partners, end users and consumers to make responsible choices. The pilot is led by TAMK and the actors participating in the pilot represent material, product and component manufacturers, textile maintenance and end users.&nbsp;\u2028\u2028<br><br>&#8220;The digital product passport is a technological solution that collects information about product responsibility, raw materials and product safety. The product passport can be used to gather information about the different stages of the value chain, such as product use, maintenance and recycling. The digital product passport is an initiative of the European Commission, which is part of the EU&#8217;s proposal for a regulation on the ecological design of sustainable products. The work program for the proposed regulation is scheduled for the years 2022\u20132024.&#8221; (Finnish Textile &amp; Fashion and Technology Industries of Finland)<\/p><\/div>\n\n\n\n<div class=\"wp-block-stackable-columns stk-block-columns stk-block stk-82d70aa\" data-block-id=\"82d70aa\"><style>.stk-82d70aa {right:5px !important;}<\/style><div class=\"stk-row stk-inner-blocks stk-block-content stk-content-align stk-82d70aa-column\">\n<div class=\"wp-block-stackable-column stk-block-column stk-column stk-block stk-8ec0f90\" data-v=\"4\" data-block-id=\"8ec0f90\"><style>.stk-8ec0f90 {right:41px !important;}@media screen and (min-width: 768px){.stk-8ec0f90 {flex:var(--stk-flex-grow, 1) 1 66.7% !important;}}<\/style><div class=\"stk-column-wrapper stk-block-column__content stk-container stk-8ec0f90-container stk--no-background stk--no-padding\"><div class=\"stk-block-content stk-inner-blocks stk-8ec0f90-inner-blocks\">\n<div class=\"wp-block-stackable-text stk-block-text stk-block stk-f9f06c2\" data-block-id=\"f9f06c2\"><p class=\"stk-block-text__text\"><a href=\"https:\/\/www.futurewearableslab.fi\/wp-content\/uploads\/2023\/06\/TAMK_Alykkaat_tekstiilit_Pilotti2_web.pdf\">Read more about the digital passport pilot<\/a> (only in Finnish).\u2028\u2028<\/p><\/div>\n\n\n\n<p>Read more about Digital Product Passport from a publication (Finnish Textile &amp; Fashion and Technology Industries of Finland):&nbsp;<a href=\"https:\/\/www.stjm.fi\/wp-content\/uploads\/2022\/10\/Digital-Product-Passport-A4-v010.pdf\">Digital Product Passport<\/a>&nbsp;\u2028\u2028<br><br>Get to know the Europe-wide&nbsp;<a href=\"https:\/\/www.digitaleurope.org\/digital-product-passport\/\">CIRPASS -project<\/a>, where the gradual piloting and implementation of the digital product passport is being prepared.<\/p>\n<\/div><\/div><\/div>\n\n\n\n<div class=\"wp-block-stackable-column stk-block-column stk-column stk-block stk-6fe4aec\" data-v=\"4\" data-block-id=\"6fe4aec\"><style>@media screen and (min-width: 768px){.stk-6fe4aec {flex:var(--stk-flex-grow, 1) 1 33.3% !important;}}<\/style><div class=\"stk-column-wrapper stk-block-column__content stk-container stk-6fe4aec-container stk--no-background stk--no-padding\"><div class=\"stk-block-content stk-inner-blocks stk-6fe4aec-inner-blocks\">\n<div class=\"wp-block-stackable-image stk-block-image stk-block stk-1d814c4\" data-block-id=\"1d814c4\"><style>.stk-1d814c4 .stk-img-wrapper{width:180px !important;}<\/style><figure><span class=\"stk-img-wrapper stk-image--shape-stretch\"><img loading=\"lazy\" decoding=\"async\" class=\"stk-img wp-image-2372\" src=\"https:\/\/www.futurewearableslab.fi\/wp-content\/uploads\/2025\/02\/Screenshot-2024-12-11-at-13.53.26.png\" width=\"180\" height=\"255\" srcset=\"https:\/\/www.futurewearableslab.fi\/wp-content\/uploads\/2025\/02\/Screenshot-2024-12-11-at-13.53.26.png 180w, https:\/\/www.futurewearableslab.fi\/wp-content\/uploads\/2025\/02\/Screenshot-2024-12-11-at-13.53.26-8x12.png 8w\" sizes=\"auto, (max-width: 180px) 100vw, 180px\" \/><\/span><\/figure><\/div>\n<\/div><\/div><\/div>\n<\/div><\/div>\n<\/div><\/div><\/div>\n<\/div><\/div>\n\n\n\n<figure class=\"wp-block-video\"><video height=\"1080\" style=\"aspect-ratio: 1920 \/ 1080;\" width=\"1920\" autoplay controls src=\"https:\/\/www.futurewearableslab.fi\/wp-content\/uploads\/2025\/02\/e8ee-4228-8cd9-47fb4626ae3c.mp4\"><\/video><\/figure>","protected":false},"excerpt":{"rendered":"<p>Innovation and competence ecosystem in Tampere region for sustainable and smart textiles In the project was implement two different pilots in close cooperation with companies and operators in the Pirkanmaa region. The themes for the pilots were in accordance with the common wishes and wishes, as they have been created in cooperation with companies and [&hellip;]<\/p>","protected":false},"author":1,"featured_media":0,"parent":0,"menu_order":0,"comment_status":"closed","ping_status":"closed","template":"","meta":{"_eb_attr":"","site-sidebar-layout":"default","site-content-layout":"","ast-site-content-layout":"default","site-content-style":"default","site-sidebar-style":"default","ast-global-header-display":"","ast-banner-title-visibility":"","ast-main-header-display":"","ast-hfb-above-header-display":"","ast-hfb-below-header-display":"","ast-hfb-mobile-header-display":"","site-post-title":"","ast-breadcrumbs-content":"","ast-featured-img":"","footer-sml-layout":"","theme-transparent-header-meta":"","adv-header-id-meta":"","stick-header-meta":"","header-above-stick-meta":"","header-main-stick-meta":"","header-below-stick-meta":"","astra-migrate-meta-layouts":"set","ast-page-background-enabled":"default","ast-page-background-meta":{"desktop":{"background-color":"var(--ast-global-color-4)","background-image":"","background-repeat":"repeat","background-position":"center center","background-size":"auto","background-attachment":"scroll","background-type":"","background-media":"","overlay-type":"","overlay-color":"","overlay-opacity":"","overlay-gradient":""},"tablet":{"background-color":"","background-image":"","background-repeat":"repeat","background-position":"center center","background-size":"auto","background-attachment":"scroll","background-type":"","background-media":"","overlay-type":"","overlay-color":"","overlay-opacity":"","overlay-gradient":""},"mobile":{"background-color":"","background-image":"","background-repeat":"repeat","background-position":"center center","background-size":"auto","background-attachment":"scroll","background-type":"","background-media":"","overlay-type":"","overlay-color":"","overlay-opacity":"","overlay-gradient":""}},"ast-content-background-meta":{"desktop":{"background-color":"var(--ast-global-color-5)","background-image":"","background-repeat":"repeat","background-position":"center center","background-size":"auto","background-attachment":"scroll","background-type":"","background-media":"","overlay-type":"","overlay-color":"","overlay-opacity":"","overlay-gradient":""},"tablet":{"background-color":"var(--ast-global-color-5)","background-image":"","background-repeat":"repeat","background-position":"center center","background-size":"auto","background-attachment":"scroll","background-type":"","background-media":"","overlay-type":"","overlay-color":"","overlay-opacity":"","overlay-gradient":""},"mobile":{"background-color":"var(--ast-global-color-5)","background-image":"","background-repeat":"repeat","background-position":"center center","background-size":"auto","background-attachment":"scroll","background-type":"","background-media":"","overlay-type":"","overlay-color":"","overlay-opacity":"","overlay-gradient":""}},"footnotes":""},"class_list":["post-2344","page","type-page","status-publish","hentry"],"_links":{"self":[{"href":"https:\/\/www.futurewearableslab.fi\/fi\/wp-json\/wp\/v2\/pages\/2344","targetHints":{"allow":["GET"]}}],"collection":[{"href":"https:\/\/www.futurewearableslab.fi\/fi\/wp-json\/wp\/v2\/pages"}],"about":[{"href":"https:\/\/www.futurewearableslab.fi\/fi\/wp-json\/wp\/v2\/types\/page"}],"author":[{"embeddable":true,"href":"https:\/\/www.futurewearableslab.fi\/fi\/wp-json\/wp\/v2\/users\/1"}],"replies":[{"embeddable":true,"href":"https:\/\/www.futurewearableslab.fi\/fi\/wp-json\/wp\/v2\/comments?post=2344"}],"version-history":[{"count":28,"href":"https:\/\/www.futurewearableslab.fi\/fi\/wp-json\/wp\/v2\/pages\/2344\/revisions"}],"predecessor-version":[{"id":2933,"href":"https:\/\/www.futurewearableslab.fi\/fi\/wp-json\/wp\/v2\/pages\/2344\/revisions\/2933"}],"wp:attachment":[{"href":"https:\/\/www.futurewearableslab.fi\/fi\/wp-json\/wp\/v2\/media?parent=2344"}],"curies":[{"name":"wp","href":"https:\/\/api.w.org\/{rel}","templated":true}]}}