{"id":2185,"date":"2025-02-07T14:50:36","date_gmt":"2025-02-07T12:50:36","guid":{"rendered":"https:\/\/www.futurewearableslab.fi\/?page_id=2185"},"modified":"2025-02-17T19:53:02","modified_gmt":"2025-02-17T17:53:02","slug":"useful-resources","status":"publish","type":"page","link":"https:\/\/www.futurewearableslab.fi\/fi\/useful-resources\/","title":{"rendered":"HY\u00d6DYLLISI\u00c4 SIVUJA"},"content":{"rendered":"<div class=\"wp-block-stackable-heading aligncenter stk-block-heading stk-block-heading--v2 stk-block stk-5585ee2\" id=\"strong-national-web-pages-strong\" data-block-id=\"5585ee2\"><h6 class=\"stk-block-heading__text\"><strong>National web pages:<\/strong><\/h6><\/div>\n\n\n\n<ul class=\"wp-block-list\">\n<li><a href=\"https:\/\/www.stjm.fi\/\" target=\"_blank\" rel=\"noreferrer noopener\">Suomen Tekstiili &amp; Muoti<\/a><br><a href=\"https:\/\/www.stjm.fi\/wp-content\/uploads\/2022\/05\/Tekstiili-ja-muotialan-kasvun-paikat-raportti.pdf\" target=\"_blank\" rel=\"noreferrer noopener\">Tekstiili- ja muotialan kasvun paikat -raportti (2022)<\/a><br><a href=\"https:\/\/www.stjm.fi\/wp-content\/uploads\/2023\/08\/20230816_STJM-nakemykset_tekstiilien-laajennetusta-tuottajavastuusta-1.pdf\">Suomen Tekstiili &amp; Muoti ry:n n\u00e4kemyksi\u00e4 tekstiilien laajennetusta tuottajavastuusta<\/a><br><a href=\"https:\/\/www.stjm.fi\/uutiset\/digitaalisen-ja-fyysisen-kokemuksen-integrointi-elinehto-muotialan-yrityksille\/\" target=\"_blank\" rel=\"noreferrer noopener\">Digitalisaation vaikutukset muotialaan<\/a>. Marika Piispanen, Sanna Rauhala &amp; Minna K\u00e4rh\u00e4, 2023<\/li>\n\n\n\n<li><a rel=\"noreferrer noopener\" href=\"https:\/\/www.ornamo.fi\/\" target=\"_blank\">Ornamo<\/a><\/li>\n\n\n\n<li><a rel=\"noreferrer noopener\" href=\"http:\/\/www.tekstiililehti.fi\/fi\/etusivu\/\" target=\"_blank\">Tekstiililehti<\/a><\/li>\n\n\n\n<li><a rel=\"noreferrer noopener\" href=\"https:\/\/telaketju.turkuamk.fi\/\" target=\"_blank\">Telaketju&nbsp;<\/a>\u2013 liiketoimintaa tekstiilien kiertotaloudesta<\/li>\n\n\n\n<li>PrintoCentin printattu \u00e4lykkyys&nbsp;<a rel=\"noreferrer noopener\" href=\"https:\/\/www.printocent.net\/handbook\/\" target=\"_blank\">K\u00e4sikirja<\/a>. K\u00e4sikirjassa on kuvaus erilaisista printatuista ja hybridi elektroni komponenteista sek\u00e4 prosesseista. K\u00e4sikirjassa kerrotaan my\u00f6s kuinka printattua elektroniikkaa voidaan k\u00e4ytt\u00e4\u00e4 tuotekehityksess\u00e4.<\/li>\n\n\n\n<li><a href=\"https:\/\/kiertotaloussuomi.fi\/\">Kiertotalous-Suomi (kisu) sivusto<\/a>. Kiertotalous-Suomi on yksi kansallisen kiertotalousohjelman toimenpiteist\u00e4. Ohjelmaa koordinoivat ymp\u00e4rist\u00f6ministeri\u00f6 sek\u00e4 ty\u00f6- ja elinkeinoministeri\u00f6.<\/li>\n\n\n\n<li><a rel=\"noreferrer noopener\" href=\"https:\/\/www.materiaalitori.fi\/\" target=\"_blank\">Materiaalitori&nbsp;<\/a>\u2013 J\u00e4tteiden ja sivuvirtojen tietoalusta. Kohtaamispaikka yritysten ja organisaatioiden j\u00e4tteiden, sivuvirtojen ja ylij\u00e4\u00e4m\u00e4materiaalien tuottajille ja hy\u00f6dynt\u00e4jille. Ilmoita materiaaleista ja palveluista maksuttomasti!<\/li>\n\n\n\n<li><a href=\"https:\/\/www.sitra.fi\/aiheet\/kiertotalous\/\" target=\"_blank\" rel=\"noreferrer noopener\">Sitran kiertotaloutta k\u00e4sittelev\u00e4 sivusto<\/a>&nbsp;sek\u00e4&nbsp;<a href=\"https:\/\/www.sitra.fi\/uutiset\/uusi-kasikirja-kiertotalousliiketoiminnan-kehittamiseen-sopii-kaikille-suomalaisyrityksille\/\" target=\"_blank\" rel=\"noreferrer noopener\">Kiertotalousk\u00e4sikirja<\/a>, joka sopii kaikille suomalaisyrityksille.<\/li>\n\n\n\n<li><a href=\"https:\/\/www.sitra.fi\/tulevaisuussanasto\/\" target=\"_blank\" rel=\"noreferrer noopener\">Sitran tulevaisuussanasto<\/a><\/li>\n\n\n\n<li><a rel=\"noreferrer noopener\" href=\"https:\/\/mediabank.businessfinland.fi\/l\/_RzqMVzGVbGs\/f\/mdSH\" target=\"_blank\">Vastuullisuusopas digitaalisen kaupan pk-yrityksille<\/a>. Business Finlandin Experience Commerce -ohjelman julkaisema toimialakohtainen vastuullisuusopas digitaalisen kaupan yrityksille. Tavoitteena on auttaa yrityksi\u00e4 lis\u00e4\u00e4m\u00e4\u00e4n osaamistaan kest\u00e4v\u00e4n kehityksen eri tasoista ja ottamaan ne osaksi strategiansa ja kilpailukykyns\u00e4 kehitt\u00e4mist\u00e4.&nbsp;<a rel=\"noreferrer noopener\" href=\"https:\/\/www.businessfinland.fi\/ajankohtaista\/uutiset\/2022\/suomesta-kestavan-kehityksen-suurvalta?utm_campaign=uutiskirje_24112022&amp;utm_medium=email&amp;utm_source=bf_customer_letter&amp;utm_content=nosto-suurvalta#msdynttrid=dfGx6_wgN_ygcH9Bga2ujsDS3DPwOwm7YCvAwS-kq44\" target=\"_blank\">Lue lis\u00e4\u00e4<\/a>&nbsp;vastuullisuusoppaan taustoista.<\/li>\n\n\n\n<li><a href=\"https:\/\/www.stjm.fi\/palvelut-ja-tietoa-yrityksille\/hiilineutraali-tekstiiliala-2035-sitoumus\/\">Hiilineutraali tekstiiliala 2035 -sitoumus<\/a><\/li>\n\n\n\n<li><a href=\"https:\/\/finnwatch.org\/images\/reports_pdf\/Kaalimaan_vartijat_2_.pdf\">Sertifiointi- ja auditointij\u00e4rjestelmien laatua tarkasteleva seurantaraportti<\/a><br>Pohjoismainen ymp\u00e4rist\u00f6merkki,&nbsp;<a href=\"https:\/\/joutsenmerkki.fi\/\">Joutsenmerkki<\/a><\/li>\n\n\n\n<li><a href=\"https:\/\/opinkirjo.fi\/wp-content\/uploads\/2020\/01\/matka-tuotemuotoiluun-opas-opettajille-11.3.-20-sivu-kirja.pdf\" target=\"_blank\" rel=\"noreferrer noopener\">Matka tuotemuotoiluun \u2013 opas opettajille<\/a>. Kehitt\u00e4miskeskus Opinkirjo, Designmuseo, Ornamo, Muotoilun skidiakatemia.<\/li>\n\n\n\n<li>Nousiainen, P. ja Rissanen, M. 2020. Tekstiilikuidut : tekniset ja \u00e4lykk\u00e4\u00e4t tekstiilit. Tammertekniikka. 277 s.<\/li>\n\n\n\n<li><a rel=\"noreferrer noopener\" href=\"https:\/\/shop.aalto.fi\/p\/1810-sun-powered-textiles\/\" target=\"_blank\">Sun-powered textiles \u2013 Designing energy autonomous electrotextile systems with solar cells<\/a>. Elina Il\u00e9n, Janne Halme, Elina Palovuori, Bettina Blomstedt &amp; Farid Elsehrawy. Aalto University. (PDF-tiedoston lataaminen on ilmainen, kirjan voi tilata maksusta)<\/li>\n\n\n\n<li><a href=\"https:\/\/aaltodoc.aalto.fi\/handle\/123456789\/121284\" target=\"_blank\" rel=\"noreferrer noopener\">Layered Approaches \u2013 Woven eTextile Explorations Through Applied Textile Thinking<\/a>. Emmi Pouta. 2023. Aalto University.<\/li>\n\n\n\n<li><a href=\"https:\/\/www.theseus.fi\/handle\/10024\/796709\" target=\"_blank\" rel=\"noreferrer noopener\">N\u00e4k\u00f6kulmia digitaalisuuden nykytilasta muotialalla<\/a>. Annariina Ruokamo, 2024<\/li>\n\n\n\n<li><a href=\"https:\/\/www.theseus.fi\/handle\/10024\/794704\" target=\"_blank\" rel=\"noreferrer noopener\">3D-ohjelman k\u00e4yt\u00f6n vaikutukset&nbsp;ekotehokkuuteen vaatteen&nbsp;tuotekehitysprosessissa<\/a>.&nbsp;Jessica Brandelin, 2023<\/li>\n\n\n\n<li><a href=\"https:\/\/www.theseus.fi\/handle\/10024\/747457\" target=\"_blank\" rel=\"noreferrer noopener\">3D-ohjelmiston k\u00e4ytt\u00f6\u00f6notto vaatteen suunnitteluprosessissa<\/a>. Pihla Monter, 2022<\/li>\n\n\n\n<li><a href=\"https:\/\/www.theseus.fi\/handle\/10024\/820905\" target=\"_blank\" rel=\"noreferrer noopener\">3D-ohjelmiston soveltamisen vaikutukset ty\u00f6vaatetuksen myyntiin ja markkinointiin<\/a><a href=\"http:\/\/\u2022\thttps:\/\/www.theseus.fi\/handle\/10024\/820905\">.<\/a> Hulda Kuronen, 2024<\/li>\n\n\n\n<li><a href=\"https:\/\/www.theseus.fi\/handle\/10024\/854711\" target=\"_blank\" rel=\"noreferrer noopener\">3D-suunnittelu tekstiili- ja muotialalla: vertailu 3D-ohjelmistoista Dimex Oy:lle<\/a>. Sanna Vainikainen, 2024<\/li>\n\n\n\n<li><a href=\"https:\/\/www.theseus.fi\/handle\/10024\/793828\" target=\"_blank\" rel=\"noreferrer noopener\">Nuorten muotoilija-taiteilijoiden ansaintamahdollisuudet ja ansaintapotentiaali metaversumeissa. <\/a>Jere Rouhiainen, 2023<\/li>\n\n\n\n<li><a href=\"https:\/\/www.theseus.fi\/handle\/10024\/864930\" target=\"_blank\" rel=\"noreferrer noopener\">Digitaalinen identiteetti Metaversessa : tutkimus 3D-ihmisen ja virtuaalisen muodin luomisesta.<\/a> Wilma Kurumaa, 2024<\/li>\n<\/ul>\n\n\n\n<p><strong>International web pages:<\/strong><\/p>\n\n\n\n<ul class=\"wp-block-list\">\n<li><a rel=\"noreferrer noopener\" href=\"https:\/\/smartees.tech\/\" target=\"_blank\">Smartees&nbsp;<\/a>\u2013 The European Flexible and Wearable Electronics Association<\/li>\n\n\n\n<li><a rel=\"noreferrer noopener\" href=\"https:\/\/nordiccircularhotspot.org\/\" target=\"_blank\">Nordic Circular Hotspot<\/a>&nbsp;on verkosto ja fasilitaattori, jonka tavoitteena on nopeuttaa siirtymist\u00e4 kest\u00e4v\u00e4\u00e4n ja kiertotalouteen Pohjoismaissa.<\/li>\n\n\n\n<li><a rel=\"noreferrer noopener\" href=\"https:\/\/environment.ec.europa.eu\/strategy\/textiles-strategy_fi\" target=\"_blank\">EUn tekstiilistrategia<\/a><\/li>\n\n\n\n<li><a href=\"https:\/\/geniustex.net\/\" target=\"_blank\" rel=\"noreferrer noopener\">GeniusTex<\/a>&nbsp;\u2013 an innovation platform open for all players in Smart Textiles (textiles, electronics, designers, app developers, users) and their contributions (e.g., by software development kit)<\/li>\n\n\n\n<li><a rel=\"noreferrer noopener\" href=\"https:\/\/e-textiles-network.com\/\" target=\"_blank\">E-Textiles Network<\/a><\/li>\n\n\n\n<li><a rel=\"noreferrer noopener\" href=\"https:\/\/www.idtechex.com\/\" target=\"_blank\">IDTechEx<\/a><\/li>\n\n\n\n<li><a rel=\"noreferrer noopener\" href=\"https:\/\/smarttextiles.se\/en\/\" target=\"_blank\">Smart Textiles<\/a><\/li>\n\n\n\n<li><a rel=\"noreferrer noopener\" href=\"https:\/\/smarttex-netzwerk.de\/en\/\" target=\"_blank\">SmartTex Netzwerk<\/a><\/li>\n\n\n\n<li>The Swedish School of Textile&nbsp;<a rel=\"noreferrer noopener\" href=\"https:\/\/researchoutlet.se\/\" target=\"_blank\">research outlets<\/a><\/li>\n\n\n\n<li><a rel=\"noreferrer noopener\" href=\"https:\/\/www.context-cost.eu\/\" target=\"_blank\">Context-Cost<\/a>&nbsp;\u2013&nbsp;European Network to connect research and innovation efforts on advanced Smart Textiles<\/li>\n\n\n\n<li><a rel=\"noreferrer noopener\" href=\"https:\/\/ellenmacarthurfoundation.org\/\" target=\"_blank\">Ellen MacArthur Foundation<\/a>&nbsp;\u2013 Circular Economy<\/li>\n\n\n\n<li><a href=\"https:\/\/issuu.com\/fashionrevolution\/docs\/sbp_white_paper_digital_280623?utm_medium=email&amp;_hsmi=75634233&amp;_hsenc=p2ANqtz-8qA_MWqVkJWAJGTqN0F8T262vA7_yh_PQHtn-SpdyANOe8LHzQYZs07TpSCiUZDJmb6wGU14eqBD9-LKgTrZ88VGUyVA&amp;utm_content=75634233&amp;utm_source=hs_email\">Fair Thread: Policy Recommendations for a Sustainable Textile Industry<\/a><\/li>\n<\/ul>\n\n\n\n<p><strong><br>Trends &amp; Forecasts:<\/strong><\/p>\n\n\n\n<ul class=\"wp-block-list\">\n<li><a href=\"https:\/\/www.sitra.fi\/julkaisut\/megatrendit-2023\/\" target=\"_blank\" rel=\"noreferrer noopener\">Megatrendit 2023<\/a>, Sitra<\/li>\n\n\n\n<li><a rel=\"noreferrer noopener\" href=\"https:\/\/futureofretail.io\/\" target=\"_blank\">Future of Retail 2030<\/a>, Futurice<\/li>\n\n\n\n<li><a rel=\"noreferrer noopener\" href=\"https:\/\/go.euromonitor.com\/white-paper-EC-2023-Top-10-Global-Consumer-Trends-EN.html\" target=\"_blank\">Top 10 global consumer trends 2023<\/a>, Euromonitor International<\/li>\n\n\n\n<li><a rel=\"noreferrer noopener\" href=\"https:\/\/www.statista.com\/statistics\/302735\/smart-clothing-fabrics-shipments-worldwide\/\" target=\"_blank\">Statista&nbsp;<\/a>\u2013 \u00e4lytekstiilien markkinatilanne ja kasvuennusteet<\/li>\n\n\n\n<li><a rel=\"noreferrer noopener\" href=\"https:\/\/www.wearabletechnologyinsights.com\/\" target=\"_blank\">Wearable Technology Insights<\/a>&nbsp;<\/li>\n<\/ul>","protected":false},"excerpt":{"rendered":"<p>National web pages: International web pages: Trends &amp; Forecasts:<\/p>","protected":false},"author":1,"featured_media":0,"parent":0,"menu_order":0,"comment_status":"closed","ping_status":"closed","template":"","meta":{"_eb_attr":"","site-sidebar-layout":"default","site-content-layout":"","ast-site-content-layout":"default","site-content-style":"default","site-sidebar-style":"default","ast-global-header-display":"","ast-banner-title-visibility":"","ast-main-header-display":"","ast-hfb-above-header-display":"","ast-hfb-below-header-display":"","ast-hfb-mobile-header-display":"","site-post-title":"","ast-breadcrumbs-content":"","ast-featured-img":"","footer-sml-layout":"","theme-transparent-header-meta":"","adv-header-id-meta":"","stick-header-meta":"","header-above-stick-meta":"","header-main-stick-meta":"","header-below-stick-meta":"","astra-migrate-meta-layouts":"set","ast-page-background-enabled":"default","ast-page-background-meta":{"desktop":{"background-color":"var(--ast-global-color-4)","background-image":"","background-repeat":"repeat","background-position":"center center","background-size":"auto","background-attachment":"scroll","background-type":"","background-media":"","overlay-type":"","overlay-color":"","overlay-opacity":"","overlay-gradient":""},"tablet":{"background-color":"","background-image":"","background-repeat":"repeat","background-position":"center center","background-size":"auto","background-attachment":"scroll","background-type":"","background-media":"","overlay-type":"","overlay-color":"","overlay-opacity":"","overlay-gradient":""},"mobile":{"background-color":"","background-image":"","background-repeat":"repeat","background-position":"center center","background-size":"auto","background-attachment":"scroll","background-type":"","background-media":"","overlay-type":"","overlay-color":"","overlay-opacity":"","overlay-gradient":""}},"ast-content-background-meta":{"desktop":{"background-color":"var(--ast-global-color-5)","background-image":"","background-repeat":"repeat","background-position":"center center","background-size":"auto","background-attachment":"scroll","background-type":"","background-media":"","overlay-type":"","overlay-color":"","overlay-opacity":"","overlay-gradient":""},"tablet":{"background-color":"var(--ast-global-color-5)","background-image":"","background-repeat":"repeat","background-position":"center center","background-size":"auto","background-attachment":"scroll","background-type":"","background-media":"","overlay-type":"","overlay-color":"","overlay-opacity":"","overlay-gradient":""},"mobile":{"background-color":"var(--ast-global-color-5)","background-image":"","background-repeat":"repeat","background-position":"center center","background-size":"auto","background-attachment":"scroll","background-type":"","background-media":"","overlay-type":"","overlay-color":"","overlay-opacity":"","overlay-gradient":""}},"footnotes":""},"class_list":["post-2185","page","type-page","status-publish","hentry"],"_links":{"self":[{"href":"https:\/\/www.futurewearableslab.fi\/fi\/wp-json\/wp\/v2\/pages\/2185","targetHints":{"allow":["GET"]}}],"collection":[{"href":"https:\/\/www.futurewearableslab.fi\/fi\/wp-json\/wp\/v2\/pages"}],"about":[{"href":"https:\/\/www.futurewearableslab.fi\/fi\/wp-json\/wp\/v2\/types\/page"}],"author":[{"embeddable":true,"href":"https:\/\/www.futurewearableslab.fi\/fi\/wp-json\/wp\/v2\/users\/1"}],"replies":[{"embeddable":true,"href":"https:\/\/www.futurewearableslab.fi\/fi\/wp-json\/wp\/v2\/comments?post=2185"}],"version-history":[{"count":19,"href":"https:\/\/www.futurewearableslab.fi\/fi\/wp-json\/wp\/v2\/pages\/2185\/revisions"}],"predecessor-version":[{"id":2515,"href":"https:\/\/www.futurewearableslab.fi\/fi\/wp-json\/wp\/v2\/pages\/2185\/revisions\/2515"}],"wp:attachment":[{"href":"https:\/\/www.futurewearableslab.fi\/fi\/wp-json\/wp\/v2\/media?parent=2185"}],"curies":[{"name":"wp","href":"https:\/\/api.w.org\/{rel}","templated":true}]}}