{"id":2099,"date":"2025-02-06T13:52:42","date_gmt":"2025-02-06T11:52:42","guid":{"rendered":"https:\/\/www.futurewearableslab.fi\/?page_id=2099"},"modified":"2025-02-17T19:44:42","modified_gmt":"2025-02-17T17:44:42","slug":"operational-models-of-design-expertise","status":"publish","type":"page","link":"https:\/\/www.futurewearableslab.fi\/fi\/operational-models-of-design-expertise\/","title":{"rendered":"Operational models of design expertise"},"content":{"rendered":"<div class=\"wp-block-stackable-heading stk-block-heading stk-block-heading--v2 stk-block stk-b75de0c\" id=\"operational-models-of-design-expertise\" data-block-id=\"b75de0c\"><h3 class=\"stk-block-heading__text has-text-align-center\">Operational models of design expertise<\/h3><\/div>\n\n\n\n<div class=\"wp-block-stackable-columns stk-block-columns stk-block stk-c69f6be\" data-block-id=\"c69f6be\"><div class=\"stk-row stk-inner-blocks stk-block-content stk-content-align stk-c69f6be-column\">\n<div class=\"wp-block-stackable-column stk-block-column stk-column stk-block stk-7fcc872\" data-v=\"4\" data-block-id=\"7fcc872\"><div class=\"stk-column-wrapper stk-block-column__content stk-container stk-7fcc872-container stk--no-background stk--no-padding\"><div class=\"has-text-align-center stk-block-content stk-inner-blocks stk-7fcc872-inner-blocks\">\n<p class=\"has-text-align-left\">In the following, two operating models of design expertise are presented: design thinking and human-centered design. Other models are e.g. Value-Sensitive Design, Design for Wellbeing, Systems Intelligence Tactics, Responsible Design \u2013 Life-Cycle Analysis and Experience Design.<\/p>\n<\/div><\/div><\/div>\n<\/div><\/div>\n\n\n\n<div class=\"wp-block-getwid-image-hotspot getwid-animation has-animated-dots\" data-animation=\"pulse\" data-appearance-animation=\"zoomIn\" data-image-points=\"[{&quot;link&quot;:&quot;&quot;,&quot;icon&quot;:&quot;&quot;,&quot;title&quot;:&quot;K\u00c4YTT\u00c4J\u00c4YMM\u00c4RRYS&quot;,&quot;color&quot;:&quot;&quot;,&quot;content&quot;:&quot;&quot;,&quot;backgroundColor&quot;:&quot;&quot;,&quot;newTab&quot;:false,&quot;popUpOpen&quot;:false,&quot;popUpWidth&quot;:350,&quot;placement&quot;:&quot;top&quot;,&quot;position&quot;:{&quot;x&quot;:&quot;20.44%&quot;,&quot;y&quot;:&quot;32.63%&quot;}},{&quot;link&quot;:&quot;&quot;,&quot;icon&quot;:&quot;&quot;,&quot;title&quot;:&quot;TAUSTATUTKIMUS <br&gt; BENCHMARKIT <br&gt; TRENDIT&quot;,&quot;color&quot;:&quot;&quot;,&quot;content&quot;:&quot;&quot;,&quot;backgroundColor&quot;:&quot;&quot;,&quot;newTab&quot;:false,&quot;popUpOpen&quot;:false,&quot;popUpWidth&quot;:350,&quot;placement&quot;:&quot;top&quot;,&quot;position&quot;:{&quot;x&quot;:&quot;33.74%&quot;,&quot;y&quot;:&quot;43.05%&quot;}},{&quot;link&quot;:&quot;&quot;,&quot;icon&quot;:&quot;&quot;,&quot;title&quot;:&quot;M\u00c4\u00c4RITTELY&quot;,&quot;color&quot;:&quot;&quot;,&quot;content&quot;:&quot;&quot;,&quot;backgroundColor&quot;:&quot;&quot;,&quot;newTab&quot;:false,&quot;popUpOpen&quot;:false,&quot;popUpWidth&quot;:350,&quot;placement&quot;:&quot;top&quot;,&quot;position&quot;:{&quot;x&quot;:&quot;34.73%&quot;,&quot;y&quot;:&quot;66.52%&quot;}},{&quot;link&quot;:&quot;&quot;,&quot;icon&quot;:&quot;&quot;,&quot;title&quot;:&quot;IDEOINTI&quot;,&quot;color&quot;:&quot;&quot;,&quot;content&quot;:&quot;&quot;,&quot;backgroundColor&quot;:&quot;&quot;,&quot;newTab&quot;:false,&quot;popUpOpen&quot;:false,&quot;popUpWidth&quot;:350,&quot;placement&quot;:&quot;top&quot;,&quot;position&quot;:{&quot;x&quot;:&quot;20.77%&quot;,&quot;y&quot;:&quot;78.80%&quot;}},{&quot;link&quot;:&quot;&quot;,&quot;icon&quot;:&quot;&quot;,&quot;title&quot;:&quot;PROTOTYPOINTI&quot;,&quot;color&quot;:&quot;&quot;,&quot;content&quot;:&quot;&quot;,&quot;backgroundColor&quot;:&quot;&quot;,&quot;newTab&quot;:false,&quot;popUpOpen&quot;:false,&quot;popUpWidth&quot;:350,&quot;placement&quot;:&quot;top&quot;,&quot;position&quot;:{&quot;x&quot;:&quot;6.70%&quot;,&quot;y&quot;:&quot;68.85%&quot;}},{&quot;link&quot;:&quot;&quot;,&quot;icon&quot;:&quot;&quot;,&quot;title&quot;:&quot;K\u00c4YTT\u00c4J\u00c4TESTAUS&quot;,&quot;color&quot;:&quot;&quot;,&quot;content&quot;:&quot;&quot;,&quot;backgroundColor&quot;:&quot;&quot;,&quot;newTab&quot;:false,&quot;popUpOpen&quot;:false,&quot;popUpWidth&quot;:350,&quot;placement&quot;:&quot;top&quot;,&quot;position&quot;:{&quot;x&quot;:&quot;5.71%&quot;,&quot;y&quot;:&quot;45.38%&quot;}},{&quot;link&quot;:&quot;&quot;,&quot;icon&quot;:&quot;&quot;,&quot;title&quot;:&quot;K\u00c4YTT\u00c4J\u00c4YMM\u00c4RRYS&quot;,&quot;color&quot;:&quot;&quot;,&quot;content&quot;:&quot;&quot;,&quot;backgroundColor&quot;:&quot;&quot;,&quot;newTab&quot;:false,&quot;popUpOpen&quot;:false,&quot;popUpWidth&quot;:350,&quot;placement&quot;:&quot;top&quot;,&quot;position&quot;:{&quot;x&quot;:&quot;66.04%&quot;,&quot;y&quot;:&quot;38.39%&quot;}},{&quot;link&quot;:&quot;&quot;,&quot;icon&quot;:&quot;&quot;,&quot;title&quot;:&quot;M\u00c4\u00c4RITTELY&quot;,&quot;color&quot;:&quot;&quot;,&quot;content&quot;:&quot;&quot;,&quot;backgroundColor&quot;:&quot;&quot;,&quot;newTab&quot;:false,&quot;popUpOpen&quot;:false,&quot;popUpWidth&quot;:350,&quot;placement&quot;:&quot;top&quot;,&quot;position&quot;:{&quot;x&quot;:&quot;89.01%&quot;,&quot;y&quot;:&quot;40.56%&quot;}},{&quot;link&quot;:&quot;&quot;,&quot;icon&quot;:&quot;&quot;,&quot;title&quot;:&quot;IDEOINTI&quot;,&quot;color&quot;:&quot;&quot;,&quot;content&quot;:&quot;&quot;,&quot;backgroundColor&quot;:&quot;&quot;,&quot;newTab&quot;:false,&quot;popUpOpen&quot;:false,&quot;popUpWidth&quot;:350,&quot;placement&quot;:&quot;top&quot;,&quot;position&quot;:{&quot;x&quot;:&quot;90.88%&quot;,&quot;y&quot;:&quot;67.45%&quot;}},{&quot;link&quot;:&quot;&quot;,&quot;icon&quot;:&quot;&quot;,&quot;title&quot;:&quot;PROTOTYPOINTI&quot;,&quot;color&quot;:&quot;&quot;,&quot;content&quot;:&quot;&quot;,&quot;backgroundColor&quot;:&quot;&quot;,&quot;newTab&quot;:false,&quot;popUpOpen&quot;:false,&quot;popUpWidth&quot;:350,&quot;placement&quot;:&quot;top&quot;,&quot;position&quot;:{&quot;x&quot;:&quot;76.37%&quot;,&quot;y&quot;:&quot;79.11%&quot;}},{&quot;link&quot;:&quot;&quot;,&quot;icon&quot;:&quot;&quot;,&quot;title&quot;:&quot;K\u00c4YTT\u00c4J\u00c4TESTAUS&quot;,&quot;color&quot;:&quot;&quot;,&quot;content&quot;:&quot;&quot;,&quot;backgroundColor&quot;:&quot;&quot;,&quot;newTab&quot;:false,&quot;popUpOpen&quot;:false,&quot;popUpWidth&quot;:350,&quot;placement&quot;:&quot;top&quot;,&quot;position&quot;:{&quot;x&quot;:&quot;62.64%&quot;,&quot;y&quot;:&quot;67.45%&quot;}},{&quot;link&quot;:&quot;&quot;,&quot;icon&quot;:&quot;&quot;,&quot;title&quot;:&quot;VAATESUUNNITTELU K\u00c4YTT\u00d6LIITTYM\u00c4SUUNNITTELU ELEKTRONIIKKASUUNNITTELU OHJELMISTOSUUNNITTELU&quot;,&quot;color&quot;:&quot;&quot;,&quot;content&quot;:&quot;&quot;,&quot;backgroundColor&quot;:&quot;&quot;,&quot;newTab&quot;:false,&quot;popUpOpen&quot;:false,&quot;popUpWidth&quot;:350,&quot;placement&quot;:&quot;top&quot;,&quot;position&quot;:{&quot;x&quot;:&quot;76.87%&quot;,&quot;y&quot;:&quot;56.26%&quot;}}]\" data-trigger=\"hover\" data-theme=\"light\" data-tooltip-animation=\"shift-toward\" data-arrow=\"true\"><div class=\"wp-block-getwid-image-hotspot__wrapper\"><img loading=\"lazy\" decoding=\"async\" width=\"2560\" height=\"1810\" src=\"https:\/\/www.futurewearableslab.fi\/wp-content\/uploads\/2023\/10\/poster04_bg_en-scaled.jpg\" alt=\"\" class=\"wp-block-getwid-image-hotspot__image wp-image-1367\" srcset=\"https:\/\/www.futurewearableslab.fi\/wp-content\/uploads\/2023\/10\/poster04_bg_en-scaled.jpg 2560w, https:\/\/www.futurewearableslab.fi\/wp-content\/uploads\/2023\/10\/poster04_bg_en-300x212.jpg 300w, https:\/\/www.futurewearableslab.fi\/wp-content\/uploads\/2023\/10\/poster04_bg_en-1024x724.jpg 1024w, https:\/\/www.futurewearableslab.fi\/wp-content\/uploads\/2023\/10\/poster04_bg_en-768x543.jpg 768w, https:\/\/www.futurewearableslab.fi\/wp-content\/uploads\/2023\/10\/poster04_bg_en-1536x1086.jpg 1536w, https:\/\/www.futurewearableslab.fi\/wp-content\/uploads\/2023\/10\/poster04_bg_en-2048x1448.jpg 2048w, https:\/\/www.futurewearableslab.fi\/wp-content\/uploads\/2023\/10\/poster04_bg_en-18x12.jpg 18w\" sizes=\"auto, (max-width: 2560px) 100vw, 2560px\" \/><div data-point-id=\"0\" class=\"wp-block-getwid-image-hotspot__dot has-animation-pulse\" style=\"padding:2px;left:20.44%;top:32.63%\"><div class=\"wp-block-getwid-image-hotspot__dot-wrapper\"><div class=\"wp-block-getwid-image-hotspot__dot-content\"><i class=\"fas fa-plus wp-block-getwid-image-hotspot__dot-icon\"><\/i><\/div><\/div><div class=\"wp-block-getwid-image-hotspot__dot-description\"><div class=\"wp-block-getwid-image-hotspot__dot-title\">K\u00c4YTT\u00c4J\u00c4YMM\u00c4RRYS<\/div><\/div><\/div><div data-point-id=\"1\" class=\"wp-block-getwid-image-hotspot__dot has-animation-pulse\" style=\"padding:2px;left:33.74%;top:43.05%\"><div class=\"wp-block-getwid-image-hotspot__dot-wrapper\"><div class=\"wp-block-getwid-image-hotspot__dot-content\"><i class=\"fas fa-plus wp-block-getwid-image-hotspot__dot-icon\"><\/i><\/div><\/div><div class=\"wp-block-getwid-image-hotspot__dot-description\"><div class=\"wp-block-getwid-image-hotspot__dot-title\">TAUSTATUTKIMUS &lt;br&gt; BENCHMARKIT &lt;br&gt; TRENDIT<\/div><\/div><\/div><div data-point-id=\"2\" class=\"wp-block-getwid-image-hotspot__dot has-animation-pulse\" style=\"padding:2px;left:34.73%;top:66.52%\"><div class=\"wp-block-getwid-image-hotspot__dot-wrapper\"><div class=\"wp-block-getwid-image-hotspot__dot-content\"><i class=\"fas fa-plus wp-block-getwid-image-hotspot__dot-icon\"><\/i><\/div><\/div><div class=\"wp-block-getwid-image-hotspot__dot-description\"><div class=\"wp-block-getwid-image-hotspot__dot-title\">M\u00c4\u00c4RITTELY<\/div><\/div><\/div><div data-point-id=\"3\" class=\"wp-block-getwid-image-hotspot__dot has-animation-pulse\" style=\"padding:2px;left:20.77%;top:78.80%\"><div class=\"wp-block-getwid-image-hotspot__dot-wrapper\"><div class=\"wp-block-getwid-image-hotspot__dot-content\"><i class=\"fas fa-plus wp-block-getwid-image-hotspot__dot-icon\"><\/i><\/div><\/div><div class=\"wp-block-getwid-image-hotspot__dot-description\"><div class=\"wp-block-getwid-image-hotspot__dot-title\">IDEOINTI<\/div><\/div><\/div><div data-point-id=\"4\" class=\"wp-block-getwid-image-hotspot__dot has-animation-pulse\" style=\"padding:2px;left:6.70%;top:68.85%\"><div class=\"wp-block-getwid-image-hotspot__dot-wrapper\"><div class=\"wp-block-getwid-image-hotspot__dot-content\"><i class=\"fas fa-plus wp-block-getwid-image-hotspot__dot-icon\"><\/i><\/div><\/div><div class=\"wp-block-getwid-image-hotspot__dot-description\"><div class=\"wp-block-getwid-image-hotspot__dot-title\">PROTOTYPOINTI<\/div><\/div><\/div><div data-point-id=\"5\" class=\"wp-block-getwid-image-hotspot__dot has-animation-pulse\" style=\"padding:2px;left:5.71%;top:45.38%\"><div class=\"wp-block-getwid-image-hotspot__dot-wrapper\"><div class=\"wp-block-getwid-image-hotspot__dot-content\"><i class=\"fas fa-plus wp-block-getwid-image-hotspot__dot-icon\"><\/i><\/div><\/div><div class=\"wp-block-getwid-image-hotspot__dot-description\"><div class=\"wp-block-getwid-image-hotspot__dot-title\">K\u00c4YTT\u00c4J\u00c4TESTAUS<\/div><\/div><\/div><div data-point-id=\"6\" class=\"wp-block-getwid-image-hotspot__dot has-animation-pulse\" style=\"padding:2px;left:66.04%;top:38.39%\"><div class=\"wp-block-getwid-image-hotspot__dot-wrapper\"><div class=\"wp-block-getwid-image-hotspot__dot-content\"><i class=\"fas fa-plus wp-block-getwid-image-hotspot__dot-icon\"><\/i><\/div><\/div><div class=\"wp-block-getwid-image-hotspot__dot-description\"><div class=\"wp-block-getwid-image-hotspot__dot-title\">K\u00c4YTT\u00c4J\u00c4YMM\u00c4RRYS<\/div><\/div><\/div><div data-point-id=\"7\" class=\"wp-block-getwid-image-hotspot__dot has-animation-pulse\" style=\"padding:2px;left:89.01%;top:40.56%\"><div class=\"wp-block-getwid-image-hotspot__dot-wrapper\"><div class=\"wp-block-getwid-image-hotspot__dot-content\"><i class=\"fas fa-plus wp-block-getwid-image-hotspot__dot-icon\"><\/i><\/div><\/div><div class=\"wp-block-getwid-image-hotspot__dot-description\"><div class=\"wp-block-getwid-image-hotspot__dot-title\">M\u00c4\u00c4RITTELY<\/div><\/div><\/div><div data-point-id=\"8\" class=\"wp-block-getwid-image-hotspot__dot has-animation-pulse\" style=\"padding:2px;left:90.88%;top:67.45%\"><div class=\"wp-block-getwid-image-hotspot__dot-wrapper\"><div class=\"wp-block-getwid-image-hotspot__dot-content\"><i class=\"fas fa-plus wp-block-getwid-image-hotspot__dot-icon\"><\/i><\/div><\/div><div class=\"wp-block-getwid-image-hotspot__dot-description\"><div class=\"wp-block-getwid-image-hotspot__dot-title\">IDEOINTI<\/div><\/div><\/div><div data-point-id=\"9\" class=\"wp-block-getwid-image-hotspot__dot has-animation-pulse\" style=\"padding:2px;left:76.37%;top:79.11%\"><div class=\"wp-block-getwid-image-hotspot__dot-wrapper\"><div class=\"wp-block-getwid-image-hotspot__dot-content\"><i class=\"fas fa-plus wp-block-getwid-image-hotspot__dot-icon\"><\/i><\/div><\/div><div class=\"wp-block-getwid-image-hotspot__dot-description\"><div class=\"wp-block-getwid-image-hotspot__dot-title\">PROTOTYPOINTI<\/div><\/div><\/div><div data-point-id=\"10\" class=\"wp-block-getwid-image-hotspot__dot has-animation-pulse\" style=\"padding:2px;left:62.64%;top:67.45%\"><div class=\"wp-block-getwid-image-hotspot__dot-wrapper\"><div class=\"wp-block-getwid-image-hotspot__dot-content\"><i class=\"fas fa-plus wp-block-getwid-image-hotspot__dot-icon\"><\/i><\/div><\/div><div class=\"wp-block-getwid-image-hotspot__dot-description\"><div class=\"wp-block-getwid-image-hotspot__dot-title\">K\u00c4YTT\u00c4J\u00c4TESTAUS<\/div><\/div><\/div><div data-point-id=\"11\" class=\"wp-block-getwid-image-hotspot__dot has-animation-pulse\" style=\"padding:2px;left:76.87%;top:56.26%\"><div class=\"wp-block-getwid-image-hotspot__dot-wrapper\"><div class=\"wp-block-getwid-image-hotspot__dot-content\"><i class=\"fas fa-plus wp-block-getwid-image-hotspot__dot-icon\"><\/i><\/div><\/div><div class=\"wp-block-getwid-image-hotspot__dot-description\"><div class=\"wp-block-getwid-image-hotspot__dot-title\">VAATESUUNNITTELU K\u00c4YTT\u00d6LIITTYM\u00c4SUUNNITTELU ELEKTRONIIKKASUUNNITTELU OHJELMISTOSUUNNITTELU<\/div><\/div><\/div><\/div><\/div>\n\n\n\n<p><\/p>\n\n\n\n<p><strong>DESIGN THINKING<\/strong><\/p>\n\n\n\n<p>Design thinking is a human-centered innovation process focused on collaboration, iterative problem-solving, rapid learning, prototyping and simultaneous business analysis. According to Brown (2008) design thinking is \u201ca discipline that uses the designer\u2019s sensibility and methods to match people\u2019s needs with what is technologically feasible and what a viable business strategy can convert into customer value and market opportunity.\u201d It is characterized by creativity and innovation, user-centeredness and user involvement, problem solving, iteration and experimentation, interdisciplinary collaboration, visualization, but also acceptance to tolerance of ambiguity and failure. It is also closely linked to approaches such as human-centered design, participatory design, co-design, empathic design. Design thinking is widely spread in academia, industry, governmental organizations, education and within and beyond design communities. The benefits of design thinking are related to both outcome such as innovations and their quality, improved user experience and customer satisfaction and process such as performance improvements and improvements in innovation culture, empowerment of people to decision making, practical tools and business benefits. Design thinking creates a strong base for designing for desirable futures, but there is a space to extended in towards sustainability thinking.&nbsp;\u2028\u2028<\/p>\n\n\n\n<p>Typical parts of design thinking processes are:\u2028<\/p>\n\n\n\n<p>\u2022 empathizing and understanding users&nbsp;\u2028<\/p>\n\n\n\n<p>\u2022 defining focus&nbsp;\u2028<\/p>\n\n\n\n<p>\u2022 creating ideas&nbsp;\u2028<\/p>\n\n\n\n<p>\u2022 generating prototypes&nbsp;\u2028<\/p>\n\n\n\n<p>\u2022 testing with users&nbsp;<\/p>\n\n\n\n<p><br><strong>Further reading and tools: <br><\/strong><a href=\"https:\/\/web.stanford.edu\/~mshanks\/MichaelShanks\/files\/509554.pdf\" target=\"_blank\" rel=\"noreferrer noopener\">An Introduction to Design Thinking Process Guide<\/a>, Institute of Design at Stanford<br><a href=\"https:\/\/dschool.stanford.edu\/resources\/the-bootcamp-bootleg\" target=\"_blank\" rel=\"noreferrer noopener\">Design Thinking Bootcamp Bootleg<\/a>, Institute of Design at Stanford <br><a href=\"https:\/\/www.designkit.org\/methods.html\">Designkit<\/a><a href=\"https:\/\/www.ibm.com\/design\/thinking\/page\/toolkit\" target=\"_blank\" rel=\"noreferrer noopener\">Enterprise Design Thinking<\/a><br><a href=\"https:\/\/uxplanet.org\/the-design-thinking-toolbox-100-tools-to-create-innovative-products-50ede1f5e3c1\" target=\"_blank\" rel=\"noreferrer noopener\">The Design Thinking Toolkit: 100+ Method Cards to Create Innovative Products<\/a><\/p>\n\n\n\n<p><strong>References: <\/strong><br>Brown, Tim. (2008). \u201cDesign Thinking.\u201d Harvard Business Review 86 (June): 85\u201392. <br>Carlgren, Lisa, Maria Elmquist, and Ingo Rauth. &#8220;Design thinking: Exploring values and effects from an innovation capability perspective.&#8221; The Design Journal 17.3 (2014): 403-423. <br>Dell&#8217;Era, Claudio, et al. &#8220;Four kinds of design thinking: From ideating to making, engaging, and criticizing.&#8221; Creativity and Innovation Management 29.2 (2020): 324-344. <br>Liedtka, Jeanne. (2014). \u201cInnovative ways companies are using design thinking.\u201d Strategy &amp; Leadership 42 (2): 40\u201345. <br>Liedtka, Jeanne. (2015). \u201cPerspective: Linking Design Thinking with Innovation Outcomes through Cognitive Bias Reduction.\u201d Journal of Product Innovation Management 32 (6) <br>Lindsay Cole. (2022) A framework to conceptualize innovation purpose in public sector innovation labs. Policy Design and Practice 5:2, pages 164-182. <br>McKinsey, (2018) https:\/\/www.mckinsey.com\/business-functions\/mckinsey-design\/our-insights\/the-business-value-of-design# <br>Micheli, Pietro, et al. &#8220;Doing design thinking: Conceptual review, synthesis, and research agenda.&#8221; Journal of Product Innovation Management 36.2 (2019): 124-148. <br>Panke, Stefanie. &#8220;Design thinking in education: Perspectives, opportunities and challenges.&#8221; Open Education Studies 1.1 (2019): 281-306. <br>Waidelich, Lukas, et al. &#8220;Design thinking process model review.&#8221; 2018 IEEE International Conference on Engineering, Technology and Innovation (ICE\/ITMC). IEEE, 2018.<\/p>\n\n\n\n<p><strong>HUMAN-CENTERED DESIGN<\/strong><\/p>\n\n\n\n<p>Human-centered design (HCD) is about facilitating communication and cooperation, jointly learning, and creating new technical solutions. It covers a broad range of approaches such as user-centered design, participatory design, design for user experience, the lead user approach, co-design, ethnography, contextual design, and empathic design. In HCD, ISO 9241-210 (2019) standard has been widely spread in academia, industry, governmental organizations within and beyond digital design communities.&nbsp;\u2028\u2028<\/p>\n\n\n\n<p>According to standard (ISO 9241-210), HCD is an approach to systems design and development that aims to make interactive systems more usable by focusing on the use of the system and applying human factors\/ergonomics and usability knowledge and techniques. HCD is an iterative process containing an active user involvement in the whole development activities from design to development as well as multidisciplinary approaches, skills, and perspectives. In addition, design is based on an explicit understanding of users, tasks and environments and it is refined by user-centred evaluation.&nbsp;\u2028\u2028<\/p>\n\n\n\n<p>In HCD, typical design phases are:&nbsp;\u2028<\/p>\n\n\n\n<p>\u2022 understanding and specifying the context of use&nbsp;\u2028<\/p>\n\n\n\n<p>\u2022 specifying the user requirements&nbsp;\u2028<\/p>\n\n\n\n<p>\u2022 producing design solutions&nbsp;\u2028<\/p>\n\n\n\n<p>\u2022 evaluating the design&nbsp;\u2028\u2028<\/p>\n\n\n\n<p>The benefits of HCD are better user satisfaction, acceptance of products to use, improved quality of product and efficiency in development, productivity, and increased participation in decision-making within the organization. HCD, and especially ISO 9241-210, has been criticized by its narrow focus for nowadays\u2019 needs. For example, meaning, hedonic aspects of user experience, security and sustainability are not addressed in depth.&nbsp;<br><br><a href=\"https:\/\/www.iso.org\/standard\/77520.html\" target=\"_blank\" rel=\"noreferrer noopener\">ISO 9241-210: Ergonomics of Human-System Interaction &#8211; Part 210: Human-Centered Design for Interactive Systems. 2019<\/a>.<\/p>\n\n\n\n<p><strong>References<\/strong>: <br>Steen, M. The fragility of human-centred design, PhD dissertation (Delft University of Technology, 2008). <br>Steen, M. (2012). Human-centered design as a fragile encounter. Design Issues, 28(1), 72-80. <br>Keinonen, T. (2008). User-centered design and fundamental need. In Proceedings of the 5th Nordic conference on Human-computer interaction: building bridges (pp. 211-219). <br>ISO 9241-210: Ergonomics of Human-System Interaction &#8211; Part 210: Human-Centered Design for Interactive Systems. 2019. <br>Thomas, V., Remy, C., &amp; Bates, O. (2017, June). The limits of HCD: Reimagining the anthropocentricity of ISO 9241-210. In Proceedings of the 2017 Workshop on Computing Within Limits (pp. 85-92). <br>Kujala, S. (2003). User involvement: a review of the benefits and challenges. Behaviour &amp; information technology, 22(1), 1-16. <br>Damodaran, L. (1996). User involvement in the systems design process \u2013 A practical guide for users. Behaviour &amp; Information Technology, 15, 363\u2013377 <br>Muller, M. J., Hallewell Haslwanter, J., &amp; Dayton, T. (1997). Participatory practices in the software lifecycle. In Helander, M. Landauer, T. K. &amp; Prabhu, P. (Eds.), Handbook of Human\u2013Computer Interaction (2nd ed., 255\u2013297). Amsterdam: Elsevier. <br>McKinsey, (2018) https:\/\/www.mckinsey.com\/business-functions\/mckinsey-design\/our-insights\/the-business-value-of-design#, visited 27.1.2022 <br>Hassenzahl, M., Burmester, M., &amp; Koller, F. (2021). User Experience Is All There Is. i-com, 20(3), 197-213. <br>Thomas, V., Remy, C., &amp; Bates, O. (2017, June). The limits of HCD: Reimagining the anthropocentricity of ISO 9241-210. In Proceedings of the 2017 Workshop on Computing Within Limits (pp. 85-92).<\/p>","protected":false},"excerpt":{"rendered":"<p>Operational models of design expertise In the following, two operating models of design expertise are presented: design thinking and human-centered design. Other models are e.g. Value-Sensitive Design, Design for Wellbeing, Systems Intelligence Tactics, Responsible Design \u2013 Life-Cycle Analysis and Experience Design. DESIGN THINKING Design thinking is a human-centered innovation process focused on collaboration, iterative problem-solving, [&hellip;]<\/p>","protected":false},"author":1,"featured_media":0,"parent":0,"menu_order":0,"comment_status":"closed","ping_status":"closed","template":"","meta":{"_eb_attr":"","site-sidebar-layout":"default","site-content-layout":"","ast-site-content-layout":"default","site-content-style":"default","site-sidebar-style":"default","ast-global-header-display":"","ast-banner-title-visibility":"","ast-main-header-display":"","ast-hfb-above-header-display":"","ast-hfb-below-header-display":"","ast-hfb-mobile-header-display":"","site-post-title":"","ast-breadcrumbs-content":"","ast-featured-img":"","footer-sml-layout":"","theme-transparent-header-meta":"","adv-header-id-meta":"","stick-header-meta":"","header-above-stick-meta":"","header-main-stick-meta":"","header-below-stick-meta":"","astra-migrate-meta-layouts":"set","ast-page-background-enabled":"default","ast-page-background-meta":{"desktop":{"background-color":"var(--ast-global-color-4)","background-image":"","background-repeat":"repeat","background-position":"center center","background-size":"auto","background-attachment":"scroll","background-type":"","background-media":"","overlay-type":"","overlay-color":"","overlay-opacity":"","overlay-gradient":""},"tablet":{"background-color":"","background-image":"","background-repeat":"repeat","background-position":"center center","background-size":"auto","background-attachment":"scroll","background-type":"","background-media":"","overlay-type":"","overlay-color":"","overlay-opacity":"","overlay-gradient":""},"mobile":{"background-color":"","background-image":"","background-repeat":"repeat","background-position":"center center","background-size":"auto","background-attachment":"scroll","background-type":"","background-media":"","overlay-type":"","overlay-color":"","overlay-opacity":"","overlay-gradient":""}},"ast-content-background-meta":{"desktop":{"background-color":"var(--ast-global-color-5)","background-image":"","background-repeat":"repeat","background-position":"center center","background-size":"auto","background-attachment":"scroll","background-type":"","background-media":"","overlay-type":"","overlay-color":"","overlay-opacity":"","overlay-gradient":""},"tablet":{"background-color":"var(--ast-global-color-5)","background-image":"","background-repeat":"repeat","background-position":"center center","background-size":"auto","background-attachment":"scroll","background-type":"","background-media":"","overlay-type":"","overlay-color":"","overlay-opacity":"","overlay-gradient":""},"mobile":{"background-color":"var(--ast-global-color-5)","background-image":"","background-repeat":"repeat","background-position":"center center","background-size":"auto","background-attachment":"scroll","background-type":"","background-media":"","overlay-type":"","overlay-color":"","overlay-opacity":"","overlay-gradient":""}},"footnotes":""},"class_list":["post-2099","page","type-page","status-publish","hentry"],"_links":{"self":[{"href":"https:\/\/www.futurewearableslab.fi\/fi\/wp-json\/wp\/v2\/pages\/2099","targetHints":{"allow":["GET"]}}],"collection":[{"href":"https:\/\/www.futurewearableslab.fi\/fi\/wp-json\/wp\/v2\/pages"}],"about":[{"href":"https:\/\/www.futurewearableslab.fi\/fi\/wp-json\/wp\/v2\/types\/page"}],"author":[{"embeddable":true,"href":"https:\/\/www.futurewearableslab.fi\/fi\/wp-json\/wp\/v2\/users\/1"}],"replies":[{"embeddable":true,"href":"https:\/\/www.futurewearableslab.fi\/fi\/wp-json\/wp\/v2\/comments?post=2099"}],"version-history":[{"count":14,"href":"https:\/\/www.futurewearableslab.fi\/fi\/wp-json\/wp\/v2\/pages\/2099\/revisions"}],"predecessor-version":[{"id":2509,"href":"https:\/\/www.futurewearableslab.fi\/fi\/wp-json\/wp\/v2\/pages\/2099\/revisions\/2509"}],"wp:attachment":[{"href":"https:\/\/www.futurewearableslab.fi\/fi\/wp-json\/wp\/v2\/media?parent=2099"}],"curies":[{"name":"wp","href":"https:\/\/api.w.org\/{rel}","templated":true}]}}