{"id":2091,"date":"2025-02-06T13:39:53","date_gmt":"2025-02-06T11:39:53","guid":{"rendered":"https:\/\/www.futurewearableslab.fi\/?page_id=2091"},"modified":"2026-04-09T13:56:29","modified_gmt":"2026-04-09T10:56:29","slug":"publications","status":"publish","type":"page","link":"https:\/\/www.futurewearableslab.fi\/fi\/publications\/","title":{"rendered":"publications"},"content":{"rendered":"<div class=\"wp-block-stackable-heading stk-block-heading stk-block-heading--v2 stk-block stk-eb77b93\" id=\"publications\" data-block-id=\"eb77b93\"><style>.stk-eb77b93 .stk-block-heading__text{font-size:100px !important;}@media screen and (max-width: 1023px){.stk-eb77b93 .stk-block-heading__text{font-size:50px !important;}}<\/style><h2 class=\"stk-block-heading__text has-text-align-center\">JULKAISUT<\/h2><\/div>\n\n\n\n<div class=\"wp-block-stackable-heading stk-block-heading stk-block-heading--v2 stk-block stk-1586f0e\" id=\"scientific-articles\" data-block-id=\"1586f0e\"><style>.stk-1586f0e {right:-40px !important;}.stk-1586f0e .stk-block-heading__text{font-size:50px !important;}@media screen and (max-width: 1023px){.stk-1586f0e .stk-block-heading__text{font-size:50px !important;}}<\/style><h3 class=\"stk-block-heading__text\">SCIENTIFIC ARTICLES<\/h3><\/div>\n\n\n\n<div class=\"wp-block-stackable-text stk-block-text stk-block stk-7aac818\" data-block-id=\"7aac818\"><style>.stk-7aac818 {right:-40px !important;}<\/style><p class=\"stk-block-text__text\">Jumisko Pyykko, S., Toivonen, E., Salomaa, H., Lepp\u00e4, P., Kerkola, H., &amp; Rintala, H. (2025, November). <a href=\"https:\/\/dl.acm.org\/doi\/pdf\/10.1145\/3764687.3764702\" target=\"_blank\" rel=\"noreferrer noopener\">Systems Intelligence Design Opportunities for Esports Teams.<\/a> In&nbsp;<em>Proceedings of the 37th Australian Conference on Human-Computer Interaction<\/em>&nbsp;(pp. 469-482).<br><br>Juvonen, A., Pyykko, S. (2025). <a href=\"http:\/\/doi.org\/10.54941\/ahfe1006309\" target=\"_blank\" rel=\"noreferrer noopener\">Systems Intelligence and Perceived Teamwork Efficiency in an Organizational Context.<\/a> In: Vesa Salminen (eds) Human Factors, Business Management and Society. AHFE (2025) International Conference. AHFE Open Access, vol 176. AHFE International, USA.<br><br>Naghavi, S. (2025). <a href=\"https:\/\/aaltodoc.aalto.fi\/server\/api\/core\/bitstreams\/00a9e2e0-e88e-4a30-98e9-87890a1f7cfd\/content\" target=\"_blank\" rel=\"noreferrer noopener\">Integrated mmWave transceivers and circulators<\/a>.<br><br>Jumisko-Pyykk\u00f6, S., &amp; Pulkkinen, J. (2025). <a href=\"https:\/\/books.google.de\/books?hl=fi&amp;lr=&amp;id=BgxyEQAAQBAJ&amp;oi=fnd&amp;pg=PA34&amp;dq=Opportunities+of+Systems+Intelligence+in+Systemic+Design&amp;ots=eynZvr8JW-&amp;sig=E-uvvgHpyD__Kzmyy3cuugQpb88&amp;redir_esc=y#v=onepage&amp;q=Opportunities%20of%20Systems%20Intelligence%20in%20Systemic%20Design&amp;f=false\" target=\"_blank\" rel=\"noreferrer noopener\">Opportunities of Systems Intelligence in Systemic Design.<\/a>&nbsp;<em>Human Factors, Business Management and Society<\/em>,&nbsp;<em>176<\/em>, 34.<br><br>Jumisko-Pyykk\u00f6, S., Halme, A., Hattingh, G., Kerkola, H., Scotcher, B., Rapp, A., &#8230; &amp; Saarinen, E. (2025, May). <a href=\"https:\/\/link.springer.com\/chapter\/10.1007\/978-3-031-93236-6_14\" target=\"_blank\" rel=\"noreferrer noopener\">Systems Intelligence and Mediated Team Touch via Smart Sleeves in Esports. <\/a>In&nbsp;<em>International Conference on Human-Computer Interaction<\/em>&nbsp;(pp. 204-221). Cham: Springer Nature Switzerland.<br><br>Koivisto, J. M., K\u00e4m\u00e4r\u00e4inen, S., Mattsson, K., Jumisko-Pyykk\u00f6, S., Ikonen, R., &amp; Haavisto, E. (2025). <a href=\"https:\/\/games.jmir.org\/2025\/1\/e62688\/\" target=\"_blank\" rel=\"noreferrer noopener\">Exploring Nursing Students\u2019 Experiences of Empathy and User Experiences in an Immersive Virtual Reality Simulation Game: Cross-Sectional Study.&nbsp;<\/a><em>JMIR serious games<\/em>,&nbsp;<em>13<\/em>(1), e62688.<br><br>Toivonen, E., &amp; Jumisko-Pyykk\u00f6, S. (2024, November). <a href=\"https:\/\/dl.acm.org\/doi\/pdf\/10.1145\/3726986.3727012\" target=\"_blank\" rel=\"noreferrer noopener\">A systematic literature review on design for supporting systems intelligence of interdependent teams. <\/a>In&nbsp;<em>Proceedings of the 36th Australasian Conference on Human-Computer Interaction<\/em>&nbsp;(pp. 286-304).<br><br>Kautiala\u00b9, J., Jumisko-Pyykk\u00f6, S., H\u00e4m\u00e4l\u00e4inen, R. P., Saarinen, E. (2024). <a href=\"https:\/\/books.google.de\/books?hl=fi&amp;lr=&amp;id=vWYREQAAQBAJ&amp;oi=fnd&amp;pg=PA93&amp;dq=Systems+intelligence+in+an+expert+organization:+A+mixed+methods+approach&amp;ots=zLQAMI1VZF&amp;sig=0BRYAHGkRGNCiOsZ4pBdcWfrJUM&amp;redir_esc=y#v=onepage&amp;q&amp;f=false\" target=\"_blank\" rel=\"noreferrer noopener\">Systems intelligence in an expert organization: A mixed methods approach.&nbsp;<\/a><em>Human Factors, Business Management and Society<\/em>, 93.<br><br>Jumisko-Pyykk\u00f6, S., Halme, A., Hattingh, G., Kerkola, H., Rapp, A., R\u00f6nk\u00e4, W., &#8230; &amp; Vanhala, J. (2024, November). <a href=\"https:\/\/ieeexplore.ieee.org\/abstract\/document\/10914049\" target=\"_blank\" rel=\"noreferrer noopener\">Spiritus Ludi: Smart Wearable Textiles that Foster and Elevate Connections in Esports Teams. <\/a>In&nbsp;<em>2024 International Conference on the Challenges, Opportunities, Innovations and Applications in Electronic Textiles (E-Textiles)<\/em>&nbsp;(pp. 8-19). IEEE.<br><br>Kautiala\u00b9, J., Jumisko-Pyykk\u00f6, S., H\u00e4m\u00e4l\u00e4inen, R. P., Saarinen, E., &amp; \u00b9Tietoevry Finland Oy, K. (2024). <a href=\"https:\/\/books.google.de\/books?hl=fi&amp;lr=&amp;id=vWYREQAAQBAJ&amp;oi=fnd&amp;pg=PA93&amp;dq=Systems+intelligence+in+an+expert+organization:+A+mixed+methods+approach&amp;ots=zLQzLIV--H&amp;sig=jyxXGUQZ-e-myk1XjjEIIi640QM&amp;redir_esc=y#v=onepage&amp;q=Systems%20intelligence%20in%20an%20expert%20organization%3A%20A%20mixed%20methods%20approach&amp;f=false\" target=\"_blank\" rel=\"noreferrer noopener\">Systems intelligence in an expert organization: A mixed methods approach.<\/a>&nbsp;<em>Human Factors, Business Management and Society<\/em>, 93.<br><br>Mattsson, K., Haavisto, E., Jumisko-Pyykk\u00f6, S., &amp; Koivisto, J. M. (2024). <a href=\"https:\/\/www.theseus.fi\/bitstream\/handle\/10024\/857657\/Mattsson_etal_Nursing_2024.pdf?sequence=1\" target=\"_blank\" rel=\"noreferrer noopener\">Nursing Students&#8217; Experiences of Empathy in a Virtual Reality Simulation Game: A Descriptive Qualitative Study.&nbsp;<\/a><em>CIN: Computers, Informatics, Nursing<\/em>,&nbsp;<em>42<\/em>(7), 537-545.<br><br>Koivisto, J. M., Nyk\u00e4nen, K., Kuuluvainen, S., Maunula, J., Kauhanen, E., Varjonen, K., &#8230; &amp; Romppanen, T. (2024). <a href=\"https:\/\/journals.sagepub.com\/doi\/pdf\/10.1177\/00208728221143653\" target=\"_blank\" rel=\"noreferrer noopener\">Designing and developing a virtual reality escape game for youth vocational rehabilitation.<\/a>&nbsp;<em>International Social Work<\/em>,&nbsp;<em>67<\/em>(1), 66-85.<br><br>Jumisko-Pyykk\u00f6, S., T\u00f6rm\u00e4nen, J., V\u00e4nni, K., H\u00e4m\u00e4l\u00e4inen, R. P., &amp; Saarinen, E. (2022). <a href=\"https:\/\/books.google.de\/books?hl=fi&amp;lr=&amp;id=_NyVEAAAQBAJ&amp;oi=fnd&amp;pg=PA55&amp;dq=Systems+intelligence,+perceived+performance+and+wellbeing&amp;ots=dMWaV_Z9Pb&amp;sig=SHnppciM8LAL0NJuBfXWlaglnwE&amp;redir_esc=y#v=onepage&amp;q=Systems%20intelligence%2C%20perceived%20performance%20and%20wellbeing&amp;f=false\" target=\"_blank\" rel=\"noreferrer noopener\">Systems intelligence, perceived performance and wellbeing.<\/a>&nbsp;<em>Human Factors, Business Management and Society<\/em>,&nbsp;<em>56<\/em>, 55-63.<br><br>Jumisko-Pyykk\u00f6, S., &amp; Kenning, G. (2022, June). <a href=\"https:\/\/link.springer.com\/chapter\/10.1007\/978-3-031-05900-1_5\" target=\"_blank\" rel=\"noreferrer noopener\">In Sync! Design for Social Connection. <\/a>In&nbsp;<em>International Conference on Human-Computer Interaction<\/em>&nbsp;(pp. 72-91). Cham: Springer International Publishing.<br><br>Four critical design challenges for future smart wearable textile. <br>Jumisko-Pyykk\u00f6, S. &amp; V\u00e4nni, K., 2021. 13th Aachen-Dresden-Denkendorf International Textile Conference.<br><br>Jumisko-Pyykk\u00f6, S., Viita-Aho, T., Tiilikainen, E., &amp; Saarinen, E. (2021, June). <a href=\"https:\/\/dl.acm.org\/doi\/pdf\/10.1145\/3464327.3464370\" target=\"_blank\" rel=\"noreferrer noopener\">Towards systems intelligent approach in empathic design. <\/a>In&nbsp;<em>Proceedings of the 24th International Academic Mindtrek Conference<\/em>&nbsp;(pp. 197-209).<br><\/p><\/div>\n\n\n\n<div class=\"wp-block-stackable-heading stk-block-heading stk-block-heading--v2 stk-block stk-f21be24\" id=\"reviews-articles\" data-block-id=\"f21be24\"><style>.stk-f21be24 {right:-40px !important;}.stk-f21be24 .stk-block-heading__text{font-size:50px !important;}@media screen and (max-width: 1023px){.stk-f21be24 .stk-block-heading__text{font-size:50px !important;}}<\/style><h3 class=\"stk-block-heading__text\">REVIEWS, ARTICLES<\/h3><\/div>\n\n\n\n<div class=\"wp-block-stackable-text stk-block-text stk-block stk-a3f412b\" data-block-id=\"a3f412b\"><style>.stk-a3f412b {right:-40px !important;}<\/style><p class=\"stk-block-text__text\"><a href=\"https:\/\/www.hamk.fi\/julkaisut\/systeemialykkyys-keski-suomen-valmistavan-teollisuuden-pk-yrityksissa\/\" target=\"_blank\" rel=\"noreferrer noopener\">Systeemi\u00e4lykkyys Keski-\u200bSuomen valmistavan teollisuuden pk-\u200byrityksiss\u00e4<\/a>, Jumisko-Pyykk\u00f6, S. HAMK Pilkku verkkolehti, 2026.<br><br><a href=\"https:\/\/www.futurewearableslab.fi\/wp-content\/uploads\/2026\/01\/Tekstiililehti2025_E-TextileConferense_Salo.pdf\" target=\"_blank\" rel=\"noreferrer noopener\">E-Textiles 2025 -\u00e4lytekstiilikonferenssi<\/a>, Teemu Salo. Tekstiililehti, 2025.<br><br><a href=\"https:\/\/urn.fi\/URN:NBN:fi-fe20241212102058\" target=\"_blank\" rel=\"noreferrer noopener\">Viisi kysymyst\u00e4 siit\u00e4, mit\u00e4 olemme oppineet systeemi\u00e4lykkyydest\u00e4<\/a>, Jumisko-Pyykk\u00f6, S. HAMK Unlimited Professional,\u00a012.12.2024.<br><br><a href=\"https:\/\/urn.fi\/URN:NBN:fi-fe20231004138805\" target=\"_blank\" rel=\"noreferrer noopener\">\u00c4lykk\u00e4it\u00e4 ja kest\u00e4vi\u00e4 tekstiilej\u00e4 digitaalisuutta hy\u00f6dynt\u00e4en<\/a>, Kerkola, H., Jumisko-Pyykk\u00f6, S., Varheenmaa, M., Rissanen, M., &amp; H\u00e4nnik\u00e4inen, J. (2023). <br><br><a href=\"https:\/\/www.futurewearableslab.fi\/wp-content\/uploads\/2023\/12\/VarheenmaaM_SaloT_etal_Hoivan_ja_hyvinvoinnin_edistaminen_uusilla_ja_alykkailla_tekstiileilla_Tekstiililehti_2023_4_ss33_37.pdf\">Promoting care and well-being with new and smart textiles (only in Finnish)<\/a>, M.Varheenmaa, T.Salo, T. Ylinen, J.H\u00e4nnik\u00e4inen, Tekstiililehti 4\/2023.<br><br><a href=\"https:\/\/blogs.tuni.fi\/tamk-international\/international-event\/why-it-is-important-to-travel-during-projects-experiences-from-international-trade-fairs-in-europe\/\">Why it is important to travel during projects \u2013 experiences from international trade fairs in Europe, 8.11.2023<\/a>, Minna Varheenmaa, Maria \u00c4nk\u00f6, Marja Rissanen.<br><br><a href=\"https:\/\/blogs.tuni.fi\/tamk-international\/international-event\/itma-exhibition-showcasing-the-latest-textile-innovations-and-technologies\/\">ITMA Exhibition \u2013 showcasing the latest textile innovations and technologies, 20.10.2023<\/a>, Marja Rissanen, Minna Varheenmaa, Marja \u00c4nk\u00f6.<br><br><a href=\"https:\/\/blogs.tuni.fi\/tamk-international\/education\/textile-research-and-study-opportunities-in-germany\/\">Textile research and study opportunities in Germany<\/a>, 16.10.2023, Marja Rissanen.<br><br><a href=\"https:\/\/blogs.tuni.fi\/tamk-international\/education\/textile-research-and-study-opportunities-in-germany\/\">Developing an ecosystem of sustainable and smart textiles (only in Finnish)<\/a>, Varheenmaa M., H\u00e4nnik\u00e4inen, J., Kostia, S. 2023.<br><br><a href=\"https:\/\/tekstiililehti.fi\/lehti\/uusin-lehti\/\">New and new old fibers (only in Finnish)<\/a>, Tekstiililehti 2\/2023, 16-17, Marja Rissanen.<br><br><a href=\"https:\/\/unlimited.hamk.fi\/kulttuuri-ja-muotoilu\/systeemialykas-muotoilu-onnistuu-inhimillisissa-kokonaisuuksissa\/#.Y9jB23ZBw2x\">System-intelligent design succeeds in human entities (only in Finnish)<\/a>. HAMK Unlimited Professional, 27.1.2023, Satu Jumisko-Pyykk\u00f6.<br><br><a href=\"https:\/\/unlimited.hamk.fi\/kulttuuri-ja-muotoilu\/digitaalisen-muodin-mahdollisuuksia\/#.ZFDjRnZBy5d\">The possibilities of digital fashion (only in Finnish)<\/a>. HAMK Unlimited Professional, 18.4.2023, Satu Jumisko-Pyykk\u00f6 &amp; Anna Huoviala.<br><br><a href=\"https:\/\/newspool.fi\/alykkyyden-voi-pukea-paalleen-newspool\/\">Intelligence can be put on (only in Finnish)<\/a>, 19.1.2022, Terveysteknologia -liite Helsingin Sanomissa.<br><br><a href=\"https:\/\/www.theseus.fi\/handle\/10024\/913874\" target=\"_blank\" rel=\"noreferrer noopener\">\u00c4lyhihan jatkokehitys puolustusalalle: tekstiilituotteen konseptointi ja testaus<\/a>, Roosa Lundstr\u00f6m, final thesis 2026<\/p><\/div>\n\n\n\n<p><\/p>\n\n\n\n<div class=\"wp-block-stackable-heading stk-block-heading stk-block-heading--v2 stk-block stk-8b8b926\" id=\"newspaper-articles\" data-block-id=\"8b8b926\"><style>.stk-8b8b926 {right:-40px !important;}<\/style><h3 class=\"stk-block-heading__text\">NEWSPAPER ARTICLES<\/h3><\/div>\n\n\n\n<div class=\"wp-block-stackable-text stk-block-text stk-block stk-cf1c787\" data-block-id=\"cf1c787\"><style>.stk-cf1c787 {right:-40px !important;}<\/style><p class=\"stk-block-text__text\"><a href=\"https:\/\/www.is.fi\/digitoday\/esports\/art-2000011325043.html\">Ihan toiseen tarkoitukseen tehty suomalais\u00adkeksint\u00f6 muuttui sotilaiden apu\u00adv\u00e4lineeksi<\/a>, IltaSanomat, 27.6.2025<br><br><a href=\"https:\/\/ruotuvaki.fi\/-\/e-urheiluun-kehitettya-alyhihaa-sovelletaan-sotilaskayttoon\" target=\"_blank\" rel=\"noreferrer noopener\">E-urheiluun kehitetty\u00e4 \u00e4lyhihaa sovelletaan sotilask\u00e4ytt\u00f6\u00f6n \u2013 \u201cKokeiluja kannattaa ilman muuta jatkaa\u201d<\/a>, Ruotuv\u00e4ki, 27.6.2025<br><br><a href=\"https:\/\/www.iltalehti.fi\/digiuutiset\/a\/1e09e7ad-55d4-49fb-8ab3-b31e57435d31\" target=\"_blank\" rel=\"noreferrer noopener\">Puolustusvoimat kokeilee hihaa<\/a>, Iltalehti, 29.6.2025<br><br><a href=\"https:\/\/www.hameensanomat.fi\/paikalliset\/8639941\">Hamkissa kehitell\u00e4\u00e4n \u00e4lyhihaa, jota Puolustusvoimat voisi hy\u00f6dynt\u00e4\u00e4 sotilask\u00e4yt\u00f6ss\u00e4 \u2013 T\u00e4llainen se on<\/a>, H\u00e4meenSanomat, Savon Sanomat, Kouvolan Sanomat, Keskisuomalainen, Aamuposti, Forssan Lehti, It\u00e4-Savo, Etel\u00e4-Saimaa, Kymen Sanomat 30.6.2025<br><br><a href=\"https:\/\/www.is.fi\/digitoday\/esports\/art-2000011332905.html\" target=\"_blank\" rel=\"noreferrer noopener\">Sotilaille tarkoitetussa suomalais\u00adkeksinn\u00f6ss\u00e4 on ihmetytt\u00e4v\u00e4 yksityis\u00adkohta \u2013 n\u00e4in kommentoi tutkija<\/a>, IltaSanomat, 3.7.2025<br><br><a href=\"https:\/\/ruotuvaki.fi\/-\/alylaitteet-tarjoavat-sotilaskaytossa-monia-hyotyja-mutta-myos-riskeja\" target=\"_blank\" rel=\"noreferrer noopener\">\u00c4lylaitteet tarjoavat sotilask\u00e4yt\u00f6ss\u00e4 monia hy\u00f6tyj\u00e4 mutta my\u00f6s riskej\u00e4 \u2013 \u201dPaljastaa enemm\u00e4n tietoa kuin k\u00e4ytt\u00e4j\u00e4 osaa edes kuvitella\u201d<\/a>, Ruotuv\u00e4ki, 24.7.2025<br><br><a href=\"https:\/\/www.aamuposti.fi\/paikalliset\/8828971\" target=\"_blank\" rel=\"noreferrer noopener\">Nyt on kova juttu: K\u00e4den kosketus voi siirty\u00e4 langat\u00adto\u00admasti, ja siit\u00e4 hy\u00f6tyv\u00e4t e-\u200burheilijat ja sotilaat<\/a>, Aamuposti, 10.9.2025<br><br><a href=\"https:\/\/rounds.gg\/2025\/11\/13\/hamk-conducts-research-testing-on-ripple-smart-sleeves-with-rounds-future\/\" target=\"_blank\" rel=\"noreferrer noopener\">HAMK conducts research testing on Ripple smart sleeves with ROUNDS Future<\/a>, Rounds GG, 13.11.2025<br><br>E-urheilusta tuttua \u00e4lyhihaa testataan sotilask\u00e4ytt\u00f6\u00f6n, Suomen Kuvalehti \u201dPuolustus- ja kokonaisturvallisuus\u201d -liite, 5.12.2025 (ilmestynyt Helsingin Sanomien liitteen\u00e4 12.12.2025)<\/p><\/div>\n\n\n\n<div class=\"wp-block-stackable-heading stk-block-heading stk-block-heading--v2 stk-block stk-a795dc1\" id=\"mass-customization\" data-block-id=\"a795dc1\"><style>.stk-a795dc1 {right:-40px !important;}<\/style><h3 class=\"stk-block-heading__text\">MASS CUSTOMIZATION<\/h3><\/div>\n\n\n\n<div class=\"wp-block-stackable-text stk-block-text stk-block stk-149dcf4\" data-block-id=\"149dcf4\"><style>.stk-149dcf4 {right:-40px !important;}<\/style><p class=\"stk-block-text__text\"><a href=\"https:\/\/www.futurewearableslab.fi\/wp-content\/uploads\/2023\/05\/selvitys_massakustomoinnista_alyvaate_valmistuksessa_16052023-1.pdf\">A report of the benefits and advantages of mass customization, also from the point of view of smart clothes (only in Finnish)\u2028<\/a>\u2028<br><br>Other useful materials related to mass customization:\u2028<br><a href=\"https:\/\/platforme.ac-page.com\/make-it-customizable-a-guide-to-produce-only-what-you-sell?test=true\">A guide to produce only what you sell<\/a>, Platform (free guide)\u2028<br><a href=\"https:\/\/www.sciencedirect.com\/topics\/engineering\/mass-customization\">Mass Customization<\/a>, ScienceDirect<\/p><\/div>\n\n\n\n<div class=\"wp-block-stackable-heading stk-block-heading stk-block-heading--v2 stk-block stk-875a85d\" id=\"platform-economy\" data-block-id=\"875a85d\"><style>.stk-875a85d {right:-40px !important;}<\/style><h3 class=\"stk-block-heading__text\">PLATFORM ECONOMY<\/h3><\/div>\n\n\n\n<div class=\"wp-block-stackable-text stk-block-text stk-block stk-6e78d2c\" data-block-id=\"6e78d2c\"><style>.stk-6e78d2c {right:-40px !important;}<\/style><p class=\"stk-block-text__text\"><a href=\"https:\/\/www.futurewearableslab.fi\/wp-content\/uploads\/2023\/09\/alustatalous_digitaaliset_alustat.pdf\">An overview of the platform economy and digital platforms from the point of view of smart clothes (only in Finnish)<\/a><br><a href=\"https:\/\/www.futurewearableslab.fi\/wp-content\/uploads\/2023\/09\/alustatalous_digitaaliset_alustat.pdf\"><br><\/a>Other useful materials related to platform economy:\u2028<br><a href=\"https:\/\/www.theseus.fi\/bitstream\/handle\/10024\/353748\/URNISBN9789523442931.pdf?sequence=2&amp;isAllowed=y\">An entrepreneur&#8217;s little digital book &#8211; from social media to strategy, (only in Finnish) <\/a>toim. Emmi Maijanen ja Meri Valta, XAMK\u2028The guide progresses through the basics of digitalization and platform economy to the utilization of social media in business operations. Experience stories of entrepreneurs are also included. At the end of the publication is a workbook, the purpose of which is to give the reader the opportunity to develop and update their own skills or ideas; sometimes it&#8217;s good to stop for a moment and think about your business and its direction.\u2028\u2028<br><br>Possibilities of the platform economy (only in Finnish), (presentation slides) Emmi Maijanen, XAMK\u2028\u2028(only in Finnish)&nbsp;<a href=\"https:\/\/www.youtube.com\/watch?v=5J3M-RTWEl0&amp;feature=youtu.be\">Watch the webinar recording&nbsp;about platform economy<\/a> (only in Finnish).\u2028\u2028<br><br>Existing platforms can be joined (e.g. Amazon), in which case the associated company pays the platform administrator (commission\/monthly payment\/lead payment\/advertising). You can also set up the platform yourself with the help of e.g.&nbsp;<a href=\"https:\/\/www.sharetribe.com\/\">Sharetribe<\/a>\u2028\u2028<\/p><\/div>\n\n\n\n<div style=\"height:100px\" aria-hidden=\"true\" class=\"wp-block-spacer\"><\/div>","protected":false},"excerpt":{"rendered":"<p>PUBLICATIONS SCIENTIFIC ARTICLES Jumisko Pyykko, S., Toivonen, E., Salomaa, H., Lepp\u00e4, P., Kerkola, H., &amp; Rintala, H. (2025, November). Systems Intelligence Design Opportunities for Esports Teams. In&nbsp;Proceedings of the 37th Australian Conference on Human-Computer Interaction&nbsp;(pp. 469-482). Juvonen, A., Pyykko, S. (2025). Systems Intelligence and Perceived Teamwork Efficiency in an Organizational Context. In: Vesa Salminen (eds) [&hellip;]<\/p>","protected":false},"author":1,"featured_media":0,"parent":0,"menu_order":0,"comment_status":"closed","ping_status":"closed","template":"","meta":{"_eb_attr":"","site-sidebar-layout":"default","site-content-layout":"","ast-site-content-layout":"default","site-content-style":"default","site-sidebar-style":"default","ast-global-header-display":"","ast-banner-title-visibility":"","ast-main-header-display":"","ast-hfb-above-header-display":"","ast-hfb-below-header-display":"","ast-hfb-mobile-header-display":"","site-post-title":"","ast-breadcrumbs-content":"","ast-featured-img":"","footer-sml-layout":"","theme-transparent-header-meta":"","adv-header-id-meta":"","stick-header-meta":"","header-above-stick-meta":"","header-main-stick-meta":"","header-below-stick-meta":"","astra-migrate-meta-layouts":"set","ast-page-background-enabled":"default","ast-page-background-meta":{"desktop":{"background-color":"var(--ast-global-color-4)","background-image":"","background-repeat":"repeat","background-position":"center center","background-size":"auto","background-attachment":"scroll","background-type":"","background-media":"","overlay-type":"","overlay-color":"","overlay-opacity":"","overlay-gradient":""},"tablet":{"background-color":"","background-image":"","background-repeat":"repeat","background-position":"center center","background-size":"auto","background-attachment":"scroll","background-type":"","background-media":"","overlay-type":"","overlay-color":"","overlay-opacity":"","overlay-gradient":""},"mobile":{"background-color":"","background-image":"","background-repeat":"repeat","background-position":"center center","background-size":"auto","background-attachment":"scroll","background-type":"","background-media":"","overlay-type":"","overlay-color":"","overlay-opacity":"","overlay-gradient":""}},"ast-content-background-meta":{"desktop":{"background-color":"var(--ast-global-color-5)","background-image":"","background-repeat":"repeat","background-position":"center center","background-size":"auto","background-attachment":"scroll","background-type":"","background-media":"","overlay-type":"","overlay-color":"","overlay-opacity":"","overlay-gradient":""},"tablet":{"background-color":"var(--ast-global-color-5)","background-image":"","background-repeat":"repeat","background-position":"center center","background-size":"auto","background-attachment":"scroll","background-type":"","background-media":"","overlay-type":"","overlay-color":"","overlay-opacity":"","overlay-gradient":""},"mobile":{"background-color":"var(--ast-global-color-5)","background-image":"","background-repeat":"repeat","background-position":"center center","background-size":"auto","background-attachment":"scroll","background-type":"","background-media":"","overlay-type":"","overlay-color":"","overlay-opacity":"","overlay-gradient":""}},"footnotes":""},"class_list":["post-2091","page","type-page","status-publish","hentry"],"_links":{"self":[{"href":"https:\/\/www.futurewearableslab.fi\/fi\/wp-json\/wp\/v2\/pages\/2091","targetHints":{"allow":["GET"]}}],"collection":[{"href":"https:\/\/www.futurewearableslab.fi\/fi\/wp-json\/wp\/v2\/pages"}],"about":[{"href":"https:\/\/www.futurewearableslab.fi\/fi\/wp-json\/wp\/v2\/types\/page"}],"author":[{"embeddable":true,"href":"https:\/\/www.futurewearableslab.fi\/fi\/wp-json\/wp\/v2\/users\/1"}],"replies":[{"embeddable":true,"href":"https:\/\/www.futurewearableslab.fi\/fi\/wp-json\/wp\/v2\/comments?post=2091"}],"version-history":[{"count":22,"href":"https:\/\/www.futurewearableslab.fi\/fi\/wp-json\/wp\/v2\/pages\/2091\/revisions"}],"predecessor-version":[{"id":3015,"href":"https:\/\/www.futurewearableslab.fi\/fi\/wp-json\/wp\/v2\/pages\/2091\/revisions\/3015"}],"wp:attachment":[{"href":"https:\/\/www.futurewearableslab.fi\/fi\/wp-json\/wp\/v2\/media?parent=2091"}],"curies":[{"name":"wp","href":"https:\/\/api.w.org\/{rel}","templated":true}]}}