{"id":2087,"date":"2025-02-06T13:32:25","date_gmt":"2025-02-06T11:32:25","guid":{"rendered":"https:\/\/www.futurewearableslab.fi\/?page_id=2087"},"modified":"2025-02-07T16:12:48","modified_gmt":"2025-02-07T14:12:48","slug":"ar-virtualfit","status":"publish","type":"page","link":"https:\/\/www.futurewearableslab.fi\/fi\/ar-virtualfit\/","title":{"rendered":"AR-Virtualfit"},"content":{"rendered":"<div class=\"wp-block-stackable-heading stk-block-heading stk-block-heading--v2 stk-block stk-42d4f22\" id=\"ar-virtualfit\" data-block-id=\"42d4f22\"><h1 class=\"stk-block-heading__text\">AR-virtualfit<\/h1><\/div>\n\n\n\n<div class=\"wp-block-columns is-layout-flex wp-container-core-columns-is-layout-28f84493 wp-block-columns-is-layout-flex\">\n<div class=\"wp-block-column is-layout-flow wp-block-column-is-layout-flow\">\n<figure class=\"wp-block-image size-full is-resized is-style-rounded\"><img decoding=\"async\" src=\"https:\/\/www.futurewearableslab.fi\/devstaging\/wp-content\/uploads\/2024\/12\/DF_3D_GIF.gif\" alt=\"\" class=\"wp-image-2261\" style=\"width:705px;height:auto\"\/><\/figure>\n<\/div>\n\n\n\n<div class=\"wp-block-column is-layout-flow wp-block-column-is-layout-flow\">\n<div class=\"wp-block-stackable-text stk-block-text stk-block stk-fce448b\" data-block-id=\"fce448b\"><style>.stk-fce448b .stk-block-text__text{font-size:20px !important;font-weight:400 !important;font-style:normal !important;font-family:\"Inter\", Sans-serif !important;}@media screen and (max-width: 1023px){.stk-fce448b .stk-block-text__text{font-size:20px !important;}}<\/style><p class=\"stk-block-text__text\">\u00c4lykkyydest\u00e4 uutta vastuullista muotoilua,<br> muotia, osaamista ja liiketoimintaa -hankkeessa<br> toteutettiin pilotteja kantah\u00e4m\u00e4l\u00e4isten muotoilu- ja muotialan toimijoiden kanssa. Pilottien tarkoituksena oli tuoda esille digitalisaation tuomia mahdollisuuksia toimijoille.<\/p><\/div>\n<\/div>\n<\/div>\n\n\n\n<div style=\"height:211px\" aria-hidden=\"true\" class=\"wp-block-spacer\"><\/div>\n\n\n\n<hr class=\"wp-block-separator has-alpha-channel-opacity is-style-wide\"\/>\n\n\n\n<p class=\"has-text-align-center has-small-font-size\">Alustan sis\u00e4ll\u00f6ntuotannosta ja yll\u00e4pidosta vastaa HAMKin<br>&#8220;<a href=\"https:\/\/www.hamk.fi\/projektit\/alykkyydesta-uutta-vastuullista-muotoilua-muotia-osaamista-ja-liiketoimintaa\/#perustiedot-ja-tavoitteet\">\u00c4lykkyydest\u00e4 uutta vastuullista muotoilua, muotia, osaamista ja liiketoimintaa<\/a>&#8221; -hanke.<br><br><img loading=\"lazy\" decoding=\"async\" width=\"500\" height=\"109\" class=\"wp-image-1300\" style=\"width: 500px;\" src=\"https:\/\/www.futurewearableslab.fi\/devstaging\/wp-content\/uploads\/2023\/10\/logo_jono_eng.png\" alt=\"\" srcset=\"https:\/\/www.futurewearableslab.fi\/wp-content\/uploads\/2023\/10\/logo_jono_eng.png 709w, https:\/\/www.futurewearableslab.fi\/wp-content\/uploads\/2023\/10\/logo_jono_eng-300x66.png 300w, https:\/\/www.futurewearableslab.fi\/wp-content\/uploads\/2023\/10\/logo_jono_eng-18x4.png 18w\" sizes=\"auto, (max-width: 500px) 100vw, 500px\" \/><br><br>T\u00e4m\u00e4 alusta on kehitetty<br>&#8220;<a href=\"https:\/\/www.hamk.fi\/projektit\/puettavan-alykkyyden-osaamisen-kehittaminen\/\">Puettavan \u00e4lykkyyden osaamisen kehitt\u00e4minen<\/a>&#8221; (10\/2020-5\/2023) ja<br>&#8220;<a rel=\"noreferrer noopener\" href=\"https:\/\/projects.tuni.fi\/pirkanmaan-kestavien-ja-alykkaiden-tekstiilien-osaamis-ja-innovaatioekosysteemi\/\" target=\"_blank\">Pirkanmaan kest\u00e4vien ja \u00e4lykk\u00e4iden tekstiilien osaamis- ja innovaatioekosysteemi<\/a>&#8221; (9\/2021-8\/2023) -hankkeissa.<br>Molemmat hankkeet olivat Euroopan aluekehitysrahaston (EAKR) rahoittamia hankkeita.&nbsp;<br>J\u00e4lkimm\u00e4inen hanke rahoitettiin REACT-EU-v\u00e4lineen m\u00e4\u00e4r\u00e4rahoista osana Euroopan unionin COVID-19-pandemian johdosta toteuttamia toimia.<br><\/p>\n\n\n\n<div style=\"height:100px\" aria-hidden=\"true\" class=\"wp-block-spacer\"><\/div>\n\n\n\n<div style=\"height:100px\" aria-hidden=\"true\" class=\"wp-block-spacer\"><\/div>\n\n\n\n<p><\/p>","protected":false},"excerpt":{"rendered":"<p>AR-virtualfit This project is part of the \u201cFrom intelligence to new sustainable design, fashion, competence and business\u201d -project. Where the aim was to bring Tavastia proper\u2019s local enterprises modern digital solutions in order for them to develop their businesses. Alustan sis\u00e4ll\u00f6ntuotannosta ja yll\u00e4pidosta vastaa HAMKin&#8220;\u00c4lykkyydest\u00e4 uutta vastuullista muotoilua, muotia, osaamista ja liiketoimintaa&#8221; -hanke. T\u00e4m\u00e4 alusta [&hellip;]<\/p>","protected":false},"author":1,"featured_media":0,"parent":0,"menu_order":0,"comment_status":"closed","ping_status":"closed","template":"","meta":{"_eb_attr":"","site-sidebar-layout":"default","site-content-layout":"","ast-site-content-layout":"default","site-content-style":"default","site-sidebar-style":"default","ast-global-header-display":"","ast-banner-title-visibility":"","ast-main-header-display":"","ast-hfb-above-header-display":"","ast-hfb-below-header-display":"","ast-hfb-mobile-header-display":"","site-post-title":"","ast-breadcrumbs-content":"","ast-featured-img":"","footer-sml-layout":"","theme-transparent-header-meta":"","adv-header-id-meta":"","stick-header-meta":"","header-above-stick-meta":"","header-main-stick-meta":"","header-below-stick-meta":"","astra-migrate-meta-layouts":"set","ast-page-background-enabled":"default","ast-page-background-meta":{"desktop":{"background-color":"var(--ast-global-color-4)","background-image":"","background-repeat":"repeat","background-position":"center center","background-size":"auto","background-attachment":"scroll","background-type":"","background-media":"","overlay-type":"","overlay-color":"","overlay-opacity":"","overlay-gradient":""},"tablet":{"background-color":"","background-image":"","background-repeat":"repeat","background-position":"center center","background-size":"auto","background-attachment":"scroll","background-type":"","background-media":"","overlay-type":"","overlay-color":"","overlay-opacity":"","overlay-gradient":""},"mobile":{"background-color":"","background-image":"","background-repeat":"repeat","background-position":"center center","background-size":"auto","background-attachment":"scroll","background-type":"","background-media":"","overlay-type":"","overlay-color":"","overlay-opacity":"","overlay-gradient":""}},"ast-content-background-meta":{"desktop":{"background-color":"var(--ast-global-color-5)","background-image":"","background-repeat":"repeat","background-position":"center center","background-size":"auto","background-attachment":"scroll","background-type":"","background-media":"","overlay-type":"","overlay-color":"","overlay-opacity":"","overlay-gradient":""},"tablet":{"background-color":"var(--ast-global-color-5)","background-image":"","background-repeat":"repeat","background-position":"center center","background-size":"auto","background-attachment":"scroll","background-type":"","background-media":"","overlay-type":"","overlay-color":"","overlay-opacity":"","overlay-gradient":""},"mobile":{"background-color":"var(--ast-global-color-5)","background-image":"","background-repeat":"repeat","background-position":"center center","background-size":"auto","background-attachment":"scroll","background-type":"","background-media":"","overlay-type":"","overlay-color":"","overlay-opacity":"","overlay-gradient":""}},"footnotes":""},"class_list":["post-2087","page","type-page","status-publish","hentry"],"_links":{"self":[{"href":"https:\/\/www.futurewearableslab.fi\/fi\/wp-json\/wp\/v2\/pages\/2087","targetHints":{"allow":["GET"]}}],"collection":[{"href":"https:\/\/www.futurewearableslab.fi\/fi\/wp-json\/wp\/v2\/pages"}],"about":[{"href":"https:\/\/www.futurewearableslab.fi\/fi\/wp-json\/wp\/v2\/types\/page"}],"author":[{"embeddable":true,"href":"https:\/\/www.futurewearableslab.fi\/fi\/wp-json\/wp\/v2\/users\/1"}],"replies":[{"embeddable":true,"href":"https:\/\/www.futurewearableslab.fi\/fi\/wp-json\/wp\/v2\/comments?post=2087"}],"version-history":[{"count":3,"href":"https:\/\/www.futurewearableslab.fi\/fi\/wp-json\/wp\/v2\/pages\/2087\/revisions"}],"predecessor-version":[{"id":2275,"href":"https:\/\/www.futurewearableslab.fi\/fi\/wp-json\/wp\/v2\/pages\/2087\/revisions\/2275"}],"wp:attachment":[{"href":"https:\/\/www.futurewearableslab.fi\/fi\/wp-json\/wp\/v2\/media?parent=2087"}],"curies":[{"name":"wp","href":"https:\/\/api.w.org\/{rel}","templated":true}]}}