{"id":2085,"date":"2025-02-06T13:31:20","date_gmt":"2025-02-06T11:31:20","guid":{"rendered":"https:\/\/www.futurewearableslab.fi\/?page_id=2085"},"modified":"2025-03-31T12:22:23","modified_gmt":"2025-03-31T09:22:23","slug":"2085-2","status":"publish","type":"page","link":"https:\/\/www.futurewearableslab.fi\/fi\/2085-2\/","title":{"rendered":"Custoknit"},"content":{"rendered":"<div class=\"wp-block-stackable-columns stk-block-columns stk-block stk-249b919\" data-block-id=\"249b919\"><div class=\"stk-row stk-inner-blocks stk-block-content stk-content-align stk-249b919-column\">\n<div class=\"wp-block-stackable-column stk-block-column stk-column stk-block stk-ff0b96c\" data-v=\"4\" data-block-id=\"ff0b96c\"><div class=\"stk-column-wrapper stk-block-column__content stk-container stk-ff0b96c-container stk--no-background stk--no-padding\"><div class=\"stk-block-content stk-inner-blocks stk-ff0b96c-inner-blocks\">\n<div class=\"wp-block-stackable-heading stk-block-heading stk-block-heading--v2 stk-block stk-8a16a99\" id=\"custoknit\" data-block-id=\"8a16a99\"><style>.stk-8a16a99 .stk-block-heading__text{font-weight:900 !important;font-family:\"Inter\", Sans-serif !important;}<\/style><h1 class=\"stk-block-heading__text has-text-align-left\">Custoknit<\/h1><\/div>\n\n\n\n<div class=\"wp-block-stackable-columns stk-block-columns stk-block stk-4c12e03\" data-block-id=\"4c12e03\"><div class=\"stk-row stk-inner-blocks stk-block-content stk-content-align stk-4c12e03-column\">\n<div class=\"wp-block-stackable-column stk-block-column stk-column stk-block stk-ad1b915\" data-v=\"4\" data-block-id=\"ad1b915\"><div class=\"stk-column-wrapper stk-block-column__content stk-container stk-ad1b915-container stk--no-background stk--no-padding\"><div class=\"stk-block-content stk-inner-blocks stk-ad1b915-inner-blocks\">\n<div class=\"wp-block-stackable-text stk-block-text stk-block stk-8b43b86\" data-block-id=\"8b43b86\"><p class=\"stk-block-text__text translation-block\">\u00c4lykkyydest\u00e4 uutta vastuullista muotoilua,<br> muotia, osaamista ja liiketoimintaa -hankkeessa<br> toteutettiin pilotteja kantah\u00e4m\u00e4l\u00e4isten muotoilu- <br>ja muotialan toimijoiden kanssa. Pilottien<br> tarkoituksena oli tuoda esille digitalisaation<br> tuomia mahdollisuuksia toimijoille.<\/p><\/div>\n<\/div><\/div><\/div>\n\n\n\n<div class=\"wp-block-stackable-column stk-block-column stk-column stk-block stk-631c785\" data-v=\"4\" data-block-id=\"631c785\"><div class=\"stk-column-wrapper stk-block-column__content stk-container stk-631c785-container stk--no-background stk--no-padding\"><div class=\"stk-block-content stk-inner-blocks stk-631c785-inner-blocks\">\n<div class=\"wp-block-stackable-image stk-block-image stk-block stk-17989fd\" data-block-id=\"17989fd\"><figure><span class=\"stk-img-wrapper stk-image--shape-stretch\"><img loading=\"lazy\" decoding=\"async\" class=\"stk-img wp-image-1941\" src=\"https:\/\/www.futurewearableslab.fi\/wp-content\/uploads\/2024\/06\/Sukat_Markkinointimateriaali.gif\" width=\"1000\" height=\"1000\"\/><\/span><\/figure><\/div>\n<\/div><\/div><\/div>\n\n\n\n<div class=\"wp-block-stackable-column stk-block-column stk-column stk-block stk-4b1cb16\" data-v=\"4\" data-block-id=\"4b1cb16\"><div class=\"stk-column-wrapper stk-block-column__content stk-container stk-4b1cb16-container stk--no-background stk--no-padding\"><div class=\"stk-block-content stk-inner-blocks stk-4b1cb16-inner-blocks\">\n<div class=\"wp-block-stackable-image stk-block-image stk-block stk-07f0015\" data-block-id=\"07f0015\"><figure><span class=\"stk-img-wrapper stk-image--shape-stretch\"><img loading=\"lazy\" decoding=\"async\" class=\"stk-img wp-image-2898\" src=\"https:\/\/www.futurewearableslab.fi\/wp-content\/uploads\/2025\/03\/Screenshot-2024-06-25-at-16.47.44-left.png\" width=\"1857\" height=\"3096\" srcset=\"https:\/\/www.futurewearableslab.fi\/wp-content\/uploads\/2025\/03\/Screenshot-2024-06-25-at-16.47.44-left.png 1857w, https:\/\/www.futurewearableslab.fi\/wp-content\/uploads\/2025\/03\/Screenshot-2024-06-25-at-16.47.44-left-180x300.png 180w, https:\/\/www.futurewearableslab.fi\/wp-content\/uploads\/2025\/03\/Screenshot-2024-06-25-at-16.47.44-left-614x1024.png 614w, https:\/\/www.futurewearableslab.fi\/wp-content\/uploads\/2025\/03\/Screenshot-2024-06-25-at-16.47.44-left-768x1280.png 768w, https:\/\/www.futurewearableslab.fi\/wp-content\/uploads\/2025\/03\/Screenshot-2024-06-25-at-16.47.44-left-921x1536.png 921w, https:\/\/www.futurewearableslab.fi\/wp-content\/uploads\/2025\/03\/Screenshot-2024-06-25-at-16.47.44-left-1228x2048.png 1228w, https:\/\/www.futurewearableslab.fi\/wp-content\/uploads\/2025\/03\/Screenshot-2024-06-25-at-16.47.44-left-7x12.png 7w\" sizes=\"auto, (max-width: 1857px) 100vw, 1857px\" \/><\/span><\/figure><\/div>\n<\/div><\/div><\/div>\n<\/div><\/div>\n<\/div><\/div><\/div>\n<\/div><\/div>\n\n\n\n<div style=\"height:25px\" aria-hidden=\"true\" class=\"wp-block-spacer\"><\/div>\n\n\n\n<div class=\"wp-block-group is-layout-constrained wp-container-core-group-is-layout-6226084c wp-block-group-is-layout-constrained\" style=\"margin-top:0;margin-bottom:0;padding-top:0;padding-right:0;padding-bottom:0;padding-left:0\"><div class=\"wp-block-group__inner-container\">\n<div class=\"wp-block-group alignwide has-small-font-size is-vertical is-content-justification-center is-nowrap is-layout-flex wp-container-core-group-is-layout-5b9959db wp-block-group-is-layout-flex\">\n<figure class=\"wp-block-image size-full is-resized\"><a href=\"https:\/\/www.futurewearableslab.fi\/fi\/devstaging\/hamk-palvelut\/\"><img loading=\"lazy\" decoding=\"async\" width=\"540\" height=\"220\" src=\"https:\/\/www.futurewearableslab.fi\/devstaging\/wp-content\/uploads\/2024\/01\/hamklogosmall.png\" alt=\"\" class=\"wp-image-1532\" style=\"width:270px\" srcset=\"https:\/\/www.futurewearableslab.fi\/wp-content\/uploads\/2024\/01\/hamklogosmall.png 540w, https:\/\/www.futurewearableslab.fi\/wp-content\/uploads\/2024\/01\/hamklogosmall-300x122.png 300w, https:\/\/www.futurewearableslab.fi\/wp-content\/uploads\/2024\/01\/hamklogosmall-18x7.png 18w\" sizes=\"auto, (max-width: 540px) 100vw, 540px\" \/><\/a><\/figure>\n\n\n\n<figure class=\"wp-block-image size-full is-resized\"><a href=\"https:\/\/www.futurewearableslab.fi\/fi\/devstaging\/tamk-palvelut\/\"><img loading=\"lazy\" decoding=\"async\" width=\"820\" height=\"220\" src=\"https:\/\/www.futurewearableslab.fi\/devstaging\/wp-content\/uploads\/2024\/01\/tamklogosmall.png\" alt=\"\" class=\"wp-image-1531\" style=\"width:530px\" srcset=\"https:\/\/www.futurewearableslab.fi\/wp-content\/uploads\/2024\/01\/tamklogosmall.png 820w, https:\/\/www.futurewearableslab.fi\/wp-content\/uploads\/2024\/01\/tamklogosmall-300x80.png 300w, https:\/\/www.futurewearableslab.fi\/wp-content\/uploads\/2024\/01\/tamklogosmall-768x206.png 768w, https:\/\/www.futurewearableslab.fi\/wp-content\/uploads\/2024\/01\/tamklogosmall-18x5.png 18w\" sizes=\"auto, (max-width: 820px) 100vw, 820px\" \/><\/a><\/figure>\n<\/div>\n<\/div><\/div>\n\n\n\n<hr class=\"wp-block-separator has-alpha-channel-opacity is-style-wide\"\/>\n\n\n\n<p class=\"has-text-align-center has-small-font-size\">Alustan sis\u00e4ll\u00f6ntuotannosta ja yll\u00e4pidosta vastaa HAMKin<br>&#8220;<a href=\"https:\/\/www.hamk.fi\/projektit\/alykkyydesta-uutta-vastuullista-muotoilua-muotia-osaamista-ja-liiketoimintaa\/#perustiedot-ja-tavoitteet\">\u00c4lykkyydest\u00e4 uutta vastuullista muotoilua, muotia, osaamista ja liiketoimintaa<\/a>&#8221; -hanke.<br><br><img loading=\"lazy\" decoding=\"async\" width=\"500\" height=\"109\" class=\"wp-image-1300\" style=\"width: 500px;\" src=\"https:\/\/www.futurewearableslab.fi\/devstaging\/wp-content\/uploads\/2023\/10\/logo_jono_eng.png\" alt=\"\" srcset=\"https:\/\/www.futurewearableslab.fi\/wp-content\/uploads\/2023\/10\/logo_jono_eng.png 709w, https:\/\/www.futurewearableslab.fi\/wp-content\/uploads\/2023\/10\/logo_jono_eng-300x66.png 300w, https:\/\/www.futurewearableslab.fi\/wp-content\/uploads\/2023\/10\/logo_jono_eng-18x4.png 18w\" sizes=\"auto, (max-width: 500px) 100vw, 500px\" \/><br><br>T\u00e4m\u00e4 alusta on kehitetty<br>&#8220;<a href=\"https:\/\/www.hamk.fi\/projektit\/puettavan-alykkyyden-osaamisen-kehittaminen\/\">Puettavan \u00e4lykkyyden osaamisen kehitt\u00e4minen<\/a>&#8221; (10\/2020-5\/2023) ja<br>&#8220;<a rel=\"noreferrer noopener\" href=\"https:\/\/projects.tuni.fi\/pirkanmaan-kestavien-ja-alykkaiden-tekstiilien-osaamis-ja-innovaatioekosysteemi\/\" target=\"_blank\">Pirkanmaan kest\u00e4vien ja \u00e4lykk\u00e4iden tekstiilien osaamis- ja innovaatioekosysteemi<\/a>&#8221; (9\/2021-8\/2023) -hankkeissa.<br>Molemmat hankkeet olivat Euroopan aluekehitysrahaston (EAKR) rahoittamia hankkeita.&nbsp;<br>J\u00e4lkimm\u00e4inen hanke rahoitettiin REACT-EU-v\u00e4lineen m\u00e4\u00e4r\u00e4rahoista osana Euroopan unionin COVID-19-pandemian johdosta toteuttamia toimia.<br><\/p>\n\n\n\n<p><\/p>","protected":false},"excerpt":{"rendered":"<p>Custoknit This project is part of the \u201cFrom intelligence to newsustainable design, fashion, competence and business\u201d-project. Where the aim was to bring Tavastia proper\u2019slocal enterprises modern digital solutions in order forthem to develop their businesses. Alustan sis\u00e4ll\u00f6ntuotannosta ja yll\u00e4pidosta vastaa HAMKin&#8220;\u00c4lykkyydest\u00e4 uutta vastuullista muotoilua, muotia, osaamista ja liiketoimintaa&#8221; -hanke. T\u00e4m\u00e4 alusta on kehitetty&#8220;Puettavan \u00e4lykkyyden osaamisen [&hellip;]<\/p>","protected":false},"author":1,"featured_media":0,"parent":0,"menu_order":0,"comment_status":"closed","ping_status":"closed","template":"","meta":{"_eb_attr":"","site-sidebar-layout":"default","site-content-layout":"","ast-site-content-layout":"default","site-content-style":"default","site-sidebar-style":"default","ast-global-header-display":"","ast-banner-title-visibility":"","ast-main-header-display":"","ast-hfb-above-header-display":"","ast-hfb-below-header-display":"","ast-hfb-mobile-header-display":"","site-post-title":"","ast-breadcrumbs-content":"","ast-featured-img":"","footer-sml-layout":"","theme-transparent-header-meta":"","adv-header-id-meta":"","stick-header-meta":"","header-above-stick-meta":"","header-main-stick-meta":"","header-below-stick-meta":"","astra-migrate-meta-layouts":"set","ast-page-background-enabled":"default","ast-page-background-meta":{"desktop":{"background-color":"var(--ast-global-color-4)","background-image":"","background-repeat":"repeat","background-position":"center center","background-size":"auto","background-attachment":"scroll","background-type":"","background-media":"","overlay-type":"","overlay-color":"","overlay-opacity":"","overlay-gradient":""},"tablet":{"background-color":"","background-image":"","background-repeat":"repeat","background-position":"center center","background-size":"auto","background-attachment":"scroll","background-type":"","background-media":"","overlay-type":"","overlay-color":"","overlay-opacity":"","overlay-gradient":""},"mobile":{"background-color":"","background-image":"","background-repeat":"repeat","background-position":"center center","background-size":"auto","background-attachment":"scroll","background-type":"","background-media":"","overlay-type":"","overlay-color":"","overlay-opacity":"","overlay-gradient":""}},"ast-content-background-meta":{"desktop":{"background-color":"var(--ast-global-color-5)","background-image":"","background-repeat":"repeat","background-position":"center center","background-size":"auto","background-attachment":"scroll","background-type":"","background-media":"","overlay-type":"","overlay-color":"","overlay-opacity":"","overlay-gradient":""},"tablet":{"background-color":"var(--ast-global-color-5)","background-image":"","background-repeat":"repeat","background-position":"center center","background-size":"auto","background-attachment":"scroll","background-type":"","background-media":"","overlay-type":"","overlay-color":"","overlay-opacity":"","overlay-gradient":""},"mobile":{"background-color":"var(--ast-global-color-5)","background-image":"","background-repeat":"repeat","background-position":"center center","background-size":"auto","background-attachment":"scroll","background-type":"","background-media":"","overlay-type":"","overlay-color":"","overlay-opacity":"","overlay-gradient":""}},"footnotes":""},"class_list":["post-2085","page","type-page","status-publish","hentry"],"_links":{"self":[{"href":"https:\/\/www.futurewearableslab.fi\/fi\/wp-json\/wp\/v2\/pages\/2085","targetHints":{"allow":["GET"]}}],"collection":[{"href":"https:\/\/www.futurewearableslab.fi\/fi\/wp-json\/wp\/v2\/pages"}],"about":[{"href":"https:\/\/www.futurewearableslab.fi\/fi\/wp-json\/wp\/v2\/types\/page"}],"author":[{"embeddable":true,"href":"https:\/\/www.futurewearableslab.fi\/fi\/wp-json\/wp\/v2\/users\/1"}],"replies":[{"embeddable":true,"href":"https:\/\/www.futurewearableslab.fi\/fi\/wp-json\/wp\/v2\/comments?post=2085"}],"version-history":[{"count":15,"href":"https:\/\/www.futurewearableslab.fi\/fi\/wp-json\/wp\/v2\/pages\/2085\/revisions"}],"predecessor-version":[{"id":2912,"href":"https:\/\/www.futurewearableslab.fi\/fi\/wp-json\/wp\/v2\/pages\/2085\/revisions\/2912"}],"wp:attachment":[{"href":"https:\/\/www.futurewearableslab.fi\/fi\/wp-json\/wp\/v2\/media?parent=2085"}],"curies":[{"name":"wp","href":"https:\/\/api.w.org\/{rel}","templated":true}]}}