{"id":2077,"date":"2025-02-06T13:21:28","date_gmt":"2025-02-06T11:21:28","guid":{"rendered":"https:\/\/www.futurewearableslab.fi\/?page_id=2077"},"modified":"2025-02-11T09:47:41","modified_gmt":"2025-02-11T07:47:41","slug":"2077-2","status":"publish","type":"page","link":"https:\/\/www.futurewearableslab.fi\/fi\/2077-2\/","title":{"rendered":"RIPPLE"},"content":{"rendered":"<div class=\"wp-block-stackable-heading stk-block-heading stk-block-heading--v2 stk-block stk-a949482\" id=\"ripple\" data-block-id=\"a949482\"><style>.stk-a949482 {right:-90px !important;position:relative !important;}@media screen and (max-width: 767px){.stk-a949482 {right:-150px !important;}.stk-a949482 .stk-block-heading__text{font-size:40px !important;}}<\/style><h1 class=\"stk-block-heading__text\">Ripple<\/h1><\/div>\n\n\n\n<div class=\"wp-block-stackable-columns stk-block-columns stk-block stk-33efc9d\" data-block-id=\"33efc9d\"><div class=\"stk-row stk-inner-blocks stk-block-content stk-content-align stk-33efc9d-column\">\n<div class=\"wp-block-stackable-column stk-block-column stk-column stk-block stk-a945455\" data-v=\"4\" data-block-id=\"a945455\"><style>.stk-a945455-container{margin-top:0px !important;margin-right:0px !important;margin-bottom:0px !important;margin-left:0px !important;}.stk-a945455 {right:-30px !important;position:relative !important;}@media screen and (min-width: 768px){.stk-a945455 {flex:var(--stk-flex-grow, 1) 1 calc(46.2% - var(--stk-column-gap, 0px) * 1 \/ 2 ) !important;}}<\/style><div class=\"stk-column-wrapper stk-block-column__content stk-container stk-a945455-container stk--no-background stk--no-padding\"><div class=\"stk-block-content stk-inner-blocks stk-a945455-inner-blocks\">\n<figure class=\"wp-block-image aligncenter size-large is-resized\"><img decoding=\"async\" src=\"https:\/\/www.futurewearableslab.fi\/devstaging\/wp-content\/uploads\/2024\/12\/Ripple-768x1024.jpg\" alt=\"\" class=\"wp-image-2247\" style=\"width:503px;height:auto\"\/><\/figure>\n<\/div><\/div><\/div>\n\n\n\n<div class=\"wp-block-stackable-column stk-block-column stk-column stk-block stk-79c547c\" data-v=\"4\" data-block-id=\"79c547c\"><style>@media screen and (min-width: 768px){.stk-79c547c {flex:var(--stk-flex-grow, 1) 1 calc(53.8% - var(--stk-column-gap, 0px) * 1 \/ 2 ) !important;}}<\/style><div class=\"stk-column-wrapper stk-block-column__content stk-container stk-79c547c-container stk--no-background stk--no-padding\"><div class=\"stk-block-content stk-inner-blocks stk-79c547c-inner-blocks\">\n<div class=\"wp-block-stackable-text stk-block-text stk-block stk-6a14d7b\" data-block-id=\"6a14d7b\"><style>.stk-6a14d7b {top:4px !important;}@media screen and (max-width: 767px){.stk-6a14d7b {right:-25px !important;}.stk-6a14d7b .stk-block-text__text{font-size:14px !important;}}<\/style><p class=\"stk-block-text__text\">Ent\u00e4 jos meill\u00e4 olisi parempi tiimihenki hengitt\u00e4m\u00e4ll\u00e4 samaan rytmiin? <br>rhythm?<\/p><\/div>\n\n\n\n<div class=\"wp-block-stackable-text stk-block-text stk-block stk-cb7d9fb\" data-block-id=\"cb7d9fb\"><style>@media screen and (max-width: 767px){.stk-cb7d9fb {right:-25px !important;}.stk-cb7d9fb .stk-block-text__text{font-size:14px !important;}}<\/style><p class=\"stk-block-text__text\">Ripple is a wearable smart sleeve, which aids players in<br>an e-sports team to follow an optimized breathing <br>rhythm to allow for better teamwork and calmness.<\/p><\/div>\n\n\n\n<figure class=\"wp-block-image size-full is-resized\" style=\"margin-top:6%;margin-right:0;margin-bottom:0%;margin-left:0\"><img decoding=\"async\" src=\"https:\/\/www.futurewearableslab.fi\/devstaging\/wp-content\/uploads\/2024\/12\/Ripple2.jpg\" alt=\"\" class=\"wp-image-2248\" style=\"width:536px;height:auto\"\/><\/figure>\n<\/div><\/div><\/div>\n<\/div><\/div>\n\n\n\n<div style=\"height:100px\" aria-hidden=\"true\" class=\"wp-block-spacer\"><\/div>\n\n\n\n<figure class=\"wp-block-video\"><video controls src=\"https:\/\/www.futurewearableslab.fi\/devstaging\/wp-content\/uploads\/2024\/12\/Ripple-koko-video-aanilla.mp4\"><\/video><\/figure>\n\n\n\n<div style=\"height:100px\" aria-hidden=\"true\" class=\"wp-block-spacer\"><\/div>\n\n\n\n<div class=\"wp-block-getwid-image-hotspot\" data-appearance-animation=\"none\" data-image-points=\"[{&quot;link&quot;:&quot;&quot;,&quot;icon&quot;:&quot;&quot;,&quot;title&quot;:&quot;TEKSTIILIMATERIAALI&quot;,&quot;color&quot;:&quot;&quot;,&quot;content&quot;:&quot;Unisex mallinen musta \u00e4lyhiha on tehty helposti puettavaksi vasempaan k\u00e4teen. Miellytt\u00e4v\u00e4\u00e4 materiaalia oleva hiha on kevyt ja joustavaa neulosta.&quot;,&quot;backgroundColor&quot;:&quot;&quot;,&quot;newTab&quot;:false,&quot;popUpOpen&quot;:false,&quot;popUpWidth&quot;:350,&quot;placement&quot;:&quot;top&quot;,&quot;position&quot;:{&quot;x&quot;:&quot;56.82%&quot;,&quot;y&quot;:&quot;43.02%&quot;}},{&quot;link&quot;:&quot;&quot;,&quot;icon&quot;:&quot;&quot;,&quot;title&quot;:&quot;V\u00c4REILEV\u00c4 ALUE&quot;,&quot;color&quot;:&quot;&quot;,&quot;content&quot;:&quot;\u00c4lyvaatteessa, vasemmassa k\u00e4sivarressa on hihan pituudelta moottoreita (10 kpl), jotka ohjaavat koko joukkuetta hengitt\u00e4m\u00e4n samaan tahtiin hell\u00e4n v\u00e4reilev\u00e4n silityksen rytmiss\u00e4.\\n&quot;,&quot;backgroundColor&quot;:&quot;&quot;,&quot;newTab&quot;:false,&quot;popUpOpen&quot;:false,&quot;popUpWidth&quot;:350,&quot;placement&quot;:&quot;top&quot;,&quot;position&quot;:{&quot;x&quot;:&quot;71.63%&quot;,&quot;y&quot;:&quot;61.31%&quot;}},{&quot;link&quot;:&quot;&quot;,&quot;icon&quot;:&quot;&quot;,&quot;title&quot;:&quot;N\u00c4YTT\u00d6ALUE&quot;,&quot;color&quot;:&quot;&quot;,&quot;content&quot;:&quot;N\u00e4ytt\u00f6alue on sijoitettu \u00e4lyhihan yl\u00e4osaan. Kun pelaaja l\u00e4hett\u00e4\u00e4 tai vastaanottaa viestej\u00e4, valot kertovat viestien vaihdosta.\\n&quot;,&quot;backgroundColor&quot;:&quot;&quot;,&quot;newTab&quot;:false,&quot;popUpOpen&quot;:false,&quot;popUpWidth&quot;:350,&quot;placement&quot;:&quot;top&quot;,&quot;position&quot;:{&quot;x&quot;:&quot;61.94%&quot;,&quot;y&quot;:&quot;78.17%&quot;}},{&quot;link&quot;:&quot;&quot;,&quot;icon&quot;:&quot;&quot;,&quot;title&quot;:&quot;ELEKTRONIIKKA&quot;,&quot;color&quot;:&quot;&quot;,&quot;content&quot;:&quot;\u00c4lyhihan elektroniikka on pyritty tekem\u00e4\u00e4n mahdollisimman ohueksi ja kevyeksi, jotta se mukautuu miellytt\u00e4v\u00e4sti tekstiilin mukaan. Toteutuksessa on k\u00e4ytetty taipuisaa elektroniikkaa.\\n&quot;,&quot;backgroundColor&quot;:&quot;&quot;,&quot;newTab&quot;:false,&quot;popUpOpen&quot;:false,&quot;popUpWidth&quot;:350,&quot;placement&quot;:&quot;top&quot;,&quot;position&quot;:{&quot;x&quot;:&quot;80.78%&quot;,&quot;y&quot;:&quot;76.27%&quot;}}]\" data-trigger=\"hover\" data-theme=\"light\" data-tooltip-animation=\"shift-toward\" data-arrow=\"true\"><div class=\"wp-block-getwid-image-hotspot__wrapper\"><img loading=\"lazy\" decoding=\"async\" width=\"1810\" height=\"2560\" src=\"https:\/\/www.futurewearableslab.fi\/wp-content\/uploads\/2025\/02\/poster01_bg_en-scaled-1.png\" alt=\"\" class=\"wp-block-getwid-image-hotspot__image wp-image-2294\" srcset=\"https:\/\/www.futurewearableslab.fi\/wp-content\/uploads\/2025\/02\/poster01_bg_en-scaled-1.png 1810w, https:\/\/www.futurewearableslab.fi\/wp-content\/uploads\/2025\/02\/poster01_bg_en-scaled-1-212x300.png 212w, https:\/\/www.futurewearableslab.fi\/wp-content\/uploads\/2025\/02\/poster01_bg_en-scaled-1-724x1024.png 724w, https:\/\/www.futurewearableslab.fi\/wp-content\/uploads\/2025\/02\/poster01_bg_en-scaled-1-768x1086.png 768w, https:\/\/www.futurewearableslab.fi\/wp-content\/uploads\/2025\/02\/poster01_bg_en-scaled-1-1086x1536.png 1086w, https:\/\/www.futurewearableslab.fi\/wp-content\/uploads\/2025\/02\/poster01_bg_en-scaled-1-1448x2048.png 1448w, https:\/\/www.futurewearableslab.fi\/wp-content\/uploads\/2025\/02\/poster01_bg_en-scaled-1-8x12.png 8w\" sizes=\"auto, (max-width: 1810px) 100vw, 1810px\" \/><div data-point-id=\"0\" class=\"wp-block-getwid-image-hotspot__dot has-animation-pulse\" style=\"left:56.82%;top:43.02%\"><div class=\"wp-block-getwid-image-hotspot__dot-wrapper\"><div class=\"wp-block-getwid-image-hotspot__dot-content\"><i class=\"fas fa-plus wp-block-getwid-image-hotspot__dot-icon\"><\/i><\/div><\/div><div class=\"wp-block-getwid-image-hotspot__dot-description\"><div class=\"wp-block-getwid-image-hotspot__dot-title\">TEKSTIILIMATERIAALI<\/div><\/div><\/div><div data-point-id=\"1\" class=\"wp-block-getwid-image-hotspot__dot has-animation-pulse\" style=\"left:71.63%;top:61.31%\"><div class=\"wp-block-getwid-image-hotspot__dot-wrapper\"><div class=\"wp-block-getwid-image-hotspot__dot-content\"><i class=\"fas fa-plus wp-block-getwid-image-hotspot__dot-icon\"><\/i><\/div><\/div><div class=\"wp-block-getwid-image-hotspot__dot-description\"><div class=\"wp-block-getwid-image-hotspot__dot-title\">V\u00c4REILEV\u00c4 ALUE<\/div><\/div><\/div><div data-point-id=\"2\" class=\"wp-block-getwid-image-hotspot__dot has-animation-pulse\" style=\"left:61.94%;top:78.17%\"><div class=\"wp-block-getwid-image-hotspot__dot-wrapper\"><div class=\"wp-block-getwid-image-hotspot__dot-content\"><i class=\"fas fa-plus wp-block-getwid-image-hotspot__dot-icon\"><\/i><\/div><\/div><div class=\"wp-block-getwid-image-hotspot__dot-description\"><div class=\"wp-block-getwid-image-hotspot__dot-title\">N\u00c4YTT\u00d6ALUE<\/div><\/div><\/div><div data-point-id=\"3\" class=\"wp-block-getwid-image-hotspot__dot has-animation-pulse\" style=\"left:80.78%;top:76.27%\"><div class=\"wp-block-getwid-image-hotspot__dot-wrapper\"><div class=\"wp-block-getwid-image-hotspot__dot-content\"><i class=\"fas fa-plus wp-block-getwid-image-hotspot__dot-icon\"><\/i><\/div><\/div><div class=\"wp-block-getwid-image-hotspot__dot-description\"><div class=\"wp-block-getwid-image-hotspot__dot-title\">ELEKTRONIIKKA<\/div><\/div><\/div><\/div><\/div>\n\n\n\n<div style=\"height:100px\" aria-hidden=\"true\" class=\"wp-block-spacer\"><\/div>\n\n\n\n<p><\/p>","protected":false},"excerpt":{"rendered":"<p>Ripple What if an e-sports team could breath in synchronized rhythm? Ripple is a wearable smart sleeve, which aids players inan e-sports team to follow an optimized breathing rhythm to allow for better teamwork and calmness.<\/p>","protected":false},"author":1,"featured_media":0,"parent":0,"menu_order":0,"comment_status":"closed","ping_status":"closed","template":"","meta":{"_eb_attr":"","site-sidebar-layout":"default","site-content-layout":"","ast-site-content-layout":"default","site-content-style":"default","site-sidebar-style":"default","ast-global-header-display":"","ast-banner-title-visibility":"","ast-main-header-display":"","ast-hfb-above-header-display":"","ast-hfb-below-header-display":"","ast-hfb-mobile-header-display":"","site-post-title":"","ast-breadcrumbs-content":"","ast-featured-img":"","footer-sml-layout":"","theme-transparent-header-meta":"","adv-header-id-meta":"","stick-header-meta":"","header-above-stick-meta":"","header-main-stick-meta":"","header-below-stick-meta":"","astra-migrate-meta-layouts":"set","ast-page-background-enabled":"default","ast-page-background-meta":{"desktop":{"background-color":"var(--ast-global-color-4)","background-image":"","background-repeat":"repeat","background-position":"center center","background-size":"auto","background-attachment":"scroll","background-type":"","background-media":"","overlay-type":"","overlay-color":"","overlay-opacity":"","overlay-gradient":""},"tablet":{"background-color":"","background-image":"","background-repeat":"repeat","background-position":"center center","background-size":"auto","background-attachment":"scroll","background-type":"","background-media":"","overlay-type":"","overlay-color":"","overlay-opacity":"","overlay-gradient":""},"mobile":{"background-color":"","background-image":"","background-repeat":"repeat","background-position":"center center","background-size":"auto","background-attachment":"scroll","background-type":"","background-media":"","overlay-type":"","overlay-color":"","overlay-opacity":"","overlay-gradient":""}},"ast-content-background-meta":{"desktop":{"background-color":"var(--ast-global-color-5)","background-image":"","background-repeat":"repeat","background-position":"center center","background-size":"auto","background-attachment":"scroll","background-type":"","background-media":"","overlay-type":"","overlay-color":"","overlay-opacity":"","overlay-gradient":""},"tablet":{"background-color":"var(--ast-global-color-5)","background-image":"","background-repeat":"repeat","background-position":"center center","background-size":"auto","background-attachment":"scroll","background-type":"","background-media":"","overlay-type":"","overlay-color":"","overlay-opacity":"","overlay-gradient":""},"mobile":{"background-color":"var(--ast-global-color-5)","background-image":"","background-repeat":"repeat","background-position":"center center","background-size":"auto","background-attachment":"scroll","background-type":"","background-media":"","overlay-type":"","overlay-color":"","overlay-opacity":"","overlay-gradient":""}},"footnotes":""},"class_list":["post-2077","page","type-page","status-publish","hentry"],"_links":{"self":[{"href":"https:\/\/www.futurewearableslab.fi\/fi\/wp-json\/wp\/v2\/pages\/2077","targetHints":{"allow":["GET"]}}],"collection":[{"href":"https:\/\/www.futurewearableslab.fi\/fi\/wp-json\/wp\/v2\/pages"}],"about":[{"href":"https:\/\/www.futurewearableslab.fi\/fi\/wp-json\/wp\/v2\/types\/page"}],"author":[{"embeddable":true,"href":"https:\/\/www.futurewearableslab.fi\/fi\/wp-json\/wp\/v2\/users\/1"}],"replies":[{"embeddable":true,"href":"https:\/\/www.futurewearableslab.fi\/fi\/wp-json\/wp\/v2\/comments?post=2077"}],"version-history":[{"count":6,"href":"https:\/\/www.futurewearableslab.fi\/fi\/wp-json\/wp\/v2\/pages\/2077\/revisions"}],"predecessor-version":[{"id":2299,"href":"https:\/\/www.futurewearableslab.fi\/fi\/wp-json\/wp\/v2\/pages\/2077\/revisions\/2299"}],"wp:attachment":[{"href":"https:\/\/www.futurewearableslab.fi\/fi\/wp-json\/wp\/v2\/media?parent=2077"}],"curies":[{"name":"wp","href":"https:\/\/api.w.org\/{rel}","templated":true}]}}