{"id":2065,"date":"2025-02-06T13:05:08","date_gmt":"2025-02-06T11:05:08","guid":{"rendered":"https:\/\/www.futurewearableslab.fi\/?page_id=2065"},"modified":"2025-02-07T14:41:33","modified_gmt":"2025-02-07T12:41:33","slug":"contact-us","status":"publish","type":"page","link":"https:\/\/www.futurewearableslab.fi\/fi\/contact-us\/","title":{"rendered":"Contact us"},"content":{"rendered":"<h1 class=\"wp-block-heading alignfull has-text-align-center\">CONTAC US<\/h1>\n\n\n\n<h3 class=\"wp-block-heading has-text-align-center\">HAMK Tech Research Unit&#8217;s team<\/h3>\n\n\n\n<div class=\"wp-block-media-text alignfull is-stacked-on-mobile has-medium-font-size\" style=\"margin-top:0;margin-right:16%;margin-bottom:0;margin-left:16%;padding-top:0;padding-right:0;padding-bottom:0;padding-left:0;grid-template-columns:29% auto\"><figure class=\"wp-block-media-text__media\"><img decoding=\"async\" src=\"https:\/\/www.futurewearableslab.fi\/devstaging\/wp-content\/uploads\/2024\/12\/satu-jumisko-pyykko.jpg\" alt=\"\" class=\"wp-image-2335 size-full\"\/><\/figure><div class=\"wp-block-media-text__content\">\n<p>Satu Jumisko-Pyykk\u00f6<br>Adjunct professor &amp; Principal Research Scientist<br>satu.jumisko-pyykko@hamk.fi<br>+358503522837<\/p>\n<\/div><\/div>\n\n\n\n<div class=\"wp-block-media-text alignfull is-stacked-on-mobile has-medium-font-size\" style=\"margin-top:0;margin-right:16%;margin-bottom:0;margin-left:16%;padding-top:0;padding-right:0;padding-bottom:0;padding-left:0;grid-template-columns:29% auto\"><figure class=\"wp-block-media-text__media\"><img decoding=\"async\" src=\"https:\/\/www.futurewearableslab.fi\/devstaging\/wp-content\/uploads\/2024\/12\/kimmo-vanni.jpg\" alt=\"\" class=\"wp-image-2334 size-full\"\/><\/figure><div class=\"wp-block-media-text__content\">\n<p>Kimmo V\u00e4nni<br>Principal Research Scientist &amp; Project Manager<br>kimmo.vanni@hamk.fi<br>+358504471117<br><br>\u2028<\/p>\n<\/div><\/div>\n\n\n\n<div class=\"wp-block-media-text alignfull is-stacked-on-mobile has-medium-font-size\" style=\"border-style:none;border-width:0px;margin-top:0;margin-right:16%;margin-bottom:0;margin-left:16%;padding-top:0;padding-right:0;padding-bottom:0;padding-left:0;grid-template-columns:29% auto\"><figure class=\"wp-block-media-text__media\"><img decoding=\"async\" src=\"https:\/\/www.futurewearableslab.fi\/devstaging\/wp-content\/uploads\/2024\/12\/heidi-kerkola.jpg\" alt=\"\" class=\"wp-image-2333 size-full\"\/><\/figure><div class=\"wp-block-media-text__content\">\n<p>Heidi Kerkola<br>Development Specialist &amp; Project Manager<br>heidi.kerkola@hamk.fi\u2028+358503410263<\/p>\n<\/div><\/div>\n\n\n\n<div style=\"height:100px\" aria-hidden=\"true\" class=\"wp-block-spacer\"><\/div>\n\n\n\n<h3 class=\"wp-block-heading has-text-align-center\">TAMK Sustainable and Smart materials team<\/h3>\n\n\n\n<p class=\"has-text-align-center\"><br><br><br>Minna Varheenmaa, projektip\u00e4\u00e4llikk\u00f6, minna.varheenmaa@tuni.fi<br>Marja Rissanen, asiantuntija, marja.rissanen@tuni.fi <br>Tiina Ylinen, asiantuntija, tiina.ylinen@tuni.fi <br>Silja Kostia, asiantuntija, silja.kostia@tuni.fi<\/p>\n\n\n\n<p class=\"has-text-align-center\">\u2028<\/p>\n\n\n\n<p class=\"has-text-align-center\"><strong>Updates regarding the website can be sent to heidi.kerkola@hamk.fi<\/strong><\/p>\n\n\n\n<p><\/p>","protected":false},"excerpt":{"rendered":"<p>CONTAC US HAMK Tech Research Unit&#8217;s team Satu Jumisko-Pyykk\u00f6Adjunct professor &amp; Principal Research Scientistsatu.jumisko-pyykko@hamk.fi+358503522837 Kimmo V\u00e4nniPrincipal Research Scientist &amp; Project Managerkimmo.vanni@hamk.fi+358504471117 \u2028 Heidi KerkolaDevelopment Specialist &amp; Project Managerheidi.kerkola@hamk.fi\u2028+358503410263 TAMK Sustainable and Smart materials team Minna Varheenmaa, projektip\u00e4\u00e4llikk\u00f6, minna.varheenmaa@tuni.fiMarja Rissanen, asiantuntija, marja.rissanen@tuni.fi Tiina Ylinen, asiantuntija, tiina.ylinen@tuni.fi Silja Kostia, asiantuntija, silja.kostia@tuni.fi \u2028 Updates regarding the website can [&hellip;]<\/p>","protected":false},"author":1,"featured_media":0,"parent":0,"menu_order":0,"comment_status":"closed","ping_status":"closed","template":"","meta":{"_eb_attr":"","site-sidebar-layout":"default","site-content-layout":"","ast-site-content-layout":"default","site-content-style":"default","site-sidebar-style":"default","ast-global-header-display":"","ast-banner-title-visibility":"","ast-main-header-display":"","ast-hfb-above-header-display":"","ast-hfb-below-header-display":"","ast-hfb-mobile-header-display":"","site-post-title":"","ast-breadcrumbs-content":"","ast-featured-img":"","footer-sml-layout":"","theme-transparent-header-meta":"","adv-header-id-meta":"","stick-header-meta":"","header-above-stick-meta":"","header-main-stick-meta":"","header-below-stick-meta":"","astra-migrate-meta-layouts":"set","ast-page-background-enabled":"default","ast-page-background-meta":{"desktop":{"background-color":"var(--ast-global-color-4)","background-image":"","background-repeat":"repeat","background-position":"center center","background-size":"auto","background-attachment":"scroll","background-type":"","background-media":"","overlay-type":"","overlay-color":"","overlay-opacity":"","overlay-gradient":""},"tablet":{"background-color":"","background-image":"","background-repeat":"repeat","background-position":"center center","background-size":"auto","background-attachment":"scroll","background-type":"","background-media":"","overlay-type":"","overlay-color":"","overlay-opacity":"","overlay-gradient":""},"mobile":{"background-color":"","background-image":"","background-repeat":"repeat","background-position":"center center","background-size":"auto","background-attachment":"scroll","background-type":"","background-media":"","overlay-type":"","overlay-color":"","overlay-opacity":"","overlay-gradient":""}},"ast-content-background-meta":{"desktop":{"background-color":"var(--ast-global-color-5)","background-image":"","background-repeat":"repeat","background-position":"center center","background-size":"auto","background-attachment":"scroll","background-type":"","background-media":"","overlay-type":"","overlay-color":"","overlay-opacity":"","overlay-gradient":""},"tablet":{"background-color":"var(--ast-global-color-5)","background-image":"","background-repeat":"repeat","background-position":"center center","background-size":"auto","background-attachment":"scroll","background-type":"","background-media":"","overlay-type":"","overlay-color":"","overlay-opacity":"","overlay-gradient":""},"mobile":{"background-color":"var(--ast-global-color-5)","background-image":"","background-repeat":"repeat","background-position":"center center","background-size":"auto","background-attachment":"scroll","background-type":"","background-media":"","overlay-type":"","overlay-color":"","overlay-opacity":"","overlay-gradient":""}},"footnotes":""},"class_list":["post-2065","page","type-page","status-publish","hentry"],"_links":{"self":[{"href":"https:\/\/www.futurewearableslab.fi\/fi\/wp-json\/wp\/v2\/pages\/2065","targetHints":{"allow":["GET"]}}],"collection":[{"href":"https:\/\/www.futurewearableslab.fi\/fi\/wp-json\/wp\/v2\/pages"}],"about":[{"href":"https:\/\/www.futurewearableslab.fi\/fi\/wp-json\/wp\/v2\/types\/page"}],"author":[{"embeddable":true,"href":"https:\/\/www.futurewearableslab.fi\/fi\/wp-json\/wp\/v2\/users\/1"}],"replies":[{"embeddable":true,"href":"https:\/\/www.futurewearableslab.fi\/fi\/wp-json\/wp\/v2\/comments?post=2065"}],"version-history":[{"count":4,"href":"https:\/\/www.futurewearableslab.fi\/fi\/wp-json\/wp\/v2\/pages\/2065\/revisions"}],"predecessor-version":[{"id":2182,"href":"https:\/\/www.futurewearableslab.fi\/fi\/wp-json\/wp\/v2\/pages\/2065\/revisions\/2182"}],"wp:attachment":[{"href":"https:\/\/www.futurewearableslab.fi\/fi\/wp-json\/wp\/v2\/media?parent=2065"}],"curies":[{"name":"wp","href":"https:\/\/api.w.org\/{rel}","templated":true}]}}